{"id":28480,"date":"2023-05-04T10:15:12","date_gmt":"2023-05-04T08:15:12","guid":{"rendered":"https:\/\/www.zunder.com\/contacto\/"},"modified":"2024-03-20T12:00:28","modified_gmt":"2024-03-20T11:00:28","slug":"contacto","status":"publish","type":"page","link":"https:\/\/www.zunder.com\/ca\/contacto\/","title":{"rendered":"Contacto"},"content":{"rendered":"<p>[et_pb_section fb_built=&#8221;1&#8243; _builder_version=&#8221;4.20.2&#8243; _module_preset=&#8221;42affb73-ad2b-4d0c-8fab-fabed56c6857&#8243; global_module=&#8221;15757&#8243; saved_tabs=&#8221;all&#8221; collapsed=&#8221;off&#8221; global_colors_info=&#8221;{}&#8221;][et_pb_row _builder_version=&#8221;4.21.0&#8243; _module_preset=&#8221;default&#8221; collapsed=&#8221;off&#8221; global_colors_info=&#8221;{}&#8221;][et_pb_column type=&#8221;4_4&#8243; _builder_version=&#8221;4.20.2&#8243; _module_preset=&#8221;default&#8221; global_colors_info=&#8221;{}&#8221;][et_pb_text _builder_version=&#8221;4.21.0&#8243; _dynamic_attributes=&#8221;content&#8221; _module_preset=&#8221;default&#8221; header_text_align=&#8221;center&#8221; global_colors_info=&#8221;{}&#8221;]@ET-DC@eyJkeW5hbWljIjp0cnVlLCJjb250ZW50IjoicG9zdF90aXRsZSIsInNldHRpbmdzIjp7ImJlZm9yZSI6IjxoMT4iLCJhZnRlciI6IjxcL2gxPiJ9fQ==@[\/et_pb_text][\/et_pb_column][\/et_pb_row][\/et_pb_section][et_pb_section fb_built=&#8221;1&#8243; _builder_version=&#8221;4.20.2&#8243; _module_preset=&#8221;fefe5a54-b250-46a2-abcd-6042bebe7c69&#8243; custom_padding=&#8221;0px|||||&#8221; global_colors_info=&#8221;{}&#8221;][et_pb_row column_structure=&#8221;2_5,3_5&#8243; _builder_version=&#8221;4.20.2&#8243; _module_preset=&#8221;2501d89e-bf58-4d50-88e9-0acbaefd5700&#8243; global_colors_info=&#8221;{}&#8221;][et_pb_column type=&#8221;2_5&#8243; _builder_version=&#8221;4.20.2&#8243; _module_preset=&#8221;384b0718-2a91-4abf-822d-dbb2c17fd9ba&#8221; global_colors_info=&#8221;{}&#8221;][et_pb_text _builder_version=&#8221;4.21.0&#8243; _module_preset=&#8221;default&#8221; custom_margin=&#8221;||32px||false|false&#8221; global_colors_info=&#8221;{}&#8221;]<\/p>\n<h2>Atenci\u00f3 al client<\/h2>\n<p>Si ets usuari de la xarxa de rec\u00e0rrega el\u00e8ctrica de Zunder i tens dubtes o algun tipus d&#8217;incid\u00e8ncia, truca\u2019ns. El nostre equip t&#8217;ajudar\u00e0 sense importar el dia i l&#8217;hora.<\/p>\n<p>[\/et_pb_text][et_pb_text _builder_version=&#8221;4.20.2&#8243; _module_preset=&#8221;default&#8221; custom_margin=&#8221;||32px||false|false&#8221; global_colors_info=&#8221;{}&#8221;]<\/p>\n<h4>Tel\u00e8fon<\/h4>\n<p>+34 979 300 500<\/p>\n<p>[\/et_pb_text][et_pb_text _builder_version=&#8221;4.20.2&#8243; _module_preset=&#8221;default&#8221; global_colors_info=&#8221;{}&#8221;]<\/p>\n<h4>Correu electr\u00f2nic<\/h4>\n<p>info@zunder.com<\/p>\n<p>[\/et_pb_text][\/et_pb_column][et_pb_column type=&#8221;3_5&#8243; _builder_version=&#8221;4.20.2&#8243; _module_preset=&#8221;09d8407c-33a4-4f4e-8f4d-18f27cd3ad99&#8243; global_colors_info=&#8221;{}&#8221;][et_pb_text _builder_version=&#8221;4.20.2&#8243; _module_preset=&#8221;default&#8221; custom_margin=&#8221;||32px||false|false&#8221; global_colors_info=&#8221;{}&#8221;]<\/p>\n<h2>Contacte<\/h2>\n<p>Si et venen preguntes sobre Zunder o vols proposar-nos alguna idea superfant\u00e0stica, escriu-nos i ens posarem en contacte amb tu.<\/p>\n<p>[\/et_pb_text][dsm_contact_form_7 cf7_library=&#8221;17003&#8243; module_id=&#8221;formulario-generico&#8221; _builder_version=&#8221;4.21.0&#8243; _module_preset=&#8221;a4466e46-fbe1-450a-a804-b20b9f32e0c3&#8243; global_colors_info=&#8221;{}&#8221;][\/dsm_contact_form_7][et_pb_text disabled_on=&#8221;off|off|off&#8221; module_id=&#8221;gracias-formulario&#8221; _builder_version=&#8221;4.21.0&#8243; _module_preset=&#8221;default&#8221; link_font=&#8221;||||on||||&#8221; header_2_font=&#8221;|600|||||||&#8221; header_2_font_size=&#8221;32px&#8221; background_enable_image=&#8221;off&#8221; background_size=&#8221;initial&#8221; background_position=&#8221;top_right&#8221; custom_padding=&#8221;||||false|false&#8221; custom_css_main_element=&#8221;display:none;&#8221; global_module=&#8221;22431&#8243; saved_tabs=&#8221;all&#8221; global_colors_info=&#8221;{%22gcid-76beaf44-2ae6-45fb-85a5-201d1855ff8c%22:%91%22header_5_text_color%22,%22header_4_text_color%22,%22header_3_text_color%22%93,%22gcid-1c25c2de-3d5e-4b3e-900d-a8287cafdd86%22:%91%22header_6_text_color%22,%22header_5_text_color%22,%22header_4_text_color%22,%22header_3_text_color%22%93}&#8221;]<\/p>\n<h2>\u00a1Gracias por ponerte en contacto con nosotros!<\/h2>\n<p>En breve recibir\u00e1s un correo electr\u00f3nico para confirmar la recepci\u00f3n de tu solicitud o comentario mientras dirigimos tu mensaje al \u00e1rea correspondiente.<\/p>\n<p>Para enviar una nueva solicitud, pulse <a href=\"#\"><u>aqu\u00ed<\/u><\/a><\/p>\n<p>[\/et_pb_text][\/et_pb_column][\/et_pb_row][\/et_pb_section]<\/p>\n","protected":false},"excerpt":{"rendered":"<p>Atenci\u00f3 al client Si ets usuari de la xarxa de rec\u00e0rrega el\u00e8ctrica de Zunder i tens dubtes o algun tipus d&#8217;incid\u00e8ncia, truca\u2019ns. El nostre equip t&#8217;ajudar\u00e0 sense importar el dia i l&#8217;hora.Tel\u00e8fon +34 979 300 500Correu electr\u00f2nic info@zunder.comContacte Si et venen preguntes sobre Zunder o vols proposar-nos alguna idea superfant\u00e0stica, escriu-nos i ens posarem en [&hellip;]<\/p>\n","protected":false},"author":1,"featured_media":0,"parent":0,"menu_order":0,"comment_status":"closed","ping_status":"closed","template":"","meta":{"_acf_changed":false,"_et_pb_use_builder":"on","_et_pb_old_content":"","_et_gb_content_width":"","inline_featured_image":false,"footnotes":""},"class_list":["post-28480","page","type-page","status-publish","hentry"],"acf":[],"yoast_head":"<!-- This site is optimized with the Yoast SEO plugin v27.4 - https:\/\/yoast.com\/product\/yoast-seo-wordpress\/ -->\n<title>Contacto - Zunder<\/title>\n<meta name=\"robots\" content=\"index, follow, max-snippet:-1, max-image-preview:large, max-video-preview:-1\" \/>\n<link rel=\"canonical\" href=\"https:\/\/www.zunder.com\/ca\/contacto\/\" \/>\n<meta property=\"og:locale\" content=\"ca_ES\" \/>\n<meta property=\"og:type\" content=\"article\" \/>\n<meta property=\"og:title\" content=\"Contacto - Zunder\" \/>\n<meta property=\"og:description\" content=\"Atenci\u00f3 al client Si ets usuari de la xarxa de rec\u00e0rrega el\u00e8ctrica de Zunder i tens dubtes o algun tipus d&#039;incid\u00e8ncia, truca\u2019ns. El nostre equip t&#039;ajudar\u00e0 sense importar el dia i l&#039;hora.Tel\u00e8fon +34 979 300 500Correu electr\u00f2nic info@zunder.comContacte Si et venen preguntes sobre Zunder o vols proposar-nos alguna idea superfant\u00e0stica, escriu-nos i ens posarem en [&hellip;]\" \/>\n<meta property=\"og:site_name\" content=\"Zunder\" \/>\n<meta property=\"article:modified_time\" content=\"2024-03-20T11:00:28+00:00\" \/>\n<meta name=\"twitter:card\" content=\"summary_large_image\" \/>\n<meta name=\"twitter:label1\" content=\"Temps estimat de lectura\" \/>\n\t<meta name=\"twitter:data1\" content=\"2 minuts\" \/>\n<script type=\"application\/ld+json\" class=\"yoast-schema-graph\">{\"@context\":\"https:\\\/\\\/schema.org\",\"@graph\":[{\"@type\":\"WebPage\",\"@id\":\"https:\\\/\\\/www.zunder.com\\\/ca\\\/contacto\\\/\",\"url\":\"https:\\\/\\\/www.zunder.com\\\/ca\\\/contacto\\\/\",\"name\":\"Contacto - Zunder\",\"isPartOf\":{\"@id\":\"https:\\\/\\\/www.zunder.com\\\/ca\\\/#website\"},\"datePublished\":\"2023-05-04T08:15:12+00:00\",\"dateModified\":\"2024-03-20T11:00:28+00:00\",\"breadcrumb\":{\"@id\":\"https:\\\/\\\/www.zunder.com\\\/ca\\\/contacto\\\/#breadcrumb\"},\"inLanguage\":\"ca\",\"potentialAction\":[{\"@type\":\"ReadAction\",\"target\":[\"https:\\\/\\\/www.zunder.com\\\/ca\\\/contacto\\\/\"]}]},{\"@type\":\"BreadcrumbList\",\"@id\":\"https:\\\/\\\/www.zunder.com\\\/ca\\\/contacto\\\/#breadcrumb\",\"itemListElement\":[{\"@type\":\"ListItem\",\"position\":1,\"name\":\"Portada\",\"item\":\"https:\\\/\\\/www.zunder.com\\\/ca\\\/\"},{\"@type\":\"ListItem\",\"position\":2,\"name\":\"Contacto\"}]},{\"@type\":\"WebSite\",\"@id\":\"https:\\\/\\\/www.zunder.com\\\/ca\\\/#website\",\"url\":\"https:\\\/\\\/www.zunder.com\\\/ca\\\/\",\"name\":\"Zunder\",\"description\":\"Charging Hero\",\"potentialAction\":[{\"@type\":\"SearchAction\",\"target\":{\"@type\":\"EntryPoint\",\"urlTemplate\":\"https:\\\/\\\/www.zunder.com\\\/ca\\\/?s={search_term_string}\"},\"query-input\":{\"@type\":\"PropertyValueSpecification\",\"valueRequired\":true,\"valueName\":\"search_term_string\"}}],\"inLanguage\":\"ca\"}]}<\/script>\n<!-- \/ Yoast SEO plugin. -->","yoast_head_json":{"title":"Contacto - Zunder","robots":{"index":"index","follow":"follow","max-snippet":"max-snippet:-1","max-image-preview":"max-image-preview:large","max-video-preview":"max-video-preview:-1"},"canonical":"https:\/\/www.zunder.com\/ca\/contacto\/","og_locale":"ca_ES","og_type":"article","og_title":"Contacto - Zunder","og_site_name":"Zunder","article_modified_time":"2024-03-20T11:00:28+00:00","twitter_card":"summary_large_image","twitter_misc":{"Temps estimat de lectura":"2 minuts"},"schema":{"@context":"https:\/\/schema.org","@graph":[{"@type":"WebPage","@id":"https:\/\/www.zunder.com\/ca\/contacto\/","url":"https:\/\/www.zunder.com\/ca\/contacto\/","name":"Contacto - Zunder","isPartOf":{"@id":"https:\/\/www.zunder.com\/ca\/#website"},"datePublished":"2023-05-04T08:15:12+00:00","dateModified":"2024-03-20T11:00:28+00:00","breadcrumb":{"@id":"https:\/\/www.zunder.com\/ca\/contacto\/#breadcrumb"},"inLanguage":"ca","potentialAction":[{"@type":"ReadAction","target":["https:\/\/www.zunder.com\/ca\/contacto\/"]}]},{"@type":"BreadcrumbList","@id":"https:\/\/www.zunder.com\/ca\/contacto\/#breadcrumb","itemListElement":[{"@type":"ListItem","position":1,"name":"Portada","item":"https:\/\/www.zunder.com\/ca\/"},{"@type":"ListItem","position":2,"name":"Contacto"}]},{"@type":"WebSite","@id":"https:\/\/www.zunder.com\/ca\/#website","url":"https:\/\/www.zunder.com\/ca\/","name":"Zunder","description":"Charging Hero","potentialAction":[{"@type":"SearchAction","target":{"@type":"EntryPoint","urlTemplate":"https:\/\/www.zunder.com\/ca\/?s={search_term_string}"},"query-input":{"@type":"PropertyValueSpecification","valueRequired":true,"valueName":"search_term_string"}}],"inLanguage":"ca"}]}},"_links":{"self":[{"href":"https:\/\/www.zunder.com\/ca\/wp-json\/wp\/v2\/pages\/28480","targetHints":{"allow":["GET"]}}],"collection":[{"href":"https:\/\/www.zunder.com\/ca\/wp-json\/wp\/v2\/pages"}],"about":[{"href":"https:\/\/www.zunder.com\/ca\/wp-json\/wp\/v2\/types\/page"}],"author":[{"embeddable":true,"href":"https:\/\/www.zunder.com\/ca\/wp-json\/wp\/v2\/users\/1"}],"replies":[{"embeddable":true,"href":"https:\/\/www.zunder.com\/ca\/wp-json\/wp\/v2\/comments?post=28480"}],"version-history":[{"count":4,"href":"https:\/\/www.zunder.com\/ca\/wp-json\/wp\/v2\/pages\/28480\/revisions"}],"predecessor-version":[{"id":32781,"href":"https:\/\/www.zunder.com\/ca\/wp-json\/wp\/v2\/pages\/28480\/revisions\/32781"}],"wp:attachment":[{"href":"https:\/\/www.zunder.com\/ca\/wp-json\/wp\/v2\/media?parent=28480"}],"curies":[{"name":"wp","href":"https:\/\/api.w.org\/{rel}","templated":true}]}}