{"id":28483,"date":"2023-05-24T12:29:56","date_gmt":"2023-05-24T10:29:56","guid":{"rendered":"https:\/\/www.zunder.com\/avis-legal\/"},"modified":"2025-07-23T10:59:02","modified_gmt":"2025-07-23T08:59:02","slug":"avis-legal","status":"publish","type":"page","link":"https:\/\/www.zunder.com\/ca\/avis-legal\/","title":{"rendered":"Av\u00eds legal"},"content":{"rendered":"<p>[et_pb_section fb_built=&#8221;1&#8243; _builder_version=&#8221;4.20.2&#8243; _module_preset=&#8221;42affb73-ad2b-4d0c-8fab-fabed56c6857&#8243; global_colors_info=&#8221;{}&#8221;][et_pb_row _builder_version=&#8221;4.21.0&#8243; _module_preset=&#8221;default&#8221; global_colors_info=&#8221;{}&#8221;][et_pb_column type=&#8221;4_4&#8243; _builder_version=&#8221;4.20.2&#8243; _module_preset=&#8221;default&#8221; global_colors_info=&#8221;{}&#8221;][et_pb_text _builder_version=&#8221;4.21.0&#8243; _dynamic_attributes=&#8221;content&#8221; _module_preset=&#8221;default&#8221; header_text_align=&#8221;left&#8221; global_colors_info=&#8221;{}&#8221;]@ET-DC@eyJkeW5hbWljIjp0cnVlLCJjb250ZW50IjoicG9zdF90aXRsZSIsInNldHRpbmdzIjp7ImJlZm9yZSI6IjxoMT4iLCJhZnRlciI6IjxcL2gxPiJ9fQ==@[\/et_pb_text][\/et_pb_column][\/et_pb_row][\/et_pb_section][et_pb_section fb_built=&#8221;1&#8243; _builder_version=&#8221;4.21.0&#8243; _module_preset=&#8221;fefe5a54-b250-46a2-abcd-6042bebe7c69&#8243; global_colors_info=&#8221;{}&#8221;][et_pb_row _builder_version=&#8221;4.21.0&#8243; _module_preset=&#8221;default&#8221; global_colors_info=&#8221;{}&#8221;][et_pb_column type=&#8221;4_4&#8243; _builder_version=&#8221;4.21.0&#8243; _module_preset=&#8221;default&#8221; global_colors_info=&#8221;{}&#8221;][et_pb_text _builder_version=&#8221;4.27.4&#8243; _module_preset=&#8221;default&#8221; global_colors_info=&#8221;{}&#8221;]<\/p>\n<p>En aquest Av\u00eds Legal, l&#8217;Usuari, podr\u00e0 trobar tota la informaci\u00f3 relativa a les condicions legals que defineixen les relacions entre els usuaris i el responsable de la p\u00e0gina web accessible a l&#8217;adre\u00e7a URL https:\/\/www.zunder.com\/ (en endavant, el Lloc Web), que GRUPO EASYCHARGER SA posa a la disposici\u00f3 dels usuaris d&#8217;Internet.<\/p>\n<p>L\u2019\u00fas del lloc web implica l&#8217;acceptaci\u00f3 plena i sense reserves de totes i cadascuna de les disposicions incloses en aquest Av\u00eds Legal. En conseq\u00fc\u00e8ncia, l&#8217;usuari del lloc web ha de llegir atentament aquest Av\u00eds Legal en cadascuna de les ocasions en qu\u00e8 es proposi utilitzar el web, ja que el text podria patir modificacions a criteri del titular del web, o a causa d&#8217;un canvi legislatiu, jurisprudencial o a la pr\u00e0ctica empresarial. <\/p>\n<p><strong>1.- DADES DEL TITULAR RESPONSABLE DEL LLOC WEB<\/strong><\/p>\n<p>Nom del titular: GRUPO EASYCHARGER SA<\/p>\n<p>Domicili social: Plaza Padres Dominicos s\/n 34005 Palencia<\/p>\n<p>CIF: A34277434<\/p>\n<p>Tel\u00e8fon de contacte 979300500<\/p>\n<p>Correu electr\u00f2nic: <a href=\"mailto:privacidad@zunder.com\">privacidad@zunder.com<\/a><\/p>\n<p>Inscrita en el Registre Mercantil de Pal\u00e8ncia, Full P-7870 Tom 502 Foli 30<\/p>\n<p>GRUPO EASYCHARGER SA \u00e9s el responsable del Lloc Web i es compromet a complir tots els requisits nacionals i europeus que regulen l&#8217;\u00fas de les dades personals dels usuaris.<\/p>\n<p>Aquest Lloc Web garanteix la protecci\u00f3 i la confidencialitat de les dades personals que ens proporcionin d&#8217;acord amb el que disposa el Reglament General de Protecci\u00f3 de Dades de Car\u00e0cter Personal (UE) 2016\/679 del Parlament Europeu i del Consell, de 27 d&#8217;abril de 2016, a la Llei Org\u00e0nica 3\/2018, de Protecci\u00f3 de Dades Personals i garantia dels drets digitals, aix\u00ed com a la Llei de Serveis de la Societat de la Informaci\u00f3 i Comer\u00e7 Electr\u00f2nic 34\/2002 d&#8217;11 de juliol (LSSI-CE).<\/p>\n<p><strong>2.- OBJECTE<\/strong><\/p>\n<p>El Lloc Web facilita als usuaris l&#8217;acc\u00e9s a informaci\u00f3 i serveis prestats per GRUPO EASYCHARGER SA a aquelles persones o organitzacions interessades.<\/p>\n<p>L&#8217;acc\u00e9s i l\u2019\u00fas del Lloc Web atribueix la condici\u00f3 d&#8217;usuari del Lloc Web (d&#8217;ara endavant, \u00abl&#8217;Usuari\u00bb) i implica l&#8217;acceptaci\u00f3 de totes les condicions incloses en aquest Av\u00eds Legal aix\u00ed com de les seves modificacions. La prestaci\u00f3 del servei del Lloc Web t\u00e9 una durada limitada al moment en qu\u00e8 l&#8217;Usuari estigui connectat al Lloc Web o a algun dels serveis que es faciliten. Per tant, l&#8217;Usuari ha de llegir atentament aquest Av\u00eds Legal en cadascuna de les ocasions en qu\u00e8 es proposi utilitzar el Lloc Web, ja que aquest i les seves condicions d&#8217;\u00fas recollides al present Av\u00eds Legal poden patir modificacions.  <\/p>\n<p><strong>3.- ACC\u00c9S I \u00daS DEL WEB<\/strong><\/p>\n<p>3.1.- Car\u00e0cter gratu\u00eft de l&#8217;acc\u00e9s i l\u2019\u00fas del web. L&#8217;acc\u00e9s al web t\u00e9 car\u00e0cter gratu\u00eft per als usuaris, llevat del cost de la connexi\u00f3 a trav\u00e9s de la xarxa de telecomunicacions subministrada pel prove\u00efdor d&#8217;acc\u00e9s contractat pels usuaris. <\/p>\n<p>3.2.- Registre d\u2019usuaris. Amb car\u00e0cter general, l&#8217;acc\u00e9s i \u00fas del web no exigeix \u200b\u200bla pr\u00e8via subscripci\u00f3 o registre dels usuaris. <\/p>\n<p>3.3.- Els usuaris garanteixen i responen, en qualsevol cas, de l&#8217;exactitud, vig\u00e8ncia i autenticitat de les dades personals facilitades, i es comprometen a mantenir-les degudament actualitzades. L&#8217;usuari accepta proporcionar informaci\u00f3 completa i correcta al formulari de contacte o subscripci\u00f3. <\/p>\n<p>En el cas dels menors de catorze anys es requereix el consentiment dels pares o tutors per al tractament de les dades personals.<\/p>\n<p>En cap cas no es demanar\u00e0 a un menor d&#8217;edat dades relatives a la situaci\u00f3 professional, econ\u00f2mica o a la intimitat dels altres membres de la fam\u00edlia, sense el seu consentiment. Si sou menor de catorze anys i heu accedit a aquest lloc web sense avisar els vostres pares, no us heu de registrar com a usuari. <\/p>\n<p>En aquesta web es respecten i cuiden les dades personals dels usuaris. Com a usuaris heu de saber que els vostres drets estan garantits. <\/p>\n<p><strong>4.- CONTINGUT DEL WEB<\/strong><\/p>\n<p>Sens perjudici dels continguts web facilitats en diversos idiomes, l&#8217;idioma utilitzat pel titular al web ser\u00e0 l &#8216;espanyol i en cas de discrep\u00e0ncia, prevaldr\u00e0 sobre la resta. GRUP EASYCHARGER SA no es responsabilitza de la no comprensi\u00f3 o entesa del\/s idioma\/s de la web per l&#8217;usuari, ni de les seves conseq\u00fc\u00e8ncies. <\/p>\n<p>GRUPO EASYCHARGER SA podr\u00e0 modificar el contingut sense previ av\u00eds, aix\u00ed com suprimir-los i canviar-los dins del web, aix\u00ed com la manera com s\u2019hi accedeix, sense cap justificaci\u00f3 i lliurement, no responsabilitzant-se de les conseq\u00fc\u00e8ncies que puguin ocasionar als usuaris.<\/p>\n<p>Es prohibeix l&#8217;\u00fas del contingut del web per promocionar, contractar o divulgar publicitat o informaci\u00f3 pr\u00f2pia o de terceres persones sense l&#8217;autoritzaci\u00f3 de GRUPO EASYCHARGER SA, ni remetre publicitat o informaci\u00f3 fent servir els serveis o informaci\u00f3 que es posen a disposici\u00f3 dels usuaris, independentment de si la utilitzaci\u00f3 \u00e9s gratu\u00efta o no.<\/p>\n<p>Els enlla\u00e7os o hiperenlla\u00e7os que incorporin tercers a les seves p\u00e0gines web, dirigits a aquesta web, seran per a l&#8217;obertura de la p\u00e0gina web completa, no podent manifestar, directament o indirectament, indicacions falses, inexactes o confuses, ni inc\u00f3rrer en accions deslleials o il\u00b7l\u00edcites en contra.<\/p>\n<p><strong>5.- MESURES DE SEGURETAT<\/strong><\/p>\n<p>Les dades personals comunicades per l&#8217;usuari podran ser emmagatzemades en bases de dades automatitzades o no, la titularitat de les quals correspon en exclusiva a GRUPO EASYCHARGER SA, assumint totes les mesures d&#8217;\u00edndole t\u00e8cnica, organitzativa i de seguretat que garanteixin la confidencialitat, integritat i qualitat de la informaci\u00f3 continguda en aquestes d&#8217;acord amb l\u2019establert a les normatives vigents en mat\u00e8ria de protecci\u00f3 de dades de car\u00e0cter personal.<\/p>\n<p><strong>6.- LIMITACI\u00d3 DE RESPONSABILITAT<\/strong><\/p>\n<p>Tant l&#8217;acc\u00e9s al web com l&#8217;\u00fas no consentit que es pugui efectuar de la informaci\u00f3 que cont\u00e9 \u00e9s de l&#8217;exclusiva responsabilitat de qui el realitza. GRUPO EASYCHARGER SA no respondr\u00e0 de cap conseq\u00fc\u00e8ncia, dany o perjudici que poguessin derivar-se d\u2019aquest acc\u00e9s o \u00fas. Tampoc no es fa responsable dels errors de seguretat, que es puguin produir ni dels danys que puguin causar-se al sistema inform\u00e0tic de l&#8217;usuari (hardware i software), o als fitxers o documents emmagatzemats en aquest, a conseq\u00fc\u00e8ncia de:  <\/p>\n<ol>\n<li>la pres\u00e8ncia d&#8217;un virus a l&#8217;ordinador de l&#8217;usuari que sigui utilitzat per a la connexi\u00f3 als serveis i continguts del web,<\/li>\n<li>un mal funcionament del navegador,<\/li>\n<li>i\/o de l&#8217;\u00fas de versions no actualitzades del mateix.<\/li>\n<\/ol>\n<p>GRUPO EASYCHARGER SA no es fa responsable de la fiabilitat i rapidesa dels hiperenlla\u00e7os que s&#8217;incorporin al web per a l&#8217;obertura d&#8217;altres. Tampoc no garanteix la utilitat d&#8217;aquests enlla\u00e7os, ni es responsabilitza dels continguts o serveis als quals pugui accedir l&#8217;usuari per mitj\u00e0 d&#8217;aquests enlla\u00e7os, ni del bon funcionament d&#8217;aquestes webs. <\/p>\n<p>GRUPO EASYCHARGER SA no ser\u00e0 responsable dels virus o altres programes inform\u00e0tics que deteriorin o puguin deteriorar els sistemes o equips inform\u00e0tics dels usuaris en accedir a la seva web o altres webs a qu\u00e8 s&#8217;hagi accedit mitjan\u00e7ant enlla\u00e7os d&#8217;aquest web.<\/p>\n<p><strong>7.- \u00daS DE LA TECNOLOGIA DE \u00abCOOKIES\u00bb<\/strong><\/p>\n<p>El Lloc Web pot emprar cookies o tecnologies similars que es regiran per l\u2019establert a la Pol\u00edtica de Cookies, accessible en tot moment i respectant la confidencialitat i intimitat de l&#8217;usuari, sent part integrant del present Av\u00eds Legal.<\/p>\n<p><strong>8.- NAVEGACI\u00d3<\/strong><\/p>\n<p>Els servidors d\u2019Internet poden recollir dades no identificables, que puguin incloure, adreces IP i altres dades que no poden ser utilitzades per identificar l\u2019usuari. La vostra adre\u00e7a IP s&#8217;emmagatzemar\u00e0 als logs d&#8217;acc\u00e9s de forma autom\u00e0tica i amb l&#8217;\u00fanica finalitat de permetre el tr\u00e0nsit per Internet, i \u00e9s necessari que el vostre equip faciliti aquesta adre\u00e7a IP quan navega per Internet perqu\u00e8 les comunicacions es puguin fer. Aix\u00ed mateix, l&#8217;adre\u00e7a IP podr\u00e0 ser utilitzada per realitzar estad\u00edstiques, de manera anonimitzada, sobre el nombre de visitants d&#8217;aquesta web i la seva proced\u00e8ncia, de manera totalment transparent a la navegaci\u00f3.  <\/p>\n<p><strong>9.- PROPIETAT INTEL\u00b7LECTUAL I INDUSTRIAL<\/strong><\/p>\n<p>L&#8217;usuari coneix i accepta que tots els continguts i qualssevol altres elements del lloc web s\u00f3n propietat de GRUPO EASYCHARGER SA, i es compromet a respectar els drets de propietat intel\u00b7lectual i industrial titularitat del mateix i de tercers. Qualsevol \u00fas de la web o els seus continguts haur\u00e0 de tenir un car\u00e0cter exclusivament particular.<\/p>\n<p>Est\u00e0 reservat exclusivament a GRUPO EASYCHARGER SA, qualsevol altre \u00fas que suposi la c\u00f2pia, reproducci\u00f3, distribuci\u00f3, transformaci\u00f3, comunicaci\u00f3 p\u00fablica o qualsevol altra acci\u00f3 similar, de tot o part dels continguts del web, per la qual cosa cap usuari no podr\u00e0 dur a terme aquestes accions sense l\u2019autoritzaci\u00f3 pr\u00e8via i per escrit del primer.<\/p>\n<p><strong>10.- LEGISLACI\u00d3 APLICABLE I JURISDICCI\u00d3 COMPETENT<\/strong><\/p>\n<p>Aquest Av\u00eds Legal s&#8217;interpretar\u00e0 i es regir\u00e0 de conformitat amb la legislaci\u00f3 espanyola. GRUPO EASYCHARGER SA i els usuaris, amb ren\u00fancia expressa a qualsevol altre fur que els pogu\u00e9s correspondre, se sotmeten al dels jutjats i tribunals del domicili de l&#8217;usuari per a qualsevol controv\u00e8rsia que pogu\u00e9s derivar-se de l&#8217;acc\u00e9s o \u00fas del web. En cas que l&#8217;usuari tingui el domicili fora d&#8217;Espanya, GRUPO EASYCHARGER SA i l&#8217;usuari se sotmeten, amb ren\u00fancia expressa a qualsevol altre fur, als jutjats i tribunals de la ciutat de Pal\u00e8ncia.  <\/p>\n<p>[\/et_pb_text][\/et_pb_column][\/et_pb_row][\/et_pb_section]<\/p>\n","protected":false},"excerpt":{"rendered":"<p>En aquest Av\u00eds Legal, l&#8217;Usuari, podr\u00e0 trobar tota la informaci\u00f3 relativa a les condicions legals que defineixen les relacions entre els usuaris i el responsable de la p\u00e0gina web accessible a l&#8217;adre\u00e7a URL https:\/\/www.zunder.com\/ (en endavant, el Lloc Web), que GRUPO EASYCHARGER SA posa a la disposici\u00f3 dels usuaris d&#8217;Internet. L\u2019\u00fas del lloc web implica [&hellip;]<\/p>\n","protected":false},"author":1,"featured_media":0,"parent":0,"menu_order":0,"comment_status":"closed","ping_status":"closed","template":"","meta":{"_acf_changed":false,"_et_pb_use_builder":"on","_et_pb_old_content":"","_et_gb_content_width":"","inline_featured_image":false,"footnotes":""},"class_list":["post-28483","page","type-page","status-publish","hentry"],"acf":[],"yoast_head":"<!-- This site is optimized with the Yoast SEO plugin v27.4 - https:\/\/yoast.com\/product\/yoast-seo-wordpress\/ -->\n<title>Av\u00eds legal - Zunder<\/title>\n<meta name=\"robots\" content=\"index, follow, max-snippet:-1, max-image-preview:large, max-video-preview:-1\" \/>\n<link rel=\"canonical\" href=\"https:\/\/www.zunder.com\/ca\/avis-legal\/\" \/>\n<meta property=\"og:locale\" content=\"ca_ES\" \/>\n<meta property=\"og:type\" content=\"article\" \/>\n<meta property=\"og:title\" content=\"Av\u00eds legal - Zunder\" \/>\n<meta property=\"og:description\" content=\"En aquest Av\u00eds Legal, l&#039;Usuari, podr\u00e0 trobar tota la informaci\u00f3 relativa a les condicions legals que defineixen les relacions entre els usuaris i el responsable de la p\u00e0gina web accessible a l&#039;adre\u00e7a URL https:\/\/www.zunder.com\/ (en endavant, el Lloc Web), que GRUPO EASYCHARGER SA posa a la disposici\u00f3 dels usuaris d&#039;Internet. L\u2019\u00fas del lloc web implica [&hellip;]\" \/>\n<meta property=\"og:site_name\" content=\"Zunder\" \/>\n<meta property=\"article:modified_time\" content=\"2025-07-23T08:59:02+00:00\" \/>\n<meta name=\"twitter:card\" content=\"summary_large_image\" \/>\n<meta name=\"twitter:label1\" content=\"Temps estimat de lectura\" \/>\n\t<meta name=\"twitter:data1\" content=\"8 minuts\" \/>\n<script type=\"application\/ld+json\" class=\"yoast-schema-graph\">{\"@context\":\"https:\\\/\\\/schema.org\",\"@graph\":[{\"@type\":\"WebPage\",\"@id\":\"https:\\\/\\\/www.zunder.com\\\/ca\\\/avis-legal\\\/\",\"url\":\"https:\\\/\\\/www.zunder.com\\\/ca\\\/avis-legal\\\/\",\"name\":\"Av\u00eds legal - Zunder\",\"isPartOf\":{\"@id\":\"https:\\\/\\\/www.zunder.com\\\/ca\\\/#website\"},\"datePublished\":\"2023-05-24T10:29:56+00:00\",\"dateModified\":\"2025-07-23T08:59:02+00:00\",\"breadcrumb\":{\"@id\":\"https:\\\/\\\/www.zunder.com\\\/ca\\\/avis-legal\\\/#breadcrumb\"},\"inLanguage\":\"ca\",\"potentialAction\":[{\"@type\":\"ReadAction\",\"target\":[\"https:\\\/\\\/www.zunder.com\\\/ca\\\/avis-legal\\\/\"]}]},{\"@type\":\"BreadcrumbList\",\"@id\":\"https:\\\/\\\/www.zunder.com\\\/ca\\\/avis-legal\\\/#breadcrumb\",\"itemListElement\":[{\"@type\":\"ListItem\",\"position\":1,\"name\":\"Portada\",\"item\":\"https:\\\/\\\/www.zunder.com\\\/ca\\\/\"},{\"@type\":\"ListItem\",\"position\":2,\"name\":\"Av\u00eds legal\"}]},{\"@type\":\"WebSite\",\"@id\":\"https:\\\/\\\/www.zunder.com\\\/ca\\\/#website\",\"url\":\"https:\\\/\\\/www.zunder.com\\\/ca\\\/\",\"name\":\"Zunder\",\"description\":\"Charging Hero\",\"potentialAction\":[{\"@type\":\"SearchAction\",\"target\":{\"@type\":\"EntryPoint\",\"urlTemplate\":\"https:\\\/\\\/www.zunder.com\\\/ca\\\/?s={search_term_string}\"},\"query-input\":{\"@type\":\"PropertyValueSpecification\",\"valueRequired\":true,\"valueName\":\"search_term_string\"}}],\"inLanguage\":\"ca\"}]}<\/script>\n<!-- \/ Yoast SEO plugin. -->","yoast_head_json":{"title":"Av\u00eds legal - Zunder","robots":{"index":"index","follow":"follow","max-snippet":"max-snippet:-1","max-image-preview":"max-image-preview:large","max-video-preview":"max-video-preview:-1"},"canonical":"https:\/\/www.zunder.com\/ca\/avis-legal\/","og_locale":"ca_ES","og_type":"article","og_title":"Av\u00eds legal - Zunder","og_site_name":"Zunder","article_modified_time":"2025-07-23T08:59:02+00:00","twitter_card":"summary_large_image","twitter_misc":{"Temps estimat de lectura":"8 minuts"},"schema":{"@context":"https:\/\/schema.org","@graph":[{"@type":"WebPage","@id":"https:\/\/www.zunder.com\/ca\/avis-legal\/","url":"https:\/\/www.zunder.com\/ca\/avis-legal\/","name":"Av\u00eds legal - Zunder","isPartOf":{"@id":"https:\/\/www.zunder.com\/ca\/#website"},"datePublished":"2023-05-24T10:29:56+00:00","dateModified":"2025-07-23T08:59:02+00:00","breadcrumb":{"@id":"https:\/\/www.zunder.com\/ca\/avis-legal\/#breadcrumb"},"inLanguage":"ca","potentialAction":[{"@type":"ReadAction","target":["https:\/\/www.zunder.com\/ca\/avis-legal\/"]}]},{"@type":"BreadcrumbList","@id":"https:\/\/www.zunder.com\/ca\/avis-legal\/#breadcrumb","itemListElement":[{"@type":"ListItem","position":1,"name":"Portada","item":"https:\/\/www.zunder.com\/ca\/"},{"@type":"ListItem","position":2,"name":"Av\u00eds legal"}]},{"@type":"WebSite","@id":"https:\/\/www.zunder.com\/ca\/#website","url":"https:\/\/www.zunder.com\/ca\/","name":"Zunder","description":"Charging Hero","potentialAction":[{"@type":"SearchAction","target":{"@type":"EntryPoint","urlTemplate":"https:\/\/www.zunder.com\/ca\/?s={search_term_string}"},"query-input":{"@type":"PropertyValueSpecification","valueRequired":true,"valueName":"search_term_string"}}],"inLanguage":"ca"}]}},"_links":{"self":[{"href":"https:\/\/www.zunder.com\/ca\/wp-json\/wp\/v2\/pages\/28483","targetHints":{"allow":["GET"]}}],"collection":[{"href":"https:\/\/www.zunder.com\/ca\/wp-json\/wp\/v2\/pages"}],"about":[{"href":"https:\/\/www.zunder.com\/ca\/wp-json\/wp\/v2\/types\/page"}],"author":[{"embeddable":true,"href":"https:\/\/www.zunder.com\/ca\/wp-json\/wp\/v2\/users\/1"}],"replies":[{"embeddable":true,"href":"https:\/\/www.zunder.com\/ca\/wp-json\/wp\/v2\/comments?post=28483"}],"version-history":[{"count":12,"href":"https:\/\/www.zunder.com\/ca\/wp-json\/wp\/v2\/pages\/28483\/revisions"}],"predecessor-version":[{"id":43463,"href":"https:\/\/www.zunder.com\/ca\/wp-json\/wp\/v2\/pages\/28483\/revisions\/43463"}],"wp:attachment":[{"href":"https:\/\/www.zunder.com\/ca\/wp-json\/wp\/v2\/media?parent=28483"}],"curies":[{"name":"wp","href":"https:\/\/api.w.org\/{rel}","templated":true}]}}