{"id":28486,"date":"2023-05-24T13:32:53","date_gmt":"2023-05-24T11:32:53","guid":{"rendered":"https:\/\/www.zunder.com\/politica-de-galetes\/"},"modified":"2023-07-04T10:24:25","modified_gmt":"2023-07-04T08:24:25","slug":"politica-de-galetes","status":"publish","type":"page","link":"https:\/\/www.zunder.com\/ca\/politica-de-galetes\/","title":{"rendered":"Pol\u00edtica de galetes"},"content":{"rendered":"<p>[et_pb_section fb_built=&#8221;1&#8243; _builder_version=&#8221;4.20.2&#8243; _module_preset=&#8221;42affb73-ad2b-4d0c-8fab-fabed56c6857&#8243; global_colors_info=&#8221;{}&#8221;][et_pb_row _builder_version=&#8221;4.21.0&#8243; _module_preset=&#8221;default&#8221; hover_enabled=&#8221;0&#8243; global_colors_info=&#8221;{}&#8221; sticky_enabled=&#8221;0&#8243;][et_pb_column type=&#8221;4_4&#8243; _builder_version=&#8221;4.20.2&#8243; _module_preset=&#8221;default&#8221; global_colors_info=&#8221;{}&#8221;][et_pb_text _builder_version=&#8221;4.21.0&#8243; _dynamic_attributes=&#8221;content&#8221; _module_preset=&#8221;default&#8221; hover_enabled=&#8221;0&#8243; global_colors_info=&#8221;{}&#8221; sticky_enabled=&#8221;0&#8243;]@ET-DC@eyJkeW5hbWljIjp0cnVlLCJjb250ZW50IjoicG9zdF90aXRsZSIsInNldHRpbmdzIjp7ImJlZm9yZSI6IjxoMT4iLCJhZnRlciI6IjxcL2gxPiJ9fQ==@[\/et_pb_text][\/et_pb_column][\/et_pb_row][\/et_pb_section][et_pb_section fb_built=&#8221;1&#8243; _builder_version=&#8221;4.21.0&#8243; _module_preset=&#8221;fefe5a54-b250-46a2-abcd-6042bebe7c69&#8243; global_colors_info=&#8221;{}&#8221;][et_pb_row _builder_version=&#8221;4.21.0&#8243; _module_preset=&#8221;default&#8221; global_colors_info=&#8221;{}&#8221;][et_pb_column type=&#8221;4_4&#8243; _builder_version=&#8221;4.21.0&#8243; _module_preset=&#8221;default&#8221; global_colors_info=&#8221;{}&#8221;][et_pb_text _builder_version=&#8221;4.21.0&#8243; _module_preset=&#8221;default&#8221; global_colors_info=&#8221;{}&#8221;]<\/p>\n<p>Al web https:\/\/www.zunder.com\/ (d&#8217;ara endavant, el Lloc Web) utilitzem galetes per facilitar la relaci\u00f3 dels visitants amb el nostre contingut i per permetre elaborar estad\u00edstiques sobre les visitants que rebem.<\/p>\n<p>Us informem que podem utilitzar galetes amb la finalitat de facilitar la navegaci\u00f3 a trav\u00e9s del Lloc Web, distingir-vos d&#8217;altres usuaris, proporcionar-vos una millor experi\u00e8ncia en l&#8217;\u00fas del web i identificar problemes per millorar-lo. Aix\u00ed mateix, en cas que presteu el vostre consentiment, utilitzarem galetes que ens permetin obtenir m\u00e9s informaci\u00f3 sobre les vostres prefer\u00e8ncies i personalitzar el nostre Lloc Web de conformitat amb els vostres interessos individuals.<\/p>\n<h4>Qu\u00e8 s\u00f3n les galetes?<\/h4>\n<p>S&#8217;anomenen galetes a uns petits fitxers que es graven al navegador utilitzat per cada visitant de la nostra web perqu\u00e8 el servidor pugui recordar la visita d&#8217;aquest usuari amb posterioritat quan torni a accedir als nostres continguts. Aquesta informaci\u00f3 no revela la vostra identitat, ni cap dada personal, ni accedeix al contingut emmagatzemat al vostre PC, per\u00f2 s\u00ed que permet al nostre sistema identificar-vos com un usuari determinat que ja havia visitat el web amb anterioritat, havia visualitzat determinades p\u00e0gines, etc. i a m\u00e9s permet desar les vostres prefer\u00e8ncies personals i informaci\u00f3 t\u00e8cnica com ara les visites fetes o p\u00e0gines concretes que visiteu.<\/p>\n<p>En compliment de la Directiva 2009\/136\/CE, desenvolupada al nostre ordenament per l&#8217;apartat segon de l&#8217;article 22 de la Llei de Serveis de Societat de la Informaci\u00f3, seguint les directrius de l&#8217;Ag\u00e8ncia Espanyola de Protecci\u00f3 de Dades, procedim a informar-vos detalladament de l\u2019\u00fas que se\u2019n fa al nostre web.<\/p>\n<p>Aquesta pol\u00edtica de galetes t\u00e9 per finalitat informar-vos de manera clara i precisa sobre les galetes que s&#8217;utilitzen al nostre Lloc Web (la \u00abPol\u00edtica de galetes\u00bb). Respecte de les galetes de tercers, \u00e9s a dir, aquelles que s\u00f3n alienes al nostre lloc web, no podem fer-nos responsables del contingut i veracitat de les pol\u00edtiques de privacitat que ells inclouen pel que la informaci\u00f3 que us oferim \u00e9s sempre amb refer\u00e8ncia a la font.<\/p>\n<p>A continuaci\u00f3, es fa una classificaci\u00f3 de les galetes en funci\u00f3 d&#8217;una s\u00e8rie de categories. No obstant aix\u00f2, cal tenir en compte que una mateixa galeta pot estar inclosa en m\u00e9s d&#8217;una categoria.<\/p>\n<h4>Tipus de galetes segons l&#8217;entitat que les gestiona<\/h4>\n<p>\u2013 Galetes pr\u00f2pies: S\u00f3n les que s&#8217;envien a l&#8217;equip terminal de l&#8217;usuari des d&#8217;un equip o domini gestionat pel mateix editor i des del qual es presta el servei sol\u00b7licitat per l&#8217;usuari.<\/p>\n<p>\u2013 Galetes de tercers: S\u00f3n aquelles que s&#8217;envien a l&#8217;equip terminal de l&#8217;usuari des d&#8217;un equip o domini que no l&#8217;edita l&#8217;editor, sin\u00f3 una altra entitat que tracta les dades.<\/p>\n<h4>Tipus de galetes segons el termini de temps que romanen actives<\/h4>\n<p>\u2013 Galetes de sessi\u00f3: S\u00f3n un tipus de galetes dissenyades per a demanar i emmagatzemar dades mentre l&#8217;usuari accedeix a una p\u00e0gina web.<\/p>\n<p>\u2013 Galetes persistents: S\u00f3n un tipus de galetes en qu\u00e8 les dades segueixen emmagatzemades al terminal i poden ser accedides i tractades durant un per\u00edode definit pel responsable de la galeta, i que pot anar d&#8217;uns minuts a diversos anys.<\/p>\n<h4>Tipus de galetes segons la finalitat<\/h4>\n<p>\u2013 Galetes t\u00e8cniques: Aquelles que permeten a l&#8217;usuari la navegaci\u00f3 a trav\u00e9s d&#8217;una p\u00e0gina web, plataforma o aplicaci\u00f3 i la utilitzaci\u00f3 de les diferents opcions o serveis que hi hagi com, per exemple, controlar el tr\u00e0nsit i la comunicaci\u00f3 de dades, identificar la sessi\u00f3, accedir a parts d&#8217;acc\u00e9s restringit, recordar els elements que integren una comanda, fer el proc\u00e9s de compra d&#8217;una comanda, fer la sol\u00b7licitud d&#8217;inscripci\u00f3 o participaci\u00f3 en un esdeveniment, utilitzar elements de seguretat durant la navegaci\u00f3, emmagatzemar continguts per a la difusi\u00f3 de v\u00eddeos o so o compartir continguts a trav\u00e9s de xarxes socials.<\/p>\n<p>\u2013 Galetes de personalitzaci\u00f3: S\u00f3n aquelles que permeten a l&#8217;usuari accedir al servei amb algunes caracter\u00edstiques de car\u00e0cter general predefinides en funci\u00f3 d&#8217;una s\u00e8rie de criteris al terminal de l&#8217;usuari com ara serien l&#8217;idioma, el tipus de navegador a trav\u00e9s del qual accedeix al servei, la configuraci\u00f3 regional des d&#8217;on accedeix al servei, etc.<\/p>\n<p>\u2013 Galetes publicit\u00e0ries: S\u00f3n aquelles que permeten la gesti\u00f3, de la manera m\u00e9s efica\u00e7 possible, dels espais publicitaris que, si escau, l&#8217;editor hagi incl\u00f2s en una p\u00e0gina web, aplicaci\u00f3 o plataforma des de la qual presta el servei sol\u00b7licitat segons criteris com el contingut editat o la freq\u00fc\u00e8ncia en qu\u00e8 es mostren els anuncis.<\/p>\n<p>\u2013 Galetes de publicitat comportamental: S\u00f3n aquelles que permeten la gesti\u00f3, de la manera m\u00e9s efica\u00e7 possible, dels espais publicitaris que, si escau, l&#8217;editor hagi incl\u00f2s en una p\u00e0gina web, aplicaci\u00f3 o plataforma des de la qual presta el servei sol\u00b7licitat. Aquestes galetes emmagatzemen informaci\u00f3 del comportament dels usuaris obtinguda a trav\u00e9s de l&#8217;observaci\u00f3 continuada dels seus h\u00e0bits de navegaci\u00f3, cosa que permet desenvolupar un perfil espec\u00edfic per mostrar publicitat en funci\u00f3 d\u2019aquest.<\/p>\n<p>\u2013 Galetes d&#8217;an\u00e0lisi: S\u00f3n aquelles galetes que permeten al responsable d\u2019aquestes, el seguiment i an\u00e0lisi del comportament dels usuaris dels llocs web a qu\u00e8 estan vinculades. La informaci\u00f3 recollida mitjan\u00e7ant aquest tipus de galetes s&#8217;utilitza en el mesurament de l&#8217;activitat dels llocs web, aplicaci\u00f3 o plataforma i per a l&#8217;elaboraci\u00f3 de perfils de navegaci\u00f3 dels usuaris d&#8217;aquests llocs, aplicacions i plataformes, per introduir millores a funci\u00f3 de l\u2019an\u00e0lisi de les dades d\u2019\u00fas que fan els usuaris del servei.<\/p>\n<p>Respecte al tractament de dades recollides a trav\u00e9s de les galetes d&#8217;an\u00e0lisi, tot i que no estan exemptes del deure d&#8217;obtenir un consentiment informat per al seu \u00fas, \u00e9s poc probable que representin un risc per a la privadesa dels usuaris sempre que es tracti de galetes de primera part, que tractin dades agregades amb una finalitat estrictament estad\u00edstica, que es faciliti informaci\u00f3 sobre el seu \u00fas i s&#8217;inclogui la possibilitat que els usuaris manifestin la seva negativa sobre la seva utilitzaci\u00f3.<\/p>\n<p>Actualment, la majoria dels navegadors estan configurats per defecte per bloquejar la instal\u00b7laci\u00f3 de galetes de publicitat o tercers al vostre equip. L&#8217;usuari pot ampliar les restriccions d&#8217;origen, impedint l&#8217;entrada de qualsevol classe de galeta, o eliminar les restriccions esmentades, acceptant l&#8217;entrada de qualsevol mena de galetes. Si esteu interessats a admetre galetes de publicitat o de tercers, podreu configurar el vostre navegador amb aquesta finalitat.<\/p>\n<p>L&#8217;acceptaci\u00f3 realitzada per l&#8217;usuari, fent clic al bot\u00f3 \u00abD\u2019ACORD\u00bb mostrat a la informaci\u00f3 inicial sobre les galetes, implica que esteu consentint expressament el responsable per a la seva utilitzaci\u00f3, podent exercir els vostres drets i revocar el vostre consentiment en qualsevol moment, a trav\u00e9s de sol\u00b7licitud a GRUPO EASYCHARGER SA.<\/p>\n<p>A continuaci\u00f3, us informem detalladament totes les galetes que podrien arribar a instal\u00b7lar-se des del nostre lloc web. En funci\u00f3 de la vostra navegaci\u00f3, de la configuraci\u00f3 del vostre navegador i de l&#8217;acceptaci\u00f3 o rebuig de les galetes, podreu instal\u00b7lar-les totes o nom\u00e9s algunes.<\/p>\n<p>Galetes: Origen, finalitat i m\u00e9s informaci\u00f3<br \/>_gid Tercers Google Analytics: Es fa servir per distingir els usuaris. 24 hores, de sessi\u00f3.<br \/>_gat Tercers Google Analytics: S\u2019utilitza per limitar la velocitat de petici\u00f3, la limitaci\u00f3 de la recollida de dades en els llocs d\u2019alt tr\u00e0nsit. 10 minuts, de sessi\u00f3.<br \/>_ga Tercers Google Analytics: Habilita la funci\u00f3 de control de visites \u00faniques. La primera vegada que un usuari entri al lloc web a trav\u00e9s d&#8217;un navegador s&#8217;instal\u00b7lar\u00e0 aquesta galeta. Quan aquest usuari torni a entrar al web amb el mateix navegador, la galeta considerar\u00e0 que \u00e9s el mateix usuari. Nom\u00e9s en cas que l&#8217;usuari canvi\u00ef de navegador, es considerar\u00e0 un altre usuari. Conservaci\u00f3: 2 anys<\/p>\n<p>\u00c9s possible que actualitzem la Pol\u00edtica de galetes del nostre Lloc Web, per aix\u00f2 us recomanem revisar aquesta pol\u00edtica cada vegada que hi accediu amb l&#8217;objectiu d&#8217;estar adequadament informats sobre com i per a qu\u00e8 usem les galetes.<\/p>\n<p>La finalitat de les galetes \u00e9s la de facilitar a l&#8217;Usuari un acc\u00e9s m\u00e9s r\u00e0pid als Serveis seleccionats.<\/p>\n<p>Si no voleu que es desin galetes al vostre navegador o preferiu rebre informaci\u00f3 cada vegada que una galeta sol\u00b7liciti instal\u00b7lar-se, podeu configurar les vostres opcions de navegaci\u00f3 perqu\u00e8 es faci d&#8217;aquesta manera. La major part dels navegadors permeten la gesti\u00f3 de les galetes de 3 formes diferents:<\/p>\n<p>\u2013 Les galetes es rebutgen sempre;<\/p>\n<p>\u2013 El navegador pregunta si l&#8217;usuari vol instal\u00b7lar cada galeta;<\/p>\n<p>\u2013 Les galetes s\u2019accepten sempre;<\/p>\n<p>El vostre navegador tamb\u00e9 pot incloure la possibilitat de seleccionar amb detall les galetes que voleu que s&#8217;instal\u00b7lin al vostre ordinador. En concret, l&#8217;usuari normalment pot acceptar alguna de les opcions seg\u00fcents:<\/p>\n<p>\u2013 Rebutjar les galetes de determinats dominis;<\/p>\n<p>\u2013 Rebutjar les galetes de tercers;<\/p>\n<p>\u2013 Acceptar galetes com a no persistents (s&#8217;eliminen quan el navegador es tanca);<\/p>\n<p>\u2013 Permetre al servidor crear galetes per a un domini diferent.<\/p>\n<p>Per permetre, con\u00e8ixer, bloquejar o eliminar les galetes instal\u00b7lades al vostre equip podeu fer-ho mitjan\u00e7ant la configuraci\u00f3 de les opcions del navegador instal\u00b7lat a l\u2019ordinador.<\/p>\n<p>Podeu trobar informaci\u00f3 sobre com configurar els navegadors m\u00e9s utilitzats a les seg\u00fcents ubicacions:<\/p>\n<p>\u2022 Internet Explorer: Eines -&gt; Opcions d&#8217;Internet -&gt; Privadesa -&gt; Configuraci\u00f3. Per a m\u00e9s informaci\u00f3, podeu consultar el suport de Microsoft o l&#8217;Ajuda del navegador.<\/p>\n<p>\u2022 Firefox: Eines -&gt; Opcions -&gt; Privadesa -&gt; Historial -&gt; Configuraci\u00f3 Personalitzada. Per a m\u00e9s informaci\u00f3, podeu consultar el suport de Mozilla o l&#8217;Ajuda del navegador.<\/p>\n<p>\u2022 Chrome: Configuraci\u00f3 -&gt; Mostra opcions avan\u00e7ades -&gt; Privadesa -&gt; Configuraci\u00f3 de contingut. Per a m\u00e9s informaci\u00f3, podeu consultar el suport de Google o l&#8217;Ajuda del navegador.<\/p>\n<p>\u2022 Safari: Prefer\u00e8ncies -&gt; Seguretat. Per a m\u00e9s informaci\u00f3, podeu consultar el suport d&#8217;Apple o l&#8217;Ajuda del navegador.<\/p>\n<p>Si heu acceptat carregar les galetes de Google Analytics, tamb\u00e9 podeu revocar en qualsevol moment aquesta acceptaci\u00f3 utilitzant el \u00abComplement d&#8217;inhabilitaci\u00f3 per a navegadors de Google Analytics\u00bb, accedint a la seg\u00fcent p\u00e0gina web i seguint les instruccions que s&#8217;hi detallen:<\/p>\n<p>&nbsp;<\/p>\n<p><a href=\"https:\/\/tools.google.com\/dlpage\/gaoptout?hl=es\">https:\/\/tools.google.com\/dlpage\/gaoptout?hl=es<\/a><\/p>\n<p>[\/et_pb_text][\/et_pb_column][\/et_pb_row][\/et_pb_section]<\/p>\n","protected":false},"excerpt":{"rendered":"<p>Al web https:\/\/www.zunder.com\/ (d&#8217;ara endavant, el Lloc Web) utilitzem galetes per facilitar la relaci\u00f3 dels visitants amb el nostre contingut i per permetre elaborar estad\u00edstiques sobre les visitants que rebem. Us informem que podem utilitzar galetes amb la finalitat de facilitar la navegaci\u00f3 a trav\u00e9s del Lloc Web, distingir-vos d&#8217;altres usuaris, proporcionar-vos una millor experi\u00e8ncia [&hellip;]<\/p>\n","protected":false},"author":1,"featured_media":0,"parent":0,"menu_order":0,"comment_status":"closed","ping_status":"closed","template":"","meta":{"_acf_changed":false,"_et_pb_use_builder":"on","_et_pb_old_content":"","_et_gb_content_width":"","inline_featured_image":false,"footnotes":""},"class_list":["post-28486","page","type-page","status-publish","hentry"],"acf":[],"yoast_head":"<!-- This site is optimized with the Yoast SEO plugin v27.4 - https:\/\/yoast.com\/product\/yoast-seo-wordpress\/ -->\n<title>Pol\u00edtica de galetes - Zunder<\/title>\n<meta name=\"robots\" content=\"index, follow, max-snippet:-1, max-image-preview:large, max-video-preview:-1\" \/>\n<link rel=\"canonical\" href=\"https:\/\/www.zunder.com\/ca\/politica-de-galetes\/\" \/>\n<meta property=\"og:locale\" content=\"ca_ES\" \/>\n<meta property=\"og:type\" content=\"article\" \/>\n<meta property=\"og:title\" content=\"Pol\u00edtica de galetes - Zunder\" \/>\n<meta property=\"og:description\" content=\"Al web https:\/\/www.zunder.com\/ (d&#039;ara endavant, el Lloc Web) utilitzem galetes per facilitar la relaci\u00f3 dels visitants amb el nostre contingut i per permetre elaborar estad\u00edstiques sobre les visitants que rebem. Us informem que podem utilitzar galetes amb la finalitat de facilitar la navegaci\u00f3 a trav\u00e9s del Lloc Web, distingir-vos d&#039;altres usuaris, proporcionar-vos una millor experi\u00e8ncia [&hellip;]\" \/>\n<meta property=\"og:site_name\" content=\"Zunder\" \/>\n<meta property=\"article:modified_time\" content=\"2023-07-04T08:24:25+00:00\" \/>\n<meta name=\"twitter:card\" content=\"summary_large_image\" \/>\n<meta name=\"twitter:label1\" content=\"Temps estimat de lectura\" \/>\n\t<meta name=\"twitter:data1\" content=\"9 minuts\" \/>\n<script type=\"application\/ld+json\" class=\"yoast-schema-graph\">{\"@context\":\"https:\\\/\\\/schema.org\",\"@graph\":[{\"@type\":\"WebPage\",\"@id\":\"https:\\\/\\\/www.zunder.com\\\/ca\\\/politica-de-galetes\\\/\",\"url\":\"https:\\\/\\\/www.zunder.com\\\/ca\\\/politica-de-galetes\\\/\",\"name\":\"Pol\u00edtica de galetes - Zunder\",\"isPartOf\":{\"@id\":\"https:\\\/\\\/www.zunder.com\\\/ca\\\/#website\"},\"datePublished\":\"2023-05-24T11:32:53+00:00\",\"dateModified\":\"2023-07-04T08:24:25+00:00\",\"breadcrumb\":{\"@id\":\"https:\\\/\\\/www.zunder.com\\\/ca\\\/politica-de-galetes\\\/#breadcrumb\"},\"inLanguage\":\"ca\",\"potentialAction\":[{\"@type\":\"ReadAction\",\"target\":[\"https:\\\/\\\/www.zunder.com\\\/ca\\\/politica-de-galetes\\\/\"]}]},{\"@type\":\"BreadcrumbList\",\"@id\":\"https:\\\/\\\/www.zunder.com\\\/ca\\\/politica-de-galetes\\\/#breadcrumb\",\"itemListElement\":[{\"@type\":\"ListItem\",\"position\":1,\"name\":\"Portada\",\"item\":\"https:\\\/\\\/www.zunder.com\\\/ca\\\/\"},{\"@type\":\"ListItem\",\"position\":2,\"name\":\"Pol\u00edtica de galetes\"}]},{\"@type\":\"WebSite\",\"@id\":\"https:\\\/\\\/www.zunder.com\\\/ca\\\/#website\",\"url\":\"https:\\\/\\\/www.zunder.com\\\/ca\\\/\",\"name\":\"Zunder\",\"description\":\"Charging Hero\",\"potentialAction\":[{\"@type\":\"SearchAction\",\"target\":{\"@type\":\"EntryPoint\",\"urlTemplate\":\"https:\\\/\\\/www.zunder.com\\\/ca\\\/?s={search_term_string}\"},\"query-input\":{\"@type\":\"PropertyValueSpecification\",\"valueRequired\":true,\"valueName\":\"search_term_string\"}}],\"inLanguage\":\"ca\"}]}<\/script>\n<!-- \/ Yoast SEO plugin. -->","yoast_head_json":{"title":"Pol\u00edtica de galetes - Zunder","robots":{"index":"index","follow":"follow","max-snippet":"max-snippet:-1","max-image-preview":"max-image-preview:large","max-video-preview":"max-video-preview:-1"},"canonical":"https:\/\/www.zunder.com\/ca\/politica-de-galetes\/","og_locale":"ca_ES","og_type":"article","og_title":"Pol\u00edtica de galetes - Zunder","og_site_name":"Zunder","article_modified_time":"2023-07-04T08:24:25+00:00","twitter_card":"summary_large_image","twitter_misc":{"Temps estimat de lectura":"9 minuts"},"schema":{"@context":"https:\/\/schema.org","@graph":[{"@type":"WebPage","@id":"https:\/\/www.zunder.com\/ca\/politica-de-galetes\/","url":"https:\/\/www.zunder.com\/ca\/politica-de-galetes\/","name":"Pol\u00edtica de galetes - Zunder","isPartOf":{"@id":"https:\/\/www.zunder.com\/ca\/#website"},"datePublished":"2023-05-24T11:32:53+00:00","dateModified":"2023-07-04T08:24:25+00:00","breadcrumb":{"@id":"https:\/\/www.zunder.com\/ca\/politica-de-galetes\/#breadcrumb"},"inLanguage":"ca","potentialAction":[{"@type":"ReadAction","target":["https:\/\/www.zunder.com\/ca\/politica-de-galetes\/"]}]},{"@type":"BreadcrumbList","@id":"https:\/\/www.zunder.com\/ca\/politica-de-galetes\/#breadcrumb","itemListElement":[{"@type":"ListItem","position":1,"name":"Portada","item":"https:\/\/www.zunder.com\/ca\/"},{"@type":"ListItem","position":2,"name":"Pol\u00edtica de galetes"}]},{"@type":"WebSite","@id":"https:\/\/www.zunder.com\/ca\/#website","url":"https:\/\/www.zunder.com\/ca\/","name":"Zunder","description":"Charging Hero","potentialAction":[{"@type":"SearchAction","target":{"@type":"EntryPoint","urlTemplate":"https:\/\/www.zunder.com\/ca\/?s={search_term_string}"},"query-input":{"@type":"PropertyValueSpecification","valueRequired":true,"valueName":"search_term_string"}}],"inLanguage":"ca"}]}},"_links":{"self":[{"href":"https:\/\/www.zunder.com\/ca\/wp-json\/wp\/v2\/pages\/28486","targetHints":{"allow":["GET"]}}],"collection":[{"href":"https:\/\/www.zunder.com\/ca\/wp-json\/wp\/v2\/pages"}],"about":[{"href":"https:\/\/www.zunder.com\/ca\/wp-json\/wp\/v2\/types\/page"}],"author":[{"embeddable":true,"href":"https:\/\/www.zunder.com\/ca\/wp-json\/wp\/v2\/users\/1"}],"replies":[{"embeddable":true,"href":"https:\/\/www.zunder.com\/ca\/wp-json\/wp\/v2\/comments?post=28486"}],"version-history":[{"count":2,"href":"https:\/\/www.zunder.com\/ca\/wp-json\/wp\/v2\/pages\/28486\/revisions"}],"predecessor-version":[{"id":28488,"href":"https:\/\/www.zunder.com\/ca\/wp-json\/wp\/v2\/pages\/28486\/revisions\/28488"}],"wp:attachment":[{"href":"https:\/\/www.zunder.com\/ca\/wp-json\/wp\/v2\/media?parent=28486"}],"curies":[{"name":"wp","href":"https:\/\/api.w.org\/{rel}","templated":true}]}}