{"id":44467,"date":"2023-06-09T12:58:03","date_gmt":"2023-06-09T10:58:03","guid":{"rendered":"https:\/\/www.zunder.com\/karriere-stellenangebote-dankeschoen\/"},"modified":"2025-12-24T16:49:51","modified_gmt":"2025-12-24T15:49:51","slug":"karriere-stellenangebote-dankeschoen","status":"publish","type":"page","link":"https:\/\/www.zunder.com\/de\/karriere-stellenangebote-dankeschoen\/","title":{"rendered":"Karriere \/ Stellenangebote Dankesch\u00f6n"},"content":{"rendered":"<p>[et_pb_section fb_built=&#8220;1&#8243; _builder_version=&#8220;4.21.0&#8243; _module_preset=&#8220;default&#8220; background_color=&#8220;gcid-c60e7528-18ea-4344-97e5-601d906977bd&#8220; height=&#8220;100vh&#8220; global_colors_info=&#8220;{%22gcid-c60e7528-18ea-4344-97e5-601d906977bd%22:%91%22background_color%22%93}&#8220;][et_pb_row make_equal=&#8220;on&#8220; _builder_version=&#8220;4.21.0&#8243; _module_preset=&#8220;default&#8220; height=&#8220;100%&#8220; global_colors_info=&#8220;{}&#8220;][et_pb_column type=&#8220;4_4&#8243; _builder_version=&#8220;4.21.0&#8243; _module_preset=&#8220;default&#8220; custom_css_main_element=&#8220;margin:auto;&#8220; global_colors_info=&#8220;{}&#8220;][et_pb_text _builder_version=&#8220;4.21.0&#8243; _module_preset=&#8220;default&#8220; text_font_size=&#8220;38px&#8220; text_line_height=&#8220;1.3em&#8220; hover_enabled=&#8220;0&#8243; global_colors_info=&#8220;{}&#8220; sticky_enabled=&#8220;0&#8243;]<\/p>\n<p style=\"text-align: center;\">Danke f\u00fcr deine Bewerbung und die Zeit, die du dir genommen hast!<br \/>Wir pr\u00fcfen nun deine Unterlagen und melden uns in K\u00fcrze bei dir.<\/p>\n<p>[\/et_pb_text][\/et_pb_column][\/et_pb_row][\/et_pb_section]<\/p>\n","protected":false},"excerpt":{"rendered":"<p>Danke f\u00fcr deine Bewerbung und die Zeit, die du dir genommen hast!Wir pr\u00fcfen nun deine Unterlagen und melden uns in K\u00fcrze bei dir.<\/p>\n","protected":false},"author":1,"featured_media":0,"parent":0,"menu_order":0,"comment_status":"closed","ping_status":"closed","template":"","meta":{"_acf_changed":false,"_et_pb_use_builder":"on","_et_pb_old_content":"","_et_gb_content_width":"","inline_featured_image":false,"footnotes":""},"class_list":["post-44467","page","type-page","status-publish","hentry"],"acf":[],"yoast_head":"<!-- This site is optimized with the Yoast SEO plugin v27.1.1 - https:\/\/yoast.com\/product\/yoast-seo-wordpress\/ -->\n<title>Karriere \/ Stellenangebote Dankesch\u00f6n - Zunder<\/title>\n<meta name=\"robots\" content=\"index, follow, max-snippet:-1, max-image-preview:large, max-video-preview:-1\" \/>\n<link rel=\"canonical\" href=\"https:\/\/www.zunder.com\/de\/karriere-stellenangebote-dankeschoen\/\" \/>\n<meta property=\"og:locale\" content=\"de_DE\" \/>\n<meta property=\"og:type\" content=\"article\" \/>\n<meta property=\"og:title\" content=\"Karriere \/ Stellenangebote Dankesch\u00f6n - Zunder\" \/>\n<meta property=\"og:description\" content=\"Danke f\u00fcr deine Bewerbung und die Zeit, die du dir genommen hast!Wir pr\u00fcfen nun deine Unterlagen und melden uns in K\u00fcrze bei dir.\" \/>\n<meta property=\"og:site_name\" content=\"Zunder\" \/>\n<meta property=\"article:modified_time\" content=\"2025-12-24T15:49:51+00:00\" \/>\n<meta name=\"twitter:card\" content=\"summary_large_image\" \/>\n<meta name=\"twitter:label1\" content=\"Gesch\u00e4tzte Lesezeit\" \/>\n\t<meta name=\"twitter:data1\" content=\"1\u00a0Minute\" \/>\n<script type=\"application\/ld+json\" class=\"yoast-schema-graph\">{\"@context\":\"https:\/\/schema.org\",\"@graph\":[{\"@type\":\"WebPage\",\"@id\":\"https:\/\/www.zunder.com\/de\/karriere-stellenangebote-dankeschoen\/\",\"url\":\"https:\/\/www.zunder.com\/de\/karriere-stellenangebote-dankeschoen\/\",\"name\":\"Karriere \/ Stellenangebote Dankesch\u00f6n - Zunder\",\"isPartOf\":{\"@id\":\"https:\/\/www.zunder.com\/de\/#website\"},\"datePublished\":\"2023-06-09T10:58:03+00:00\",\"dateModified\":\"2025-12-24T15:49:51+00:00\",\"breadcrumb\":{\"@id\":\"https:\/\/www.zunder.com\/de\/karriere-stellenangebote-dankeschoen\/#breadcrumb\"},\"inLanguage\":\"de\",\"potentialAction\":[{\"@type\":\"ReadAction\",\"target\":[\"https:\/\/www.zunder.com\/de\/karriere-stellenangebote-dankeschoen\/\"]}]},{\"@type\":\"BreadcrumbList\",\"@id\":\"https:\/\/www.zunder.com\/de\/karriere-stellenangebote-dankeschoen\/#breadcrumb\",\"itemListElement\":[{\"@type\":\"ListItem\",\"position\":1,\"name\":\"Portada\",\"item\":\"https:\/\/www.zunder.com\/de\/\"},{\"@type\":\"ListItem\",\"position\":2,\"name\":\"Karriere \/ Stellenangebote Dankesch\u00f6n\"}]},{\"@type\":\"WebSite\",\"@id\":\"https:\/\/www.zunder.com\/de\/#website\",\"url\":\"https:\/\/www.zunder.com\/de\/\",\"name\":\"Zunder\",\"description\":\"Charging Hero\",\"potentialAction\":[{\"@type\":\"SearchAction\",\"target\":{\"@type\":\"EntryPoint\",\"urlTemplate\":\"https:\/\/www.zunder.com\/de\/?s={search_term_string}\"},\"query-input\":{\"@type\":\"PropertyValueSpecification\",\"valueRequired\":true,\"valueName\":\"search_term_string\"}}],\"inLanguage\":\"de\"}]}<\/script>\n<!-- \/ Yoast SEO plugin. -->","yoast_head_json":{"title":"Karriere \/ Stellenangebote Dankesch\u00f6n - Zunder","robots":{"index":"index","follow":"follow","max-snippet":"max-snippet:-1","max-image-preview":"max-image-preview:large","max-video-preview":"max-video-preview:-1"},"canonical":"https:\/\/www.zunder.com\/de\/karriere-stellenangebote-dankeschoen\/","og_locale":"de_DE","og_type":"article","og_title":"Karriere \/ Stellenangebote Dankesch\u00f6n - Zunder","og_site_name":"Zunder","article_modified_time":"2025-12-24T15:49:51+00:00","twitter_card":"summary_large_image","twitter_misc":{"Gesch\u00e4tzte Lesezeit":"1\u00a0Minute"},"schema":{"@context":"https:\/\/schema.org","@graph":[{"@type":"WebPage","@id":"https:\/\/www.zunder.com\/de\/karriere-stellenangebote-dankeschoen\/","url":"https:\/\/www.zunder.com\/de\/karriere-stellenangebote-dankeschoen\/","name":"Karriere \/ Stellenangebote Dankesch\u00f6n - Zunder","isPartOf":{"@id":"https:\/\/www.zunder.com\/de\/#website"},"datePublished":"2023-06-09T10:58:03+00:00","dateModified":"2025-12-24T15:49:51+00:00","breadcrumb":{"@id":"https:\/\/www.zunder.com\/de\/karriere-stellenangebote-dankeschoen\/#breadcrumb"},"inLanguage":"de","potentialAction":[{"@type":"ReadAction","target":["https:\/\/www.zunder.com\/de\/karriere-stellenangebote-dankeschoen\/"]}]},{"@type":"BreadcrumbList","@id":"https:\/\/www.zunder.com\/de\/karriere-stellenangebote-dankeschoen\/#breadcrumb","itemListElement":[{"@type":"ListItem","position":1,"name":"Portada","item":"https:\/\/www.zunder.com\/de\/"},{"@type":"ListItem","position":2,"name":"Karriere \/ Stellenangebote Dankesch\u00f6n"}]},{"@type":"WebSite","@id":"https:\/\/www.zunder.com\/de\/#website","url":"https:\/\/www.zunder.com\/de\/","name":"Zunder","description":"Charging Hero","potentialAction":[{"@type":"SearchAction","target":{"@type":"EntryPoint","urlTemplate":"https:\/\/www.zunder.com\/de\/?s={search_term_string}"},"query-input":{"@type":"PropertyValueSpecification","valueRequired":true,"valueName":"search_term_string"}}],"inLanguage":"de"}]}},"_links":{"self":[{"href":"https:\/\/www.zunder.com\/de\/wp-json\/wp\/v2\/pages\/44467","targetHints":{"allow":["GET"]}}],"collection":[{"href":"https:\/\/www.zunder.com\/de\/wp-json\/wp\/v2\/pages"}],"about":[{"href":"https:\/\/www.zunder.com\/de\/wp-json\/wp\/v2\/types\/page"}],"author":[{"embeddable":true,"href":"https:\/\/www.zunder.com\/de\/wp-json\/wp\/v2\/users\/1"}],"replies":[{"embeddable":true,"href":"https:\/\/www.zunder.com\/de\/wp-json\/wp\/v2\/comments?post=44467"}],"version-history":[{"count":8,"href":"https:\/\/www.zunder.com\/de\/wp-json\/wp\/v2\/pages\/44467\/revisions"}],"predecessor-version":[{"id":45200,"href":"https:\/\/www.zunder.com\/de\/wp-json\/wp\/v2\/pages\/44467\/revisions\/45200"}],"wp:attachment":[{"href":"https:\/\/www.zunder.com\/de\/wp-json\/wp\/v2\/media?parent=44467"}],"curies":[{"name":"wp","href":"https:\/\/api.w.org\/{rel}","templated":true}]}}