{"id":44605,"date":"2023-05-04T10:15:12","date_gmt":"2023-05-04T08:15:12","guid":{"rendered":"https:\/\/www.zunder.com\/kontakt\/"},"modified":"2025-11-03T13:20:31","modified_gmt":"2025-11-03T12:20:31","slug":"kontakt","status":"publish","type":"page","link":"https:\/\/www.zunder.com\/de\/kontakt\/","title":{"rendered":"Kontakt"},"content":{"rendered":"<p>[et_pb_section fb_built=&#8220;1&#8243; _builder_version=&#8220;4.20.2&#8243; _module_preset=&#8220;42affb73-ad2b-4d0c-8fab-fabed56c6857&#8243; global_module=&#8220;15757&#8243; saved_tabs=&#8220;all&#8220; collapsed=&#8220;off&#8220; global_colors_info=&#8220;{}&#8220;][et_pb_row _builder_version=&#8220;4.21.0&#8243; _module_preset=&#8220;default&#8220; collapsed=&#8220;off&#8220; global_colors_info=&#8220;{}&#8220;][et_pb_column type=&#8220;4_4&#8243; _builder_version=&#8220;4.20.2&#8243; _module_preset=&#8220;default&#8220; global_colors_info=&#8220;{}&#8220;][et_pb_text _builder_version=&#8220;4.21.0&#8243; _dynamic_attributes=&#8220;content&#8220; _module_preset=&#8220;default&#8220; header_text_align=&#8220;center&#8220; global_colors_info=&#8220;{}&#8220;]@ET-DC@eyJkeW5hbWljIjp0cnVlLCJjb250ZW50IjoicG9zdF90aXRsZSIsInNldHRpbmdzIjp7ImJlZm9yZSI6IjxoMT4iLCJhZnRlciI6IjwvaDE+IiwiZW5hYmxlX2h0bWwiOiJvZmYifX0=@[\/et_pb_text][\/et_pb_column][\/et_pb_row][\/et_pb_section][et_pb_section fb_built=&#8220;1&#8243; _builder_version=&#8220;4.20.2&#8243; _module_preset=&#8220;fefe5a54-b250-46a2-abcd-6042bebe7c69&#8243; custom_padding=&#8220;0px|||||&#8220; global_colors_info=&#8220;{}&#8220;][et_pb_row column_structure=&#8220;2_5,3_5&#8243; _builder_version=&#8220;4.20.2&#8243; _module_preset=&#8220;2501d89e-bf58-4d50-88e9-0acbaefd5700&#8243; global_colors_info=&#8220;{}&#8220;][et_pb_column type=&#8220;2_5&#8243; _builder_version=&#8220;4.20.2&#8243; _module_preset=&#8220;384b0718-2a91-4abf-822d-dbb2c17fd9ba&#8220; global_colors_info=&#8220;{}&#8220;][et_pb_text _builder_version=&#8220;4.21.0&#8243; _module_preset=&#8220;default&#8220; custom_margin=&#8220;||32px||false|false&#8220; global_colors_info=&#8220;{}&#8220;]<\/p>\n<h2>Kundenservice<\/h2>\n<p>Wenn du Nutzer des Zunder-Ladenetzes bist und Fragen oder irgendwelche Probleme hast, ruf uns an. Unser Team hilft dir unabh\u00e4ngig von Tag und Uhrzeit. <\/p>\n<p>[\/et_pb_text][et_pb_text _builder_version=&#8220;4.20.2&#8243; _module_preset=&#8220;default&#8220; custom_margin=&#8220;||32px||false|false&#8220; global_colors_info=&#8220;{}&#8220;]<\/p>\n<h4>Telefon<\/h4>\n<p>+34 979 300 500<\/p>\n<p>[\/et_pb_text][et_pb_text _builder_version=&#8220;4.20.2&#8243; _module_preset=&#8220;default&#8220; global_colors_info=&#8220;{}&#8220;]<\/p>\n<h4>E-Mail<\/h4>\n<p>info@zunder.com<\/p>\n<p>[\/et_pb_text][\/et_pb_column][et_pb_column type=&#8220;3_5&#8243; _builder_version=&#8220;4.20.2&#8243; _module_preset=&#8220;09d8407c-33a4-4f4e-8f4d-18f27cd3ad99&#8243; global_colors_info=&#8220;{}&#8220;][et_pb_text _builder_version=&#8220;4.20.2&#8243; _module_preset=&#8220;default&#8220; custom_margin=&#8220;||32px||false|false&#8220; global_colors_info=&#8220;{}&#8220;]<\/p>\n<h2>Kontakt<br \/><\/h2>\n<p>Wenn du Fragen zu Zunder hast oder uns etwas Cooles vorschlagen m\u00f6chtest, schreib uns und wir setzen uns mit dir in Verbindung.<\/p>\n<p>[\/et_pb_text][dsm_contact_form_7 cf7_library=&#8220;17003&#8243; module_id=&#8220;formulario-generico&#8220; _builder_version=&#8220;4.21.0&#8243; _module_preset=&#8220;a4466e46-fbe1-450a-a804-b20b9f32e0c3&#8243; global_colors_info=&#8220;{}&#8220;][\/dsm_contact_form_7][et_pb_text disabled_on=&#8220;off|off|off&#8220; module_id=&#8220;gracias-formulario&#8220; _builder_version=&#8220;4.21.0&#8243; _module_preset=&#8220;default&#8220; link_font=&#8220;||||on||||&#8220; header_2_font=&#8220;|600|||||||&#8220; header_2_font_size=&#8220;32px&#8220; background_enable_image=&#8220;off&#8220; background_size=&#8220;initial&#8220; background_position=&#8220;top_right&#8220; custom_padding=&#8220;||||false|false&#8220; custom_css_main_element=&#8220;display:none;&#8220; global_module=&#8220;22431&#8243; saved_tabs=&#8220;all&#8220; global_colors_info=&#8220;{%22gcid-76beaf44-2ae6-45fb-85a5-201d1855ff8c%22:%91%22header_5_text_color%22,%22header_4_text_color%22,%22header_3_text_color%22%93,%22gcid-1c25c2de-3d5e-4b3e-900d-a8287cafdd86%22:%91%22header_6_text_color%22,%22header_5_text_color%22,%22header_4_text_color%22,%22header_3_text_color%22%93}&#8220;]<\/p>\n<h2>\u00a1Gracias por ponerte en contacto con nosotros!<\/h2>\n<p>En breve recibir\u00e1s un correo electr\u00f3nico para confirmar la recepci\u00f3n de tu solicitud o comentario mientras dirigimos tu mensaje al \u00e1rea correspondiente.<\/p>\n<p>Para enviar una nueva solicitud, pulse <a href=\"#\"><u>aqu\u00ed<\/u><\/a><\/p>\n<p>[\/et_pb_text][\/et_pb_column][\/et_pb_row][\/et_pb_section]<\/p>\n","protected":false},"excerpt":{"rendered":"<p>Kundenservice Wenn du Nutzer des Zunder-Ladenetzes bist und Fragen oder irgendwelche Probleme hast, ruf uns an. Unser Team hilft dir unabh\u00e4ngig von Tag und Uhrzeit. Telefon +34 979 300 500E-Mail info@zunder.comKontakt Wenn du Fragen zu Zunder hast oder uns etwas Cooles vorschlagen m\u00f6chtest, schreib uns und wir setzen uns mit dir in Verbindung.<div id=\"&#8220;formulario-generico&#8220;\" class=\"et_pb_module dsm_contact_form_7 dsm_contact_form_7_0\">\n\t\t\t\t\n\t\t\t\t\n\t\t\t\t\n\t\t\t\t\n\t\t\t\t\n\t\t\t\t\n\t\t\t\t<div class=\"et_pb_module_inner\">\n\t\t\t\t\t<div class=\"\">\n\t\t\t\t<p class=\"wpcf7-contact-form-not-found\"><strong>Fehler:<\/strong> Kontaktformular wurde nicht gefunden.<\/p>\n\t\t\t<\/div>\n\t\t\t\t<\/div>\n\t\t\t<\/div><\/p>\n","protected":false},"author":1,"featured_media":0,"parent":0,"menu_order":0,"comment_status":"closed","ping_status":"closed","template":"","meta":{"_acf_changed":false,"_et_pb_use_builder":"on","_et_pb_old_content":"","_et_gb_content_width":"","inline_featured_image":false,"footnotes":""},"class_list":["post-44605","page","type-page","status-publish","hentry"],"acf":[],"yoast_head":"<!-- This site is optimized with the Yoast SEO plugin v27.4 - https:\/\/yoast.com\/product\/yoast-seo-wordpress\/ -->\n<title>Kontakt - Zunder<\/title>\n<meta name=\"robots\" content=\"index, follow, max-snippet:-1, max-image-preview:large, max-video-preview:-1\" \/>\n<link rel=\"canonical\" href=\"https:\/\/www.zunder.com\/de\/kontakt\/\" \/>\n<meta property=\"og:locale\" content=\"de_DE\" \/>\n<meta property=\"og:type\" content=\"article\" \/>\n<meta property=\"og:title\" content=\"Kontakt - Zunder\" \/>\n<meta property=\"og:description\" content=\"Kundenservice Wenn du Nutzer des Zunder-Ladenetzes bist und Fragen oder irgendwelche Probleme hast, ruf uns an. Unser Team hilft dir unabh\u00e4ngig von Tag und Uhrzeit. Telefon +34 979 300 500E-Mail info@zunder.comKontakt Wenn du Fragen zu Zunder hast oder uns etwas Cooles vorschlagen m\u00f6chtest, schreib uns und wir setzen uns mit dir in Verbindung.\" \/>\n<meta property=\"og:site_name\" content=\"Zunder\" \/>\n<meta property=\"article:modified_time\" content=\"2025-11-03T12:20:31+00:00\" \/>\n<meta name=\"twitter:card\" content=\"summary_large_image\" \/>\n<meta name=\"twitter:label1\" content=\"Gesch\u00e4tzte Lesezeit\" \/>\n\t<meta name=\"twitter:data1\" content=\"2\u00a0Minuten\" \/>\n<script type=\"application\/ld+json\" class=\"yoast-schema-graph\">{\"@context\":\"https:\\\/\\\/schema.org\",\"@graph\":[{\"@type\":\"WebPage\",\"@id\":\"https:\\\/\\\/www.zunder.com\\\/de\\\/kontakt\\\/\",\"url\":\"https:\\\/\\\/www.zunder.com\\\/de\\\/kontakt\\\/\",\"name\":\"Kontakt - Zunder\",\"isPartOf\":{\"@id\":\"https:\\\/\\\/www.zunder.com\\\/de\\\/#website\"},\"datePublished\":\"2023-05-04T08:15:12+00:00\",\"dateModified\":\"2025-11-03T12:20:31+00:00\",\"breadcrumb\":{\"@id\":\"https:\\\/\\\/www.zunder.com\\\/de\\\/kontakt\\\/#breadcrumb\"},\"inLanguage\":\"de\",\"potentialAction\":[{\"@type\":\"ReadAction\",\"target\":[\"https:\\\/\\\/www.zunder.com\\\/de\\\/kontakt\\\/\"]}]},{\"@type\":\"BreadcrumbList\",\"@id\":\"https:\\\/\\\/www.zunder.com\\\/de\\\/kontakt\\\/#breadcrumb\",\"itemListElement\":[{\"@type\":\"ListItem\",\"position\":1,\"name\":\"Portada\",\"item\":\"https:\\\/\\\/www.zunder.com\\\/de\\\/\"},{\"@type\":\"ListItem\",\"position\":2,\"name\":\"Kontakt\"}]},{\"@type\":\"WebSite\",\"@id\":\"https:\\\/\\\/www.zunder.com\\\/de\\\/#website\",\"url\":\"https:\\\/\\\/www.zunder.com\\\/de\\\/\",\"name\":\"Zunder\",\"description\":\"Charging Hero\",\"potentialAction\":[{\"@type\":\"SearchAction\",\"target\":{\"@type\":\"EntryPoint\",\"urlTemplate\":\"https:\\\/\\\/www.zunder.com\\\/de\\\/?s={search_term_string}\"},\"query-input\":{\"@type\":\"PropertyValueSpecification\",\"valueRequired\":true,\"valueName\":\"search_term_string\"}}],\"inLanguage\":\"de\"}]}<\/script>\n<!-- \/ Yoast SEO plugin. -->","yoast_head_json":{"title":"Kontakt - Zunder","robots":{"index":"index","follow":"follow","max-snippet":"max-snippet:-1","max-image-preview":"max-image-preview:large","max-video-preview":"max-video-preview:-1"},"canonical":"https:\/\/www.zunder.com\/de\/kontakt\/","og_locale":"de_DE","og_type":"article","og_title":"Kontakt - Zunder","og_site_name":"Zunder","article_modified_time":"2025-11-03T12:20:31+00:00","twitter_card":"summary_large_image","twitter_misc":{"Gesch\u00e4tzte Lesezeit":"2\u00a0Minuten"},"schema":{"@context":"https:\/\/schema.org","@graph":[{"@type":"WebPage","@id":"https:\/\/www.zunder.com\/de\/kontakt\/","url":"https:\/\/www.zunder.com\/de\/kontakt\/","name":"Kontakt - Zunder","isPartOf":{"@id":"https:\/\/www.zunder.com\/de\/#website"},"datePublished":"2023-05-04T08:15:12+00:00","dateModified":"2025-11-03T12:20:31+00:00","breadcrumb":{"@id":"https:\/\/www.zunder.com\/de\/kontakt\/#breadcrumb"},"inLanguage":"de","potentialAction":[{"@type":"ReadAction","target":["https:\/\/www.zunder.com\/de\/kontakt\/"]}]},{"@type":"BreadcrumbList","@id":"https:\/\/www.zunder.com\/de\/kontakt\/#breadcrumb","itemListElement":[{"@type":"ListItem","position":1,"name":"Portada","item":"https:\/\/www.zunder.com\/de\/"},{"@type":"ListItem","position":2,"name":"Kontakt"}]},{"@type":"WebSite","@id":"https:\/\/www.zunder.com\/de\/#website","url":"https:\/\/www.zunder.com\/de\/","name":"Zunder","description":"Charging Hero","potentialAction":[{"@type":"SearchAction","target":{"@type":"EntryPoint","urlTemplate":"https:\/\/www.zunder.com\/de\/?s={search_term_string}"},"query-input":{"@type":"PropertyValueSpecification","valueRequired":true,"valueName":"search_term_string"}}],"inLanguage":"de"}]}},"_links":{"self":[{"href":"https:\/\/www.zunder.com\/de\/wp-json\/wp\/v2\/pages\/44605","targetHints":{"allow":["GET"]}}],"collection":[{"href":"https:\/\/www.zunder.com\/de\/wp-json\/wp\/v2\/pages"}],"about":[{"href":"https:\/\/www.zunder.com\/de\/wp-json\/wp\/v2\/types\/page"}],"author":[{"embeddable":true,"href":"https:\/\/www.zunder.com\/de\/wp-json\/wp\/v2\/users\/1"}],"replies":[{"embeddable":true,"href":"https:\/\/www.zunder.com\/de\/wp-json\/wp\/v2\/comments?post=44605"}],"version-history":[{"count":2,"href":"https:\/\/www.zunder.com\/de\/wp-json\/wp\/v2\/pages\/44605\/revisions"}],"predecessor-version":[{"id":44607,"href":"https:\/\/www.zunder.com\/de\/wp-json\/wp\/v2\/pages\/44605\/revisions\/44607"}],"wp:attachment":[{"href":"https:\/\/www.zunder.com\/de\/wp-json\/wp\/v2\/media?parent=44605"}],"curies":[{"name":"wp","href":"https:\/\/api.w.org\/{rel}","templated":true}]}}