{"id":30083,"date":"2023-05-04T10:15:12","date_gmt":"2023-05-04T08:15:12","guid":{"rendered":"https:\/\/www.zunder.com\/jarri-harremanetan\/"},"modified":"2024-03-20T12:00:28","modified_gmt":"2024-03-20T11:00:28","slug":"jarri-harremanetan","status":"publish","type":"page","link":"https:\/\/www.zunder.com\/eu\/jarri-harremanetan\/","title":{"rendered":"Jarri harremanetan"},"content":{"rendered":"<p>[et_pb_section fb_built=&#8221;1&#8243; _builder_version=&#8221;4.20.2&#8243; _module_preset=&#8221;42affb73-ad2b-4d0c-8fab-fabed56c6857&#8243; global_module=&#8221;15757&#8243; saved_tabs=&#8221;all&#8221; collapsed=&#8221;off&#8221; global_colors_info=&#8221;{}&#8221;][et_pb_row _builder_version=&#8221;4.21.0&#8243; _module_preset=&#8221;default&#8221; collapsed=&#8221;off&#8221; global_colors_info=&#8221;{}&#8221;][et_pb_column type=&#8221;4_4&#8243; _builder_version=&#8221;4.20.2&#8243; _module_preset=&#8221;default&#8221; global_colors_info=&#8221;{}&#8221;][et_pb_text _builder_version=&#8221;4.21.0&#8243; _dynamic_attributes=&#8221;content&#8221; _module_preset=&#8221;default&#8221; header_text_align=&#8221;center&#8221; global_colors_info=&#8221;{}&#8221;]@ET-DC@eyJkeW5hbWljIjp0cnVlLCJjb250ZW50IjoicG9zdF90aXRsZSIsInNldHRpbmdzIjp7ImJlZm9yZSI6IjxoMT4iLCJhZnRlciI6IjxcL2gxPiJ9fQ==@[\/et_pb_text][\/et_pb_column][\/et_pb_row][\/et_pb_section][et_pb_section fb_built=&#8221;1&#8243; _builder_version=&#8221;4.20.2&#8243; _module_preset=&#8221;fefe5a54-b250-46a2-abcd-6042bebe7c69&#8243; custom_padding=&#8221;0px|||||&#8221; global_colors_info=&#8221;{}&#8221;][et_pb_row column_structure=&#8221;2_5,3_5&#8243; _builder_version=&#8221;4.20.2&#8243; _module_preset=&#8221;2501d89e-bf58-4d50-88e9-0acbaefd5700&#8243; global_colors_info=&#8221;{}&#8221;][et_pb_column type=&#8221;2_5&#8243; _builder_version=&#8221;4.20.2&#8243; _module_preset=&#8221;384b0718-2a91-4abf-822d-dbb2c17fd9ba&#8221; global_colors_info=&#8221;{}&#8221;][et_pb_text _builder_version=&#8221;4.21.0&#8243; _module_preset=&#8221;default&#8221; custom_margin=&#8221;||32px||false|false&#8221; global_colors_info=&#8221;{}&#8221;]<\/p>\n<h2>Bezeroaren arreta<\/h2>\n<p>Zunderren karga-sarearen erabiltzailea bazara eta zalantzak edo gorabeheraren bat baduzu, deitu. Gure taldeak lagunduko dizu, eguna eta ordua alde batera utzita.<\/p>\n<p>[\/et_pb_text][et_pb_text _builder_version=&#8221;4.20.2&#8243; _module_preset=&#8221;default&#8221; custom_margin=&#8221;||32px||false|false&#8221; global_colors_info=&#8221;{}&#8221;]<\/p>\n<h4>Telefonoa<\/h4>\n<p>+34 979 300 500<\/p>\n<p>[\/et_pb_text][et_pb_text _builder_version=&#8221;4.20.2&#8243; _module_preset=&#8221;default&#8221; global_colors_info=&#8221;{}&#8221;]<\/p>\n<h4>Helbide elektroniko<\/h4>\n<p>info@zunder.com<\/p>\n<p>[\/et_pb_text][\/et_pb_column][et_pb_column type=&#8221;3_5&#8243; _builder_version=&#8221;4.20.2&#8243; _module_preset=&#8221;09d8407c-33a4-4f4e-8f4d-18f27cd3ad99&#8243; global_colors_info=&#8221;{}&#8221;][et_pb_text _builder_version=&#8221;4.20.2&#8243; _module_preset=&#8221;default&#8221; custom_margin=&#8221;||32px||false|false&#8221; global_colors_info=&#8221;{}&#8221;]<\/p>\n<h2>Jarri harremanetan<\/h2>\n<p>Zunderri buruzko galderak egiten badizkizute, edo zerbait txundigarria proposatu nahi badiguzu, idatzi eta zurekin harremanetan jarriko gara.<\/p>\n<p>[\/et_pb_text][dsm_contact_form_7 cf7_library=&#8221;17003&#8243; module_id=&#8221;formulario-generico&#8221; _builder_version=&#8221;4.21.0&#8243; _module_preset=&#8221;a4466e46-fbe1-450a-a804-b20b9f32e0c3&#8243; global_colors_info=&#8221;{}&#8221;][\/dsm_contact_form_7][et_pb_text disabled_on=&#8221;off|off|off&#8221; module_id=&#8221;gracias-formulario&#8221; _builder_version=&#8221;4.21.0&#8243; _module_preset=&#8221;default&#8221; link_font=&#8221;||||on||||&#8221; header_2_font=&#8221;|600|||||||&#8221; header_2_font_size=&#8221;32px&#8221; background_enable_image=&#8221;off&#8221; background_size=&#8221;initial&#8221; background_position=&#8221;top_right&#8221; custom_padding=&#8221;||||false|false&#8221; custom_css_main_element=&#8221;display:none;&#8221; global_module=&#8221;22431&#8243; saved_tabs=&#8221;all&#8221; global_colors_info=&#8221;{%22gcid-76beaf44-2ae6-45fb-85a5-201d1855ff8c%22:%91%22header_5_text_color%22,%22header_4_text_color%22,%22header_3_text_color%22%93,%22gcid-1c25c2de-3d5e-4b3e-900d-a8287cafdd86%22:%91%22header_6_text_color%22,%22header_5_text_color%22,%22header_4_text_color%22,%22header_3_text_color%22%93}&#8221;]<\/p>\n<h2>\u00a1Gracias por ponerte en contacto con nosotros!<\/h2>\n<p>En breve recibir\u00e1s un correo electr\u00f3nico para confirmar la recepci\u00f3n de tu solicitud o comentario mientras dirigimos tu mensaje al \u00e1rea correspondiente.<\/p>\n<p>Para enviar una nueva solicitud, pulse <a href=\"#\"><u>aqu\u00ed<\/u><\/a><\/p>\n<p>[\/et_pb_text][\/et_pb_column][\/et_pb_row][\/et_pb_section]<\/p>\n","protected":false},"excerpt":{"rendered":"<p>Bezeroaren arreta Zunderren karga-sarearen erabiltzailea bazara eta zalantzak edo gorabeheraren bat baduzu, deitu. Gure taldeak lagunduko dizu, eguna eta ordua alde batera utzita.Telefonoa +34 979 300 500Helbide elektroniko info@zunder.comJarri harremanetan Zunderri buruzko galderak egiten badizkizute, edo zerbait txundigarria proposatu nahi badiguzu, idatzi eta zurekin harremanetan jarriko gara.<div id=\"formulario-generico\" class=\"et_pb_with_border et_pb_module dsm_contact_form_7 dsm_contact_form_7_0\">\n\t\t\t\t\n\t\t\t\t\n\t\t\t\t\n\t\t\t\t\n\t\t\t\t\n\t\t\t\t\n\t\t\t\t<div class=\"et_pb_module_inner\">\n\t\t\t\t\t<div class=\"\">\n\t\t\t\t\n<div class=\"wpcf7 no-js\" id=\"wpcf7-f30086-o1\" lang=\"eu-ES\" dir=\"ltr\" data-wpcf7-id=\"30086\">\n<div class=\"screen-reader-response\"><p role=\"status\" aria-live=\"polite\" aria-atomic=\"true\"><\/p> <ul><\/ul><\/div>\n<form action=\"\/eu\/wp-json\/wp\/v2\/pages\/30083#wpcf7-f30086-o1\" method=\"post\" class=\"wpcf7-form init\" aria-label=\"Contact form\" novalidate=\"novalidate\" data-status=\"init\">\n<fieldset class=\"hidden-fields-container\"><input type=\"hidden\" name=\"_wpcf7\" value=\"30086\" \/><input type=\"hidden\" name=\"_wpcf7_version\" value=\"6.1.5\" \/><input type=\"hidden\" name=\"_wpcf7_locale\" value=\"eu_ES\" \/><input type=\"hidden\" name=\"_wpcf7_unit_tag\" value=\"wpcf7-f30086-o1\" \/><input type=\"hidden\" name=\"_wpcf7_container_post\" value=\"0\" \/><input type=\"hidden\" name=\"_wpcf7_posted_data_hash\" value=\"\" \/><input type=\"hidden\" name=\"_uacf7_hidden_conditional_fields\" value=\"\" \/><input type=\"hidden\" name=\"_wpcf7_recaptcha_response\" value=\"\" \/>\n<\/fieldset>\n<div class=\"uacf7-form-wrapper-container uacf7-form-30086  \"><div class=\"uacf7-row\"><div class=\"uacf7-col-12\"> <span class=\"wpcf7-form-control-wrap\" data-name=\"tipo-contacto\"><span class=\"wpcf7-form-control wpcf7-radio\"><span class=\"wpcf7-list-item first\"><label><input type=\"radio\" name=\"tipo-contacto\" value=\"Prentsa\" \/><span class=\"wpcf7-list-item-label\">Prentsa<\/span><\/label><\/span><span class=\"wpcf7-list-item\"><label><input type=\"radio\" name=\"tipo-contacto\" value=\"Komertziala\" \/><span class=\"wpcf7-list-item-label\">Komertziala<\/span><\/label><\/span><span class=\"wpcf7-list-item last\"><label><input type=\"radio\" name=\"tipo-contacto\" value=\"Beste batzuk\" \/><span class=\"wpcf7-list-item-label\">Beste batzuk<\/span><\/label><\/span><\/span><\/span> <\/div><\/div>\n\n<div class=\"uacf7-row\"><div class=\"uacf7-col-12\"> <label><span class=\"wpcf7-form-control-wrap\" data-name=\"nombre\"><input size=\"40\" maxlength=\"400\" class=\"wpcf7-form-control wpcf7-text wpcf7-validates-as-required\" aria-required=\"true\" aria-invalid=\"false\" placeholder=\"Izena*\" value=\"\" type=\"text\" name=\"nombre\" \/><\/span><\/label> <\/div><\/div>\n\n<div class=\"uacf7-row\"><div class=\"uacf7-col-6\"> <label><span class=\"wpcf7-form-control-wrap\" data-name=\"email\"><input size=\"40\" maxlength=\"400\" class=\"wpcf7-form-control wpcf7-email wpcf7-validates-as-required wpcf7-text wpcf7-validates-as-email\" autocomplete=\"email\" aria-required=\"true\" aria-invalid=\"false\" placeholder=\"Helbide elektroniko*\" value=\"\" type=\"email\" name=\"email\" \/><\/span><\/label>  <\/div><div class=\"uacf7-col-6\"> <label><span class=\"wpcf7-form-control-wrap\" data-name=\"telefono\"><input size=\"40\" maxlength=\"400\" class=\"wpcf7-form-control wpcf7-tel wpcf7-validates-as-required wpcf7-text wpcf7-validates-as-tel\" aria-required=\"true\" aria-invalid=\"false\" placeholder=\"Telefono-harremana\" value=\"\" type=\"tel\" name=\"telefono\" \/><\/span><\/label> <\/div><\/div>\n\n<div class=\"uacf7-row\"><div class=\"uacf7-col-12\"> <label><span class=\"wpcf7-form-control-wrap\" data-name=\"comentarios\"><textarea cols=\"40\" rows=\"3\" maxlength=\"2000\" class=\"wpcf7-form-control wpcf7-textarea\" aria-invalid=\"false\" placeholder=\"Iruzkinak\" name=\"comentarios\"><\/textarea><\/span><\/label> <\/div><\/div>\n\n<div class=\"uacf7-row\"><div class=\"uacf7-col-12\"> <span style=\"font-size:13px;line-height:1.3em;\">Formulario honen bidez bildutako datu pertsonalak ZUNDERek (Grupo Easycharger, S.A.) tratatuko ditu (helbidea: Avenida Obispo Nicol\u00e1s Castellanos 1, solairuartea C, 34001 Palentzia), zure kontsultan oinarrituta eta erantzun bat emateko. Datuak eskuratzeko, zuzentzeko, ezabatzeko, aurka egiteko, eramateko, tratamendua mugatzeko edo araudiak unean-unean aitortzen dizkizun eskubideak erabili nahi badituzu, privacidad@zunder.com helbidean tratamenduaren arduradunari eska diezaiokezu. Datuen tratamenduari buruzko informazio osoa duzu erantsitako pribatutasun-politikan.<\/span> <\/div><\/div>\n\n<div class=\"uacf7-row\"><div class=\"uacf7-col-12\"> <label><span class=\"wpcf7-form-control-wrap\" data-name=\"acepto\"><span class=\"wpcf7-form-control wpcf7-checkbox wpcf7-validates-as-required\"><span class=\"wpcf7-list-item first last\"><label><input type=\"checkbox\" name=\"acepto[]\" value=\"Pribatutasun Politika onartzen dut\" \/><span class=\"wpcf7-list-item-label\">Pribatutasun Politika onartzen dut<\/span><\/label><\/span><\/span><\/span> <\/label>  <\/div><\/div>\n\n<button class=\"wpcf7-form-control wpcf7-submit has-spinner et_pb_button et_pb_bg_layout_light\" type=\"submit\" value=\"Bidali\">Bidali<\/button>\n\n\t\t<span class=\"wpcf7-form-control-wrap current-url\"\n\t\t\tdata-name=\"current-url\">\n\n\t\t\t<input id=\"uacf7_current-url\" class=\"wpcf7-form-control wpcf7-uacf7_dynamic_text\" aria-invalid=\"false\" name=\"current-url\" size=\"40\" type=\"hidden\" value=\"https:\/\/www.zunder.com\/eu\/wp-json\/wp\/v2\/pages\/30083\">\n\t\t\t<span><\/span>\n\t\t<\/span>\n\t\t<\/div><div class=\"wpcf7-response-output\" aria-hidden=\"true\"><\/div>\n<\/form>\n<\/div>\n\n\t\t\t<\/div>\n\t\t\t\t<\/div>\n\t\t\t<\/div>\u00a1Gracias por ponerte en [&hellip;]<\/p>\n","protected":false},"author":1,"featured_media":0,"parent":0,"menu_order":0,"comment_status":"closed","ping_status":"closed","template":"","meta":{"_acf_changed":false,"_et_pb_use_builder":"on","_et_pb_old_content":"","_et_gb_content_width":"","inline_featured_image":false,"footnotes":""},"class_list":["post-30083","page","type-page","status-publish","hentry"],"acf":[],"yoast_head":"<!-- This site is optimized with the Yoast SEO plugin v27.4 - https:\/\/yoast.com\/product\/yoast-seo-wordpress\/ -->\n<title>Jarri harremanetan - Zunder<\/title>\n<meta name=\"robots\" content=\"index, follow, max-snippet:-1, max-image-preview:large, max-video-preview:-1\" \/>\n<link rel=\"canonical\" href=\"https:\/\/www.zunder.com\/eu\/jarri-harremanetan\/\" \/>\n<meta property=\"og:locale\" content=\"eu_ES\" \/>\n<meta property=\"og:type\" content=\"article\" \/>\n<meta property=\"og:title\" content=\"Jarri harremanetan - Zunder\" \/>\n<meta property=\"og:description\" content=\"Bezeroaren arreta Zunderren karga-sarearen erabiltzailea bazara eta zalantzak edo gorabeheraren bat baduzu, deitu. Gure taldeak lagunduko dizu, eguna eta ordua alde batera utzita.Telefonoa +34 979 300 500Helbide elektroniko info@zunder.comJarri harremanetan Zunderri buruzko galderak egiten badizkizute, edo zerbait txundigarria proposatu nahi badiguzu, idatzi eta zurekin harremanetan jarriko gara.\u00a1Gracias por ponerte en [&hellip;]\" \/>\n<meta property=\"og:site_name\" content=\"Zunder\" \/>\n<meta property=\"article:modified_time\" content=\"2024-03-20T11:00:28+00:00\" \/>\n<meta name=\"twitter:card\" content=\"summary_large_image\" \/>\n<meta name=\"twitter:label1\" content=\"Est. reading time\" \/>\n\t<meta name=\"twitter:data1\" content=\"2 minutes\" \/>\n<script type=\"application\/ld+json\" class=\"yoast-schema-graph\">{\"@context\":\"https:\\\/\\\/schema.org\",\"@graph\":[{\"@type\":\"WebPage\",\"@id\":\"https:\\\/\\\/www.zunder.com\\\/eu\\\/jarri-harremanetan\\\/\",\"url\":\"https:\\\/\\\/www.zunder.com\\\/eu\\\/jarri-harremanetan\\\/\",\"name\":\"Jarri harremanetan - Zunder\",\"isPartOf\":{\"@id\":\"https:\\\/\\\/www.zunder.com\\\/eu\\\/#website\"},\"datePublished\":\"2023-05-04T08:15:12+00:00\",\"dateModified\":\"2024-03-20T11:00:28+00:00\",\"breadcrumb\":{\"@id\":\"https:\\\/\\\/www.zunder.com\\\/eu\\\/jarri-harremanetan\\\/#breadcrumb\"},\"inLanguage\":\"eu-ES\",\"potentialAction\":[{\"@type\":\"ReadAction\",\"target\":[\"https:\\\/\\\/www.zunder.com\\\/eu\\\/jarri-harremanetan\\\/\"]}]},{\"@type\":\"BreadcrumbList\",\"@id\":\"https:\\\/\\\/www.zunder.com\\\/eu\\\/jarri-harremanetan\\\/#breadcrumb\",\"itemListElement\":[{\"@type\":\"ListItem\",\"position\":1,\"name\":\"Portada\",\"item\":\"https:\\\/\\\/www.zunder.com\\\/eu\\\/\"},{\"@type\":\"ListItem\",\"position\":2,\"name\":\"Jarri harremanetan\"}]},{\"@type\":\"WebSite\",\"@id\":\"https:\\\/\\\/www.zunder.com\\\/eu\\\/#website\",\"url\":\"https:\\\/\\\/www.zunder.com\\\/eu\\\/\",\"name\":\"Zunder\",\"description\":\"Charging Hero\",\"potentialAction\":[{\"@type\":\"SearchAction\",\"target\":{\"@type\":\"EntryPoint\",\"urlTemplate\":\"https:\\\/\\\/www.zunder.com\\\/eu\\\/?s={search_term_string}\"},\"query-input\":{\"@type\":\"PropertyValueSpecification\",\"valueRequired\":true,\"valueName\":\"search_term_string\"}}],\"inLanguage\":\"eu-ES\"}]}<\/script>\n<!-- \/ Yoast SEO plugin. -->","yoast_head_json":{"title":"Jarri harremanetan - Zunder","robots":{"index":"index","follow":"follow","max-snippet":"max-snippet:-1","max-image-preview":"max-image-preview:large","max-video-preview":"max-video-preview:-1"},"canonical":"https:\/\/www.zunder.com\/eu\/jarri-harremanetan\/","og_locale":"eu_ES","og_type":"article","og_title":"Jarri harremanetan - Zunder","og_site_name":"Zunder","article_modified_time":"2024-03-20T11:00:28+00:00","twitter_card":"summary_large_image","twitter_misc":{"Est. reading time":"2 minutes"},"schema":{"@context":"https:\/\/schema.org","@graph":[{"@type":"WebPage","@id":"https:\/\/www.zunder.com\/eu\/jarri-harremanetan\/","url":"https:\/\/www.zunder.com\/eu\/jarri-harremanetan\/","name":"Jarri harremanetan - Zunder","isPartOf":{"@id":"https:\/\/www.zunder.com\/eu\/#website"},"datePublished":"2023-05-04T08:15:12+00:00","dateModified":"2024-03-20T11:00:28+00:00","breadcrumb":{"@id":"https:\/\/www.zunder.com\/eu\/jarri-harremanetan\/#breadcrumb"},"inLanguage":"eu-ES","potentialAction":[{"@type":"ReadAction","target":["https:\/\/www.zunder.com\/eu\/jarri-harremanetan\/"]}]},{"@type":"BreadcrumbList","@id":"https:\/\/www.zunder.com\/eu\/jarri-harremanetan\/#breadcrumb","itemListElement":[{"@type":"ListItem","position":1,"name":"Portada","item":"https:\/\/www.zunder.com\/eu\/"},{"@type":"ListItem","position":2,"name":"Jarri harremanetan"}]},{"@type":"WebSite","@id":"https:\/\/www.zunder.com\/eu\/#website","url":"https:\/\/www.zunder.com\/eu\/","name":"Zunder","description":"Charging Hero","potentialAction":[{"@type":"SearchAction","target":{"@type":"EntryPoint","urlTemplate":"https:\/\/www.zunder.com\/eu\/?s={search_term_string}"},"query-input":{"@type":"PropertyValueSpecification","valueRequired":true,"valueName":"search_term_string"}}],"inLanguage":"eu-ES"}]}},"_links":{"self":[{"href":"https:\/\/www.zunder.com\/eu\/wp-json\/wp\/v2\/pages\/30083","targetHints":{"allow":["GET"]}}],"collection":[{"href":"https:\/\/www.zunder.com\/eu\/wp-json\/wp\/v2\/pages"}],"about":[{"href":"https:\/\/www.zunder.com\/eu\/wp-json\/wp\/v2\/types\/page"}],"author":[{"embeddable":true,"href":"https:\/\/www.zunder.com\/eu\/wp-json\/wp\/v2\/users\/1"}],"replies":[{"embeddable":true,"href":"https:\/\/www.zunder.com\/eu\/wp-json\/wp\/v2\/comments?post=30083"}],"version-history":[{"count":4,"href":"https:\/\/www.zunder.com\/eu\/wp-json\/wp\/v2\/pages\/30083\/revisions"}],"predecessor-version":[{"id":32782,"href":"https:\/\/www.zunder.com\/eu\/wp-json\/wp\/v2\/pages\/30083\/revisions\/32782"}],"wp:attachment":[{"href":"https:\/\/www.zunder.com\/eu\/wp-json\/wp\/v2\/media?parent=30083"}],"curies":[{"name":"wp","href":"https:\/\/api.w.org\/{rel}","templated":true}]}}