{"id":20724,"date":"2023-05-04T10:15:12","date_gmt":"2023-05-04T08:15:12","guid":{"rendered":"http:\/\/test-web.zunder.com\/contact\/"},"modified":"2023-07-07T12:26:15","modified_gmt":"2023-07-07T10:26:15","slug":"contact","status":"publish","type":"page","link":"https:\/\/www.zunder.com\/fr\/contact\/","title":{"rendered":"Contact"},"content":{"rendered":"<p>[et_pb_section fb_built=\u00a0\u00bb1&Prime; _builder_version=\u00a0\u00bb4.20.2&Prime; _module_preset=\u00a0\u00bb42affb73-ad2b-4d0c-8fab-fabed56c6857&Prime; global_module=\u00a0\u00bb15757&Prime; global_colors_info=\u00a0\u00bb{}\u00a0\u00bb][et_pb_row _builder_version=\u00a0\u00bb4.21.0&Prime; _module_preset=\u00a0\u00bbdefault\u00a0\u00bb global_colors_info=\u00a0\u00bb{}\u00a0\u00bb][et_pb_column type=\u00a0\u00bb4_4&Prime; _builder_version=\u00a0\u00bb4.20.2&Prime; _module_preset=\u00a0\u00bbdefault\u00a0\u00bb global_colors_info=\u00a0\u00bb{}\u00a0\u00bb][et_pb_text _builder_version=\u00a0\u00bb4.21.0&Prime; _dynamic_attributes=\u00a0\u00bbcontent\u00a0\u00bb _module_preset=\u00a0\u00bbdefault\u00a0\u00bb header_text_align=\u00a0\u00bbcenter\u00a0\u00bb global_colors_info=\u00a0\u00bb{}\u00a0\u00bb]@ET-DC@eyJkeW5hbWljIjp0cnVlLCJjb250ZW50IjoicG9zdF90aXRsZSIsInNldHRpbmdzIjp7ImJlZm9yZSI6IjxoMT4iLCJhZnRlciI6IjxcL2gxPiJ9fQ==@[\/et_pb_text][\/et_pb_column][\/et_pb_row][\/et_pb_section][et_pb_section fb_built=\u00a0\u00bb1&Prime; _builder_version=\u00a0\u00bb4.20.2&Prime; _module_preset=\u00a0\u00bbfefe5a54-b250-46a2-abcd-6042bebe7c69&Prime; custom_padding=\u00a0\u00bb0px|||||\u00a0\u00bb global_colors_info=\u00a0\u00bb{}\u00a0\u00bb][et_pb_row column_structure=\u00a0\u00bb2_5,3_5&Prime; _builder_version=\u00a0\u00bb4.20.2&Prime; _module_preset=\u00a0\u00bb2501d89e-bf58-4d50-88e9-0acbaefd5700&Prime; global_colors_info=\u00a0\u00bb{}\u00a0\u00bb][et_pb_column type=\u00a0\u00bb2_5&Prime; _builder_version=\u00a0\u00bb4.20.2&Prime; _module_preset=\u00a0\u00bb384b0718-2a91-4abf-822d-dbb2c17fd9ba\u00a0\u00bb global_colors_info=\u00a0\u00bb{}\u00a0\u00bb][et_pb_text _builder_version=\u00a0\u00bb4.21.0&Prime; _module_preset=\u00a0\u00bbdefault\u00a0\u00bb custom_margin=\u00a0\u00bb||32px||false|false\u00a0\u00bb global_colors_info=\u00a0\u00bb{}\u00a0\u00bb]<\/p>\n<h2>Attention \u00e0 la client\u00e8le<\/h2>\n<p>Si vous \u00eates un utilisateur du r\u00e9seau de charge Zunder et que vous avez des questions ou tout type d\u2019incident, appelez-nous. Notre \u00e9quipe vous aidera peu importe le jour et l\u2019heure.<\/p>\n<p>[\/et_pb_text][et_pb_text _builder_version=\u00a0\u00bb4.20.2&Prime; _module_preset=\u00a0\u00bbdefault\u00a0\u00bb custom_margin=\u00a0\u00bb||32px||false|false\u00a0\u00bb global_colors_info=\u00a0\u00bb{}\u00a0\u00bb]<\/p>\n<h4>T\u00e9l\u00e9phone<\/h4>\n<p>+33 1 87 65 00 79<\/p>\n<p>[\/et_pb_text][et_pb_text _builder_version=\u00a0\u00bb4.20.2&Prime; _module_preset=\u00a0\u00bbdefault\u00a0\u00bb global_colors_info=\u00a0\u00bb{}\u00a0\u00bb]<\/p>\n<h4>E-mail<\/h4>\n<p>info@zunder.com<\/p>\n<p>[\/et_pb_text][\/et_pb_column][et_pb_column type=\u00a0\u00bb3_5&Prime; _builder_version=\u00a0\u00bb4.20.2&Prime; _module_preset=\u00a0\u00bb09d8407c-33a4-4f4e-8f4d-18f27cd3ad99&Prime; global_colors_info=\u00a0\u00bb{}\u00a0\u00bb][et_pb_text _builder_version=\u00a0\u00bb4.20.2&Prime; _module_preset=\u00a0\u00bbdefault\u00a0\u00bb custom_margin=\u00a0\u00bb||32px||false|false\u00a0\u00bb global_colors_info=\u00a0\u00bb{}\u00a0\u00bb]<\/p>\n<h2>Contact<\/h2>\n<p>Si vous avez des questions sur Zunder ou si vous voulez proposer quelque chose de super cool, \u00e9crivez-nous et nous vous contacterons.<\/p>\n<p>[\/et_pb_text][dsm_contact_form_7 cf7_library=\u00a0\u00bb17003&Prime; module_id=\u00a0\u00bbformulario-generico\u00a0\u00bb _builder_version=\u00a0\u00bb4.21.0&Prime; _module_preset=\u00a0\u00bba4466e46-fbe1-450a-a804-b20b9f32e0c3&Prime; global_colors_info=\u00a0\u00bb{}\u00a0\u00bb][\/dsm_contact_form_7][et_pb_text disabled_on=\u00a0\u00bboff|off|off\u00a0\u00bb module_id=\u00a0\u00bbgracias-formulario\u00a0\u00bb _builder_version=\u00a0\u00bb4.21.0&Prime; _module_preset=\u00a0\u00bbdefault\u00a0\u00bb link_font=\u00a0\u00bb||||on||||\u00a0\u00bb header_2_font=\u00a0\u00bb|600|||||||\u00a0\u00bb header_2_font_size=\u00a0\u00bb32px\u00a0\u00bb background_enable_image=\u00a0\u00bboff\u00a0\u00bb background_size=\u00a0\u00bbinitial\u00a0\u00bb background_position=\u00a0\u00bbtop_right\u00a0\u00bb custom_padding=\u00a0\u00bb||||false|false\u00a0\u00bb hover_enabled=\u00a0\u00bb0&Prime; global_module=\u00a0\u00bb22431&Prime; saved_tabs=\u00a0\u00bball\u00a0\u00bb global_colors_info=\u00a0\u00bb{%22gcid-76beaf44-2ae6-45fb-85a5-201d1855ff8c%22:%91%22header_5_text_color%22,%22header_4_text_color%22,%22header_3_text_color%22%93,%22gcid-1c25c2de-3d5e-4b3e-900d-a8287cafdd86%22:%91%22header_6_text_color%22,%22header_5_text_color%22,%22header_4_text_color%22,%22header_3_text_color%22%93}\u00a0\u00bb custom_css_main_element=\u00a0\u00bbdisplay:none;\u00a0\u00bb sticky_enabled=\u00a0\u00bb0&Prime;]<\/p>\n<h2>\u00a1Gracias por ponerte en contacto con nosotros!<\/h2>\n<p>En breve recibir\u00e1s un correo electr\u00f3nico para confirmar la recepci\u00f3n de tu solicitud o comentario mientras dirigimos tu mensaje al \u00e1rea correspondiente.<\/p>\n<p>Para enviar una nueva solicitud, pulse <a href=\"#\"><u>aqu\u00ed<\/u><\/a><\/p>\n<p>[\/et_pb_text][\/et_pb_column][\/et_pb_row][\/et_pb_section]<\/p>\n","protected":false},"excerpt":{"rendered":"<p>Attention \u00e0 la client\u00e8le Si vous \u00eates un utilisateur du r\u00e9seau de charge Zunder et que vous avez des questions ou tout type d\u2019incident, appelez-nous. Notre \u00e9quipe vous aidera peu importe le jour et l\u2019heure.T\u00e9l\u00e9phone +33 1 87 65 00 79E-mail info@zunder.comContact Si vous avez des questions sur Zunder ou si vous voulez proposer quelque [&hellip;]<\/p>\n","protected":false},"author":1,"featured_media":0,"parent":0,"menu_order":0,"comment_status":"closed","ping_status":"closed","template":"","meta":{"_acf_changed":false,"_et_pb_use_builder":"on","_et_pb_old_content":"","_et_gb_content_width":"","inline_featured_image":false,"footnotes":""},"class_list":["post-20724","page","type-page","status-publish","hentry"],"acf":[],"yoast_head":"<!-- This site is optimized with the Yoast SEO plugin v27.4 - https:\/\/yoast.com\/product\/yoast-seo-wordpress\/ -->\n<title>Contact - Zunder<\/title>\n<meta name=\"robots\" content=\"index, follow, max-snippet:-1, max-image-preview:large, max-video-preview:-1\" \/>\n<link rel=\"canonical\" href=\"https:\/\/www.zunder.com\/fr\/contact\/\" \/>\n<meta property=\"og:locale\" content=\"fr_FR\" \/>\n<meta property=\"og:type\" content=\"article\" \/>\n<meta property=\"og:title\" content=\"Contact - Zunder\" \/>\n<meta property=\"og:description\" content=\"Attention \u00e0 la client\u00e8le Si vous \u00eates un utilisateur du r\u00e9seau de charge Zunder et que vous avez des questions ou tout type d\u2019incident, appelez-nous. Notre \u00e9quipe vous aidera peu importe le jour et l\u2019heure.T\u00e9l\u00e9phone +33 1 87 65 00 79E-mail info@zunder.comContact Si vous avez des questions sur Zunder ou si vous voulez proposer quelque [&hellip;]\" \/>\n<meta property=\"og:site_name\" content=\"Zunder\" \/>\n<meta property=\"article:modified_time\" content=\"2023-07-07T10:26:15+00:00\" \/>\n<meta name=\"twitter:card\" content=\"summary_large_image\" \/>\n<meta name=\"twitter:label1\" content=\"Dur\u00e9e de lecture estim\u00e9e\" \/>\n\t<meta name=\"twitter:data1\" content=\"2 minutes\" \/>\n<script type=\"application\/ld+json\" class=\"yoast-schema-graph\">{\"@context\":\"https:\\\/\\\/schema.org\",\"@graph\":[{\"@type\":\"WebPage\",\"@id\":\"https:\\\/\\\/www.zunder.com\\\/fr\\\/contact\\\/\",\"url\":\"https:\\\/\\\/www.zunder.com\\\/fr\\\/contact\\\/\",\"name\":\"Contact - Zunder\",\"isPartOf\":{\"@id\":\"https:\\\/\\\/www.zunder.com\\\/fr\\\/#website\"},\"datePublished\":\"2023-05-04T08:15:12+00:00\",\"dateModified\":\"2023-07-07T10:26:15+00:00\",\"breadcrumb\":{\"@id\":\"https:\\\/\\\/www.zunder.com\\\/fr\\\/contact\\\/#breadcrumb\"},\"inLanguage\":\"fr-FR\",\"potentialAction\":[{\"@type\":\"ReadAction\",\"target\":[\"https:\\\/\\\/www.zunder.com\\\/fr\\\/contact\\\/\"]}]},{\"@type\":\"BreadcrumbList\",\"@id\":\"https:\\\/\\\/www.zunder.com\\\/fr\\\/contact\\\/#breadcrumb\",\"itemListElement\":[{\"@type\":\"ListItem\",\"position\":1,\"name\":\"Portada\",\"item\":\"https:\\\/\\\/www.zunder.com\\\/fr\\\/\"},{\"@type\":\"ListItem\",\"position\":2,\"name\":\"Contact\"}]},{\"@type\":\"WebSite\",\"@id\":\"https:\\\/\\\/www.zunder.com\\\/fr\\\/#website\",\"url\":\"https:\\\/\\\/www.zunder.com\\\/fr\\\/\",\"name\":\"Zunder\",\"description\":\"Charging Hero\",\"potentialAction\":[{\"@type\":\"SearchAction\",\"target\":{\"@type\":\"EntryPoint\",\"urlTemplate\":\"https:\\\/\\\/www.zunder.com\\\/fr\\\/?s={search_term_string}\"},\"query-input\":{\"@type\":\"PropertyValueSpecification\",\"valueRequired\":true,\"valueName\":\"search_term_string\"}}],\"inLanguage\":\"fr-FR\"}]}<\/script>\n<!-- \/ Yoast SEO plugin. -->","yoast_head_json":{"title":"Contact - Zunder","robots":{"index":"index","follow":"follow","max-snippet":"max-snippet:-1","max-image-preview":"max-image-preview:large","max-video-preview":"max-video-preview:-1"},"canonical":"https:\/\/www.zunder.com\/fr\/contact\/","og_locale":"fr_FR","og_type":"article","og_title":"Contact - Zunder","og_site_name":"Zunder","article_modified_time":"2023-07-07T10:26:15+00:00","twitter_card":"summary_large_image","twitter_misc":{"Dur\u00e9e de lecture estim\u00e9e":"2 minutes"},"schema":{"@context":"https:\/\/schema.org","@graph":[{"@type":"WebPage","@id":"https:\/\/www.zunder.com\/fr\/contact\/","url":"https:\/\/www.zunder.com\/fr\/contact\/","name":"Contact - Zunder","isPartOf":{"@id":"https:\/\/www.zunder.com\/fr\/#website"},"datePublished":"2023-05-04T08:15:12+00:00","dateModified":"2023-07-07T10:26:15+00:00","breadcrumb":{"@id":"https:\/\/www.zunder.com\/fr\/contact\/#breadcrumb"},"inLanguage":"fr-FR","potentialAction":[{"@type":"ReadAction","target":["https:\/\/www.zunder.com\/fr\/contact\/"]}]},{"@type":"BreadcrumbList","@id":"https:\/\/www.zunder.com\/fr\/contact\/#breadcrumb","itemListElement":[{"@type":"ListItem","position":1,"name":"Portada","item":"https:\/\/www.zunder.com\/fr\/"},{"@type":"ListItem","position":2,"name":"Contact"}]},{"@type":"WebSite","@id":"https:\/\/www.zunder.com\/fr\/#website","url":"https:\/\/www.zunder.com\/fr\/","name":"Zunder","description":"Charging Hero","potentialAction":[{"@type":"SearchAction","target":{"@type":"EntryPoint","urlTemplate":"https:\/\/www.zunder.com\/fr\/?s={search_term_string}"},"query-input":{"@type":"PropertyValueSpecification","valueRequired":true,"valueName":"search_term_string"}}],"inLanguage":"fr-FR"}]}},"_links":{"self":[{"href":"https:\/\/www.zunder.com\/fr\/wp-json\/wp\/v2\/pages\/20724","targetHints":{"allow":["GET"]}}],"collection":[{"href":"https:\/\/www.zunder.com\/fr\/wp-json\/wp\/v2\/pages"}],"about":[{"href":"https:\/\/www.zunder.com\/fr\/wp-json\/wp\/v2\/types\/page"}],"author":[{"embeddable":true,"href":"https:\/\/www.zunder.com\/fr\/wp-json\/wp\/v2\/users\/1"}],"replies":[{"embeddable":true,"href":"https:\/\/www.zunder.com\/fr\/wp-json\/wp\/v2\/comments?post=20724"}],"version-history":[{"count":21,"href":"https:\/\/www.zunder.com\/fr\/wp-json\/wp\/v2\/pages\/20724\/revisions"}],"predecessor-version":[{"id":30429,"href":"https:\/\/www.zunder.com\/fr\/wp-json\/wp\/v2\/pages\/20724\/revisions\/30429"}],"wp:attachment":[{"href":"https:\/\/www.zunder.com\/fr\/wp-json\/wp\/v2\/media?parent=20724"}],"curies":[{"name":"wp","href":"https:\/\/api.w.org\/{rel}","templated":true}]}}