{"id":27350,"date":"2023-05-24T12:29:56","date_gmt":"2023-05-24T10:29:56","guid":{"rendered":"https:\/\/www.zunder.com\/aviso-legal\/"},"modified":"2025-07-23T10:59:03","modified_gmt":"2025-07-23T08:59:03","slug":"aviso-legal","status":"publish","type":"page","link":"https:\/\/www.zunder.com\/gl\/aviso-legal\/","title":{"rendered":"Aviso legal"},"content":{"rendered":"<p>[et_pb_section fb_built=&#8221;1&#8243; _builder_version=&#8221;4.20.2&#8243; _module_preset=&#8221;42affb73-ad2b-4d0c-8fab-fabed56c6857&#8243; global_colors_info=&#8221;{}&#8221;][et_pb_row _builder_version=&#8221;4.21.0&#8243; _module_preset=&#8221;default&#8221; global_colors_info=&#8221;{}&#8221;][et_pb_column type=&#8221;4_4&#8243; _builder_version=&#8221;4.20.2&#8243; _module_preset=&#8221;default&#8221; global_colors_info=&#8221;{}&#8221;][et_pb_text _builder_version=&#8221;4.21.0&#8243; _dynamic_attributes=&#8221;content&#8221; _module_preset=&#8221;default&#8221; header_text_align=&#8221;left&#8221; global_colors_info=&#8221;{}&#8221;]@ET-DC@eyJkeW5hbWljIjp0cnVlLCJjb250ZW50IjoicG9zdF90aXRsZSIsInNldHRpbmdzIjp7ImJlZm9yZSI6IjxoMT4iLCJhZnRlciI6IjxcL2gxPiJ9fQ==@[\/et_pb_text][\/et_pb_column][\/et_pb_row][\/et_pb_section][et_pb_section fb_built=&#8221;1&#8243; _builder_version=&#8221;4.21.0&#8243; _module_preset=&#8221;fefe5a54-b250-46a2-abcd-6042bebe7c69&#8243; global_colors_info=&#8221;{}&#8221;][et_pb_row _builder_version=&#8221;4.21.0&#8243; _module_preset=&#8221;default&#8221; global_colors_info=&#8221;{}&#8221;][et_pb_column type=&#8221;4_4&#8243; _builder_version=&#8221;4.21.0&#8243; _module_preset=&#8221;default&#8221; global_colors_info=&#8221;{}&#8221;][et_pb_text _builder_version=&#8221;4.27.4&#8243; _module_preset=&#8221;default&#8221; global_colors_info=&#8221;{}&#8221;]<\/p>\n<p>Neste Aviso Legal, o Usuario, poder\u00e1 atopar toda a informaci\u00f3n relativa \u00e1s condici\u00f3ns legais que definen as relaci\u00f3ns entre os usuarios e o responsable da p\u00e1xina web accesible no enderezo URL https:\/\/www.zunder.com\/ (en diante, o Sitio Web), que GRUPO EASYCHARGER S.A. pon \u00e1 disposici\u00f3n dos usuarios da internet.<\/p>\n<p>A utilizaci\u00f3n do Sitio Web implica a aceptaci\u00f3n plena e sen reservas de todas e cada unha das disposici\u00f3ns inclu\u00eddas neste Aviso Legal. En consecuencia, o usuario do Sitio Web debe ler atentamente o presente Aviso Legal en cada unha das ocasi\u00f3ns nas que se propo\u00f1a utilizar a web, xa que o texto poder\u00eda sufrir modificaci\u00f3ns a criterio do titular da web, ou por mor dun cambio lexislativo, de xurisprudencia ou na pr\u00e1ctica empresarial. <\/p>\n<p><strong>1.- DATOS DO RESPONSABLE TITULAR DO SITIO WEB<\/strong><\/p>\n<p>Nome do titular: GRUPO EASYCHARGER S.A.<\/p>\n<p>Domicilio social: Plaza Padres Dominicos s\/n 34005 Palencia<\/p>\n<p>CIF: A34277434<\/p>\n<p>Tel\u00e9fono de contacto: 979300500<\/p>\n<p>Correo electr\u00f3nico: <a href=\"mailto:privacidad@zunder.com\">privacidad@zunder.com<\/a><\/p>\n<p>Inscrita no Rexistro Mercantil de Palencia, Folla P-7870 Tomo 502 Folio 30<\/p>\n<p>GRUPO EASYCHARGER S.A. \u00e9 o responsable do Sitio Web e comprom\u00e9tese a cumprir con todos os requisitos nacionais e europeos que regulan o uso dos datos persoais dos usuarios.<\/p>\n<p>Este Sitio Web garante a protecci\u00f3n e confidencialidade dos datos persoais que nos proporcionen de acordo co disposto no Regulamento (UE) 2016\/679 do Parlamento Europeo e do Consello, do 27 de abril de 2016, relativo \u00e1 protecci\u00f3n das persoas f\u00edsicas no que respecta ao tratamento de datos persoais, na Lei org\u00e1nica 3\/2018, de protecci\u00f3n de datos persoais e garant\u00eda dos dereitos dixitais, as\u00ed como na Lei 34\/2002, do 11 de xullo, de servizos da sociedade da informaci\u00f3n e de comercio electr\u00f3nico (LSSI-CE).<\/p>\n<p><strong>2.- OBXECTO<\/strong><\/p>\n<p>O Sitio Web facilita aos seus usuarios o acceso \u00e1 informaci\u00f3n e aos servizos fornecidos por GRUPO EASYCHARGER S.A. a aquelas persoas ou organizaci\u00f3ns interesadas neles.<\/p>\n<p>O acceso e a utilizaci\u00f3n do Sitio Web atrib\u00fae a condici\u00f3n de usuario do Sitio Web (en diante, o \u201cUsuario\u201d) e implica a aceptaci\u00f3n de todas as condici\u00f3ns inclu\u00eddas neste Aviso Legal, as\u00ed como das s\u00faas modificaci\u00f3ns. A prestaci\u00f3n do servizo do Sitio Web ten unha duraci\u00f3n limitada ao momento no que o Usuario estea conectado ao Sitio Web ou a alg\u00fan dos servizos que a trav\u00e9s del se facilitan. Polo tanto, o Usuario debe ler atentamente o presente Aviso Legal en cada unha das ocasi\u00f3ns nas que se propo\u00f1a utilizar o Sitio Web, xa que este e as s\u00faas condici\u00f3ns de uso recollidas no presente Aviso Legal poden sufrir modificaci\u00f3ns.  <\/p>\n<p><strong>3.- ACCESO E UTILIZACI\u00d3N DA WEB<\/strong><\/p>\n<p>3.1.- Car\u00e1cter gratu\u00edto do acceso e utilizaci\u00f3n da web. O acceso \u00e1 web ten car\u00e1cter gratu\u00edto para os seus usuarios, ag\u00e1s no relativo ao prezo da conexi\u00f3n a trav\u00e9s da rede de telecomunicaci\u00f3ns fornecida polo provedor de acceso contratado polos usuarios. <\/p>\n<p>3.2.- Rexistro de usuarios. Con car\u00e1cter xeral, o acceso e utilizaci\u00f3n da web non esixe a previa subscrici\u00f3n ou rexistro dos seus usuarios. <\/p>\n<p>3.3.- Os usuarios garanten e responden, en calquera caso, da exactitude, vixencia e autenticidade dos datos persoais facilitados, e comprom\u00e9tense a mantelos debidamente actualizados. O Usuario acepta proporcionar informaci\u00f3n completa e correcta no formulario de contacto ou subscrici\u00f3n. <\/p>\n<p>No caso dos menores de catorce anos, requ\u00edrese o consentimento dos pais ou titores para o tratamento dos seus datos persoais.<\/p>\n<p>En ning\u00fan caso recolleranse do menor de idade datos relativos \u00e1 situaci\u00f3n profesional, econ\u00f3mica ou \u00e1 intimidade dos outros membros da familia, sen o consentimento destes. Se es menor de catorce anos e accediches a este Sitio Web sen avisar os teus pais, non debes rexistrarte como Usuario. <\/p>\n<p>Nesta web resp\u00e9ctanse e c\u00f3idanse os datos persoais dos usuarios. Como usuario debes saber que os teus dereitos est\u00e1n garantidos. <\/p>\n<p><strong>4.- CONTIDOS DA WEB<\/strong><\/p>\n<p>Sen prexu\u00edzo dos contidos web facilitados en diversos idiomas, o idioma utilizado polo titular na web ser\u00e1 o espa\u00f1ol e en caso de discrepancia, prevalecer\u00e1 sobre o resto. GRUPO EASYCHARGER SA non se responsabiliza da non comprensi\u00f3n ou entendemento do\/os idioma\/s da web polo usuario, nin das s\u00faas consecuencias. <\/p>\n<p>GRUPO EASYCHARGER S.A. poder\u00e1 modificar os contidos sen previo aviso, as\u00ed como suprimir e cambiar estes dentro da web, como a forma na que se accede a estes, sen xustificaci\u00f3n ningunha e libremente, non responsabiliz\u00e1ndose das consecuencias que estes poidan ocasionar aos usuarios.<\/p>\n<p>Proh\u00edbese o uso dos contidos da web para facer promoci\u00f3n, contratar ou divulgar publicidade ou informaci\u00f3n propia ou de terceiras persoas sen a autorizaci\u00f3n de GRUPO EASYCHARGER S.A., nin remitir publicidade ou informaci\u00f3n val\u00e9ndose para iso dos servizos ou informaci\u00f3n que se po\u00f1en \u00e1 disposici\u00f3n dos usuarios, con independencia de se a utilizaci\u00f3n \u00e9 gratu\u00edta ou non.<\/p>\n<p>As ligaz\u00f3ns ou hiperligaz\u00f3ns que incorporen terceiros nas s\u00faas p\u00e1xinas web, dirixidos a esta web, ser\u00e1n para a apertura da p\u00e1xina web completa, non podendo manifestar, directa ou indirectamente, indicaci\u00f3ns falsas, inexactas ou confusas, nin incorrer en acci\u00f3ns desleais ou il\u00edcitas en contra daquel.<\/p>\n<p><strong>5.- MEDIDAS DE SEGURIDADE<\/strong><\/p>\n<p>Os datos persoais comunicados polo Usuario poder\u00e1n ser almacenados en bases de datos automatizadas ou non, cuxa titularidade corresponde en exclusiva a GRUPO EASYCHARGER S.A., asumindo todas as medidas de \u00edndole t\u00e9cnica, organizativa e de seguridade que garantan a confidencialidade, integridade e calidade da informaci\u00f3n contida nelas de acordo co establecido nas normativas vixentes en materia de protecci\u00f3n de datos de car\u00e1cter persoal.<\/p>\n<p><strong>6.- LIMITACI\u00d3N DE RESPONSABILIDADE<\/strong><\/p>\n<p>Tanto o acceso \u00e1 web como o uso non consentido que poida efectuarse da informaci\u00f3n contida nela \u00e9 da exclusiva responsabilidade de quen o realiza. GRUPO EASYCHARGER S.A. non responder\u00e1 de ningunha consecuencia, dano ou perdas que puidesen derivarse do dito acceso ou uso. Tampouco se fai responsable dos erros de seguridade, que se poidan producir nin dos danos que poidan causarse ao sistema inform\u00e1tico do Usuario (hardware e software), ou \u00f3s ficheiros ou documentos almacenados nel, como consecuencia de:  <\/p>\n<ol>\n<li>a presencia dun virus no ordenador do usuario que sexa utilizado para a conexi\u00f3n aos servizos e contidos da web,<\/li>\n<li>un mal funcionamento do navegador,<\/li>\n<li>e\/ou do uso de versi\u00f3ns non actualizadas del.<\/li>\n<\/ol>\n<p>GRUPO EASYCHARGER S.A. non se fai responsable da fiabilidade e rapidez das hiperligaz\u00f3ns que se incorporen na web para a apertura doutras. Tampouco garante a utilidade destas ligaz\u00f3ns, nin se responsabiliza dos contidos ou servizos aos que poida acceder o Usuario por medio destas ligaz\u00f3ns, nin do bo funcionamento destas webs. <\/p>\n<p>GRUPO EASYCHARGER S.A. non ser\u00e1 responsable dos virus ou demais programas inform\u00e1ticos que deterioren ou poidan deteriorar os sistemas ou equipos inform\u00e1ticos dos usuarios ao acceder \u00e1 s\u00faa web ou outras webs \u00e1s que se acceda mediante as ligaz\u00f3ns desta web.<\/p>\n<p><strong>7.- EMPREGO DA TECNOLOX\u00cdA \u201cCOOKIE\u201d<\/strong><\/p>\n<p>O Sitio Web pode empregar cookies ou tecnolox\u00edas similares que se rexer\u00e1n polo establecido na Pol\u00edtica de Cookies, accesible en todo momento e respectando a confidencialidade e intimidade do Usuario, sendo parte integrante do presente Aviso Legal.<\/p>\n<p><strong>8.- EXPLORACI\u00d3N<\/strong><\/p>\n<p>Os servidores da internet poden recoller datos non identificables, que puideran inclu\u00edr, enderezos IP, e outros datos que non poden ser utilizados para identificar o Usuario. O seu enderezo IP almacenarase nos rexistros de acceso de forma autom\u00e1tica e coa \u00fanica finalidade de permitir o tr\u00e1nsito pola internet, sendo necesario que o seu equipo facilite este enderezo IP cando explora por internet para que as comunicaci\u00f3ns poidan realizarse. As\u00ed mesmo, o enderezo IP poder\u00e1 ser utilizado para realizar estat\u00edsticas, de maneira anonimizada, sobre o n\u00famero de visitantes desta web e a s\u00faa procedencia, de xeito totalmente transparente \u00e1 s\u00faa exploraci\u00f3n.  <\/p>\n<p><strong>9.- PROPIEDADE INTELECTUAL E INDUSTRIAL<\/strong><\/p>\n<p>O Usuario co\u00f1ece e acepta que todos os contidos e\/ou calquera outro elemento do Sitio Web son propiedade de GRUPO EASYCHARGER S.A., e comprom\u00e9tese a respectar os dereitos de propiedade intelectual e industrial titularidade del e\/ou de terceiros. Calquera uso da web ou os seus contidos deber\u00e1 ter un car\u00e1cter exclusivamente particular.<\/p>\n<p>Est\u00e1 reservado exclusivamente a GRUPO EASYCHARGER S.A., calquera outro uso que supo\u00f1a a copia, reproduci\u00f3n, distribuci\u00f3n, transformaci\u00f3n, comunicaci\u00f3n p\u00fablica ou calquera outra acci\u00f3n similar, de todo ou parte dos contidos da web, polo que ning\u00fan usuario poder\u00e1 levar a cabo estas acci\u00f3ns sen a autorizaci\u00f3n previa e por escrito daquel.<\/p>\n<p><strong>10.- LEXISLACI\u00d3N APLICABLE E XURISDICI\u00d3N COMPETENTE<\/strong><\/p>\n<p>O presente Aviso Legal interpretarase e rexerase de conformidade coa lexislaci\u00f3n espa\u00f1ola. GRUPO EASYCHARGER S.A. e os usuarios, con renuncia expresa a calquera outro foro que puidese corresponderlles, som\u00e9tense ao dos xulgados e tribunais do domicilio do Usuario para calquera controversia que se puidese derivar do acceso ou uso da web. No caso de que o Usuario te\u00f1a o seu domicilio f\u00f3ra de Espa\u00f1a, GRUPO EASYCHARGER S.A. e o Usuario, som\u00e9tense, con renuncia expresa a calquera outro foro, aos xulgados e tribunais da cidade de Palencia.  <\/p>\n<p>[\/et_pb_text][\/et_pb_column][\/et_pb_row][\/et_pb_section]<\/p>\n","protected":false},"excerpt":{"rendered":"<p>Neste Aviso Legal, o Usuario, poder\u00e1 atopar toda a informaci\u00f3n relativa \u00e1s condici\u00f3ns legais que definen as relaci\u00f3ns entre os usuarios e o responsable da p\u00e1xina web accesible no enderezo URL https:\/\/www.zunder.com\/ (en diante, o Sitio Web), que GRUPO EASYCHARGER S.A. pon \u00e1 disposici\u00f3n dos usuarios da internet. A utilizaci\u00f3n do Sitio Web implica a [&hellip;]<\/p>\n","protected":false},"author":1,"featured_media":0,"parent":0,"menu_order":0,"comment_status":"closed","ping_status":"closed","template":"","meta":{"_acf_changed":false,"_et_pb_use_builder":"on","_et_pb_old_content":"","_et_gb_content_width":"","inline_featured_image":false,"footnotes":""},"class_list":["post-27350","page","type-page","status-publish","hentry"],"acf":[],"yoast_head":"<!-- This site is optimized with the Yoast SEO plugin v27.4 - https:\/\/yoast.com\/product\/yoast-seo-wordpress\/ -->\n<title>Aviso legal - Zunder<\/title>\n<meta name=\"robots\" content=\"index, follow, max-snippet:-1, max-image-preview:large, max-video-preview:-1\" \/>\n<link rel=\"canonical\" href=\"https:\/\/www.zunder.com\/gl\/aviso-legal\/\" \/>\n<meta property=\"og:locale\" content=\"gl_ES\" \/>\n<meta property=\"og:type\" content=\"article\" \/>\n<meta property=\"og:title\" content=\"Aviso legal - Zunder\" \/>\n<meta property=\"og:description\" content=\"Neste Aviso Legal, o Usuario, poder\u00e1 atopar toda a informaci\u00f3n relativa \u00e1s condici\u00f3ns legais que definen as relaci\u00f3ns entre os usuarios e o responsable da p\u00e1xina web accesible no enderezo URL https:\/\/www.zunder.com\/ (en diante, o Sitio Web), que GRUPO EASYCHARGER S.A. pon \u00e1 disposici\u00f3n dos usuarios da internet. A utilizaci\u00f3n do Sitio Web implica a [&hellip;]\" \/>\n<meta property=\"og:site_name\" content=\"Zunder\" \/>\n<meta property=\"article:modified_time\" content=\"2025-07-23T08:59:03+00:00\" \/>\n<meta name=\"twitter:card\" content=\"summary_large_image\" \/>\n<meta name=\"twitter:label1\" content=\"Tempo de lectura\" \/>\n\t<meta name=\"twitter:data1\" content=\"9 minutos\" \/>\n<script type=\"application\/ld+json\" class=\"yoast-schema-graph\">{\"@context\":\"https:\\\/\\\/schema.org\",\"@graph\":[{\"@type\":\"WebPage\",\"@id\":\"https:\\\/\\\/www.zunder.com\\\/gl\\\/aviso-legal\\\/\",\"url\":\"https:\\\/\\\/www.zunder.com\\\/gl\\\/aviso-legal\\\/\",\"name\":\"Aviso legal - Zunder\",\"isPartOf\":{\"@id\":\"https:\\\/\\\/www.zunder.com\\\/gl\\\/#website\"},\"datePublished\":\"2023-05-24T10:29:56+00:00\",\"dateModified\":\"2025-07-23T08:59:03+00:00\",\"breadcrumb\":{\"@id\":\"https:\\\/\\\/www.zunder.com\\\/gl\\\/aviso-legal\\\/#breadcrumb\"},\"inLanguage\":\"gl-ES\",\"potentialAction\":[{\"@type\":\"ReadAction\",\"target\":[\"https:\\\/\\\/www.zunder.com\\\/gl\\\/aviso-legal\\\/\"]}]},{\"@type\":\"BreadcrumbList\",\"@id\":\"https:\\\/\\\/www.zunder.com\\\/gl\\\/aviso-legal\\\/#breadcrumb\",\"itemListElement\":[{\"@type\":\"ListItem\",\"position\":1,\"name\":\"Portada\",\"item\":\"https:\\\/\\\/www.zunder.com\\\/gl\\\/\"},{\"@type\":\"ListItem\",\"position\":2,\"name\":\"Aviso legal\"}]},{\"@type\":\"WebSite\",\"@id\":\"https:\\\/\\\/www.zunder.com\\\/gl\\\/#website\",\"url\":\"https:\\\/\\\/www.zunder.com\\\/gl\\\/\",\"name\":\"Zunder\",\"description\":\"Charging Hero\",\"potentialAction\":[{\"@type\":\"SearchAction\",\"target\":{\"@type\":\"EntryPoint\",\"urlTemplate\":\"https:\\\/\\\/www.zunder.com\\\/gl\\\/?s={search_term_string}\"},\"query-input\":{\"@type\":\"PropertyValueSpecification\",\"valueRequired\":true,\"valueName\":\"search_term_string\"}}],\"inLanguage\":\"gl-ES\"}]}<\/script>\n<!-- \/ Yoast SEO plugin. -->","yoast_head_json":{"title":"Aviso legal - Zunder","robots":{"index":"index","follow":"follow","max-snippet":"max-snippet:-1","max-image-preview":"max-image-preview:large","max-video-preview":"max-video-preview:-1"},"canonical":"https:\/\/www.zunder.com\/gl\/aviso-legal\/","og_locale":"gl_ES","og_type":"article","og_title":"Aviso legal - Zunder","og_site_name":"Zunder","article_modified_time":"2025-07-23T08:59:03+00:00","twitter_card":"summary_large_image","twitter_misc":{"Tempo de lectura":"9 minutos"},"schema":{"@context":"https:\/\/schema.org","@graph":[{"@type":"WebPage","@id":"https:\/\/www.zunder.com\/gl\/aviso-legal\/","url":"https:\/\/www.zunder.com\/gl\/aviso-legal\/","name":"Aviso legal - Zunder","isPartOf":{"@id":"https:\/\/www.zunder.com\/gl\/#website"},"datePublished":"2023-05-24T10:29:56+00:00","dateModified":"2025-07-23T08:59:03+00:00","breadcrumb":{"@id":"https:\/\/www.zunder.com\/gl\/aviso-legal\/#breadcrumb"},"inLanguage":"gl-ES","potentialAction":[{"@type":"ReadAction","target":["https:\/\/www.zunder.com\/gl\/aviso-legal\/"]}]},{"@type":"BreadcrumbList","@id":"https:\/\/www.zunder.com\/gl\/aviso-legal\/#breadcrumb","itemListElement":[{"@type":"ListItem","position":1,"name":"Portada","item":"https:\/\/www.zunder.com\/gl\/"},{"@type":"ListItem","position":2,"name":"Aviso legal"}]},{"@type":"WebSite","@id":"https:\/\/www.zunder.com\/gl\/#website","url":"https:\/\/www.zunder.com\/gl\/","name":"Zunder","description":"Charging Hero","potentialAction":[{"@type":"SearchAction","target":{"@type":"EntryPoint","urlTemplate":"https:\/\/www.zunder.com\/gl\/?s={search_term_string}"},"query-input":{"@type":"PropertyValueSpecification","valueRequired":true,"valueName":"search_term_string"}}],"inLanguage":"gl-ES"}]}},"_links":{"self":[{"href":"https:\/\/www.zunder.com\/gl\/wp-json\/wp\/v2\/pages\/27350","targetHints":{"allow":["GET"]}}],"collection":[{"href":"https:\/\/www.zunder.com\/gl\/wp-json\/wp\/v2\/pages"}],"about":[{"href":"https:\/\/www.zunder.com\/gl\/wp-json\/wp\/v2\/types\/page"}],"author":[{"embeddable":true,"href":"https:\/\/www.zunder.com\/gl\/wp-json\/wp\/v2\/users\/1"}],"replies":[{"embeddable":true,"href":"https:\/\/www.zunder.com\/gl\/wp-json\/wp\/v2\/comments?post=27350"}],"version-history":[{"count":12,"href":"https:\/\/www.zunder.com\/gl\/wp-json\/wp\/v2\/pages\/27350\/revisions"}],"predecessor-version":[{"id":43467,"href":"https:\/\/www.zunder.com\/gl\/wp-json\/wp\/v2\/pages\/27350\/revisions\/43467"}],"wp:attachment":[{"href":"https:\/\/www.zunder.com\/gl\/wp-json\/wp\/v2\/media?parent=27350"}],"curies":[{"name":"wp","href":"https:\/\/api.w.org\/{rel}","templated":true}]}}