{"id":27354,"date":"2023-05-24T13:32:53","date_gmt":"2023-05-24T11:32:53","guid":{"rendered":"https:\/\/www.zunder.com\/politica-de-cookies\/"},"modified":"2023-07-03T08:33:35","modified_gmt":"2023-07-03T06:33:35","slug":"politica-de-cookies","status":"publish","type":"page","link":"https:\/\/www.zunder.com\/gl\/politica-de-cookies\/","title":{"rendered":"Pol\u00edtica de Cookies"},"content":{"rendered":"<p>[et_pb_section fb_built=&#8221;1&#8243; _builder_version=&#8221;4.20.2&#8243; _module_preset=&#8221;42affb73-ad2b-4d0c-8fab-fabed56c6857&#8243; global_colors_info=&#8221;{}&#8221;][et_pb_row _builder_version=&#8221;4.21.0&#8243; _module_preset=&#8221;default&#8221; hover_enabled=&#8221;0&#8243; global_colors_info=&#8221;{}&#8221; sticky_enabled=&#8221;0&#8243;][et_pb_column type=&#8221;4_4&#8243; _builder_version=&#8221;4.20.2&#8243; _module_preset=&#8221;default&#8221; global_colors_info=&#8221;{}&#8221;][et_pb_text _builder_version=&#8221;4.21.0&#8243; _dynamic_attributes=&#8221;content&#8221; _module_preset=&#8221;default&#8221; hover_enabled=&#8221;0&#8243; global_colors_info=&#8221;{}&#8221; sticky_enabled=&#8221;0&#8243;]@ET-DC@eyJkeW5hbWljIjp0cnVlLCJjb250ZW50IjoicG9zdF90aXRsZSIsInNldHRpbmdzIjp7ImJlZm9yZSI6IjxoMT4iLCJhZnRlciI6IjxcL2gxPiJ9fQ==@[\/et_pb_text][\/et_pb_column][\/et_pb_row][\/et_pb_section][et_pb_section fb_built=&#8221;1&#8243; _builder_version=&#8221;4.21.0&#8243; _module_preset=&#8221;fefe5a54-b250-46a2-abcd-6042bebe7c69&#8243; global_colors_info=&#8221;{}&#8221;][et_pb_row _builder_version=&#8221;4.21.0&#8243; _module_preset=&#8221;default&#8221; global_colors_info=&#8221;{}&#8221;][et_pb_column type=&#8221;4_4&#8243; _builder_version=&#8221;4.21.0&#8243; _module_preset=&#8221;default&#8221; global_colors_info=&#8221;{}&#8221;][et_pb_text _builder_version=&#8221;4.21.0&#8243; _module_preset=&#8221;default&#8221; global_colors_info=&#8221;{}&#8221;]<\/p>\n<p>Na web https:\/\/www.zunder.com\/ (en diante, o Sitio Web) utilizamos cookies para facilitar a relaci\u00f3n dos visitantes co noso contido e para permitir elaborar estat\u00edsticas sobre os visitantes que recibimos.<\/p>\n<p>Inform\u00e1moslle que podemos utilizar cookies coa finalidade de facilitar a s\u00faa exploraci\u00f3n a trav\u00e9s do Sitio Web, distinguilo doutros usuarios, proporcionarlle unha mellor experiencia de uso e identificar problemas para mellorar o noso Sitio Web. As\u00ed mesmo, no caso de que preste o seu consentimento, utilizaremos cookies que nos permitan obter m\u00e1is informaci\u00f3n acerca das s\u00faas preferencias e personalizar o noso Sitio Web de conformidade cos seus intereses individuais.<\/p>\n<h4>Que son as cookies?<\/h4>\n<p>Denom\u00ednanse cookies a uns pequenos arquivos que se gravan no explorador utilizado por cada visitante da nosa web para que o servidor poida recordar a visita dese usuario con posterioridade cando volva acceder aos nosos contidos. Esta informaci\u00f3n non revela a s\u00faa identidade, nin dato persoal ning\u00fan, nin accede ao contido almacenado na s\u00faa PC, pero si que permite ao noso sistema identificalo a vostede como un usuario determinado que xa visitou a web con anterioridade, visualizou determinadas p\u00e1xinas, etc. e ademais permite gardar as s\u00faas preferencias persoais e informaci\u00f3n t\u00e9cnica como por exemplo as visitas realizadas ou p\u00e1xinas concretas que visite.<\/p>\n<p>En cumprimento da Directiva 2009\/136\/CE, desenvolvida no noso ordenamento polo apartado segundo do artigo 22 da Lei de servizos da sociedade da informaci\u00f3n e de comercio electr\u00f3nico, seguindo as directrices da Axencia Espa\u00f1ola de Protecci\u00f3n de Datos, procedemos a informarlle detalladamente do uso que se realiza na nosa web.<\/p>\n<p>A presente pol\u00edtica de cookies ten por finalidade informarlle de maneira clara e precisa sobre as cookies que se utilizan no noso Sitio Web (a \u201cPol\u00edtica de Cookies\u201d). Respecto das cookies de terceiros, \u00e9 dicir, aquelas que son alleas ao noso Sitio Web, non podemos facernos responsables do contido e a veracidade das pol\u00edticas de privacidade que eles incl\u00faen, polo que a informaci\u00f3n que lle ofrecemos \u00e9 sempre con referencia \u00e1 fonte.<\/p>\n<p>A continuaci\u00f3n, real\u00edzase unha clasificaci\u00f3n das cookies en funci\u00f3n dunha serie de categor\u00edas. Non obstante, c\u00f3mpre ter en conta que unha mesma cookie pode estar inclu\u00edda en m\u00e1is dunha categor\u00eda.<\/p>\n<h4>Tipos de cookies segundo a entidade que as xestiona<\/h4>\n<p>\u2013 Cookies propias: son aquelas que se env\u00edan ao equipo terminal do usuario desde un equipo ou dominio xestionado polo propio editor e desde o que se presta o servizo solicitado polo usuario.<\/p>\n<p>\u2013 Cookies de terceiros: son aquelas que se env\u00edan ao equipo terminal do usuario desde un equipo ou dominio que non \u00e9 xestionado polo editor, sen\u00f3n por outra entidade que trata os datos<\/p>\n<h4>Tipo de cookies segundo o prazo de tempo que permanecen activas<\/h4>\n<p>\u2013 Cookies de sesi\u00f3n: son un tipo de cookies dese\u00f1adas para recoller e almacenar datos mentres o usuario accede a unha p\u00e1xina web.<\/p>\n<p>\u2013 Cookies persistentes: son un tipo de cookies no que os datos seguen almacenados no terminal e poden ser accedidos e tratados durante un per\u00edodo definido polo responsable da cookie, e que pode ir duns minutos a varios anos.<\/p>\n<h4>Tipos de cookies segundo a s\u00faa finalidade<\/h4>\n<p>\u2013 Cookies t\u00e9cnicas: aquelas que permiten ao usuario a exploraci\u00f3n a trav\u00e9s dunha p\u00e1xina web, plataforma ou aplicaci\u00f3n e a utilizaci\u00f3n das diferentes opci\u00f3ns ou servizos que nela existan como, por exemplo, controlar o tr\u00e1fico e a comunicaci\u00f3n de datos, identificar a sesi\u00f3n, acceder a partes de acceso restrinxido, lembrar os elementos que integran un pedido, realizar o proceso de compra dun pedido, realizar a solicitude de inscrici\u00f3n ou participaci\u00f3n nun evento, utilizar elementos de seguridade durante a exploraci\u00f3n, almacenar contidos para a difusi\u00f3n de v\u00eddeos ou son, ou compartir contidos a trav\u00e9s de redes sociais.<\/p>\n<p>\u2013 Cookies de personalizaci\u00f3n: son aquelas que permiten ao usuario acceder ao servizo con algunhas caracter\u00edsticas de car\u00e1cter xeral definidas previamente en funci\u00f3n dunha serie de criterios no terminal do usuario como por exemplo serian o idioma, o tipo de explorador a trav\u00e9s do cal accede ao servizo, a configuraci\u00f3n rexional desde onde accede ao servizo, etc.<\/p>\n<p>\u2013 Cookies publicitarias: son aquelas que permiten a xesti\u00f3n, da forma m\u00e1is eficaz posible, dos espazos publicitarios que, no seu caso, o editor inclu\u00edra nunha p\u00e1xina web, aplicaci\u00f3n ou plataforma desde a que presta o servizo solicitado con base en criterios como o contido editado ou a frecuencia na que se mostran os anuncios.<\/p>\n<p>\u2013 Cookies de publicidade comportamental: son aquelas que permiten a xesti\u00f3n, da forma m\u00e1is eficaz posible, dos espazos publicitarios que, no seu caso, o editor inclu\u00edra nunha p\u00e1xina web, aplicaci\u00f3n ou plataforma desde a que presta o servizo solicitado. Estas cookies almacenan informaci\u00f3n do comportamento dos usuarios obtida a trav\u00e9s da observaci\u00f3n continuada dos seus h\u00e1bitos de exploraci\u00f3n, o que permite desenvolver un perfil espec\u00edfico para mostrar publicidade en funci\u00f3n deste.<\/p>\n<p>\u2013 Cookies de an\u00e1lise: son aquelas que permiten ao seu responsable o seguimento e a an\u00e1lise do comportamento dos usuarios dos sitios web aos que est\u00e1n vinculadas. A informaci\u00f3n recollida mediante este tipo de cookies util\u00edzase na medici\u00f3n da actividade dos sitios web, aplicaci\u00f3n ou plataforma e para a elaboraci\u00f3n de perf\u00eds de exploraci\u00f3n dos usuarios dos ditos sitios, aplicaci\u00f3ns e plataformas, co fin de introducir melloras en funci\u00f3n da an\u00e1lise dos datos de uso que fan os usuarios do servizo.<\/p>\n<p>Respecto ao tratamento de datos recollidos a trav\u00e9s das cookies de an\u00e1lise, malia que non est\u00e1n exentas do deber de obter un consentimento informado para o seu uso, \u00e9 pouco probable que representen un risco para a privacidade dos usuarios sempre que se trate de cookies de primeira parte, que traten datos agregados cunha finalidade estritamente estat\u00edstica, que se facilite informaci\u00f3n sobre os seus usos e se incl\u00faa a posibilidade de que os usuarios manifesten a s\u00faa negativa sobre a s\u00faa utilizaci\u00f3n.<\/p>\n<p>Actualmente, a maior\u00eda dos exploradores ve\u00f1en configurados por defecto para bloquear a instalaci\u00f3n de cookies de publicidade ou terceiros no seu equipo. O usuario pode ampliar as restrici\u00f3ns de orixe, impedindo a entrada de calquera tipo de cookies, ou eliminar as ditas restrici\u00f3ns, aceptando a entrada de calquera tipo de cookies. Se est\u00e1 interesado en admitir cookies de publicidade ou de terceiros, poder\u00e1 configurar o seu explorador para tal fin.<\/p>\n<p>A aceptaci\u00f3n realizada polo usuario, premendo no bot\u00f3n de ACEPTAR mostrado na informaci\u00f3n inicial sobre cookies, implica que est\u00e1 a consentir expresamente ao responsable para a s\u00faa utilizaci\u00f3n, podendo exercer os seus dereitos e revogar o seu consentimento en calquera momento mediante solicitude a GRUPO EASYCHARGER S.A.<\/p>\n<p>A continuaci\u00f3n, inform\u00e1moslle detalladamente de todas as cookies que poder\u00edan chegar a instalarse desde o noso Sitio Web. En funci\u00f3n da s\u00faa exploraci\u00f3n, da configuraci\u00f3n do seu explorador e da aceptaci\u00f3n ou rexeitamento das cookies, poderanse instalar todas ou s\u00f3 algunhas delas.<\/p>\n<p>Cookie Orixe Finalidade e m\u00e1is informaci\u00f3n<br \/>_gid Terceiros Google Analytics: \u00fasase para distinguir os usuarios. 24 horas, de sesi\u00f3n.<br \/>_gat Terceiros Google Analytics: \u00fasase para limitar a velocidade de petici\u00f3n \u2013 a limitaci\u00f3n da recollida de datos nos sitios de alto tr\u00e1fico. 10 minutos, de sesi\u00f3n.<br \/>_ga Terceiros Google Analytics: habilita a funci\u00f3n de control de visitas \u00fanicas. A primeira vez que un usuario entre no sitio web a trav\u00e9s dun explorador instalarase esta cookie. Cando este usuario volva entrar na web co mesmo explorador, a cookie considerar\u00e1 que \u00e9 o mesmo usuario. S\u00f3 no caso de que o usuario cambie de explorador, considerarase outro usuario. Conservaci\u00f3n: 2 anos<\/p>\n<p>\u00c9 posible que actualicemos a Pol\u00edtica de Cookies do noso Sitio Web, por iso lle recomendamos revisar esta pol\u00edtica cada vez que acceda ao noso Sitio Web co obxectivo de estar correctamente informado sobre como e para que usamos as cookies<\/p>\n<p>A finalidade das cookies \u00e9 a de lle facilitar ao Usuario un acceso m\u00e1is r\u00e1pido aos servizos seleccionados.<\/p>\n<p>Se vostede non desexa que se garden cookies no seu explorador ou prefire recibir unha informaci\u00f3n cada vez que unha cookie solicite instalarse, pode configurar as s\u00faas opci\u00f3ns de exploraci\u00f3n para que se faga desa forma. A maior parte dos exploradores permiten a xesti\u00f3n das cookies de 3 formas diferentes:<\/p>\n<p>\u2013 As cookies rex\u00e9itanse sempre;<\/p>\n<p>\u2013 O explorador pregunta se o usuario desexa instalar cada cookie;<\/p>\n<p>\u2013 As cookies ac\u00e9ptase sempre;<\/p>\n<p>O seu explorador tam\u00e9n pode inclu\u00edr a posibilidade de seleccionar con detalle as cookies que desexa que se instalen na s\u00faa computadora. En concreto, o usuario pode normalmente aceptar algunha das seguintes opci\u00f3ns:<\/p>\n<p>\u2013 Rexeitar as cookies de determinados dominios;<\/p>\n<p>\u2013 Rexeitar as cookies de terceiros;<\/p>\n<p>\u2013 Aceptar cookies como non persistentes (elim\u00ednanse cando se pecha o explorador);<\/p>\n<p>\u2013 Permitir ao servidor crear cookies para un dominio diferente.<\/p>\n<p>Para permitir, co\u00f1ecer, bloquear ou eliminar as cookies instaladas no seu equipo pode facelo mediante a configuraci\u00f3n das opci\u00f3ns do explorador instalado na s\u00faa computadora.<\/p>\n<p>Pode atopar informaci\u00f3n sobre como configurar os exploradores m\u00e1is usados nas seguintes localizaci\u00f3ns:<\/p>\n<p>\u2022 Internet Explorer: Ferramentas -&gt; Opci\u00f3ns da Internet -&gt; Privacidade -&gt; Configuraci\u00f3n. Para m\u00e1is informaci\u00f3n, pode consultar o soporte de Microsoft ou a Axuda do explorador.<\/p>\n<p>\u2022 Firefox: Ferramentas -&gt; Opci\u00f3ns -&gt; Privacidade -&gt; Historial -&gt; Configuraci\u00f3n Personalizada. Para m\u00e1is informaci\u00f3n, pode consultar o soporte de Mozilla ou a Axuda do explorador.<\/p>\n<p>\u2022 Chrome: Configuraci\u00f3n -&gt; Mostrar opci\u00f3ns avanzadas -&gt; Privacidade -&gt; Configuraci\u00f3n de contido. Para m\u00e1is informaci\u00f3n, pode consultar o soporte de Google ou a Axuda do explorador.<\/p>\n<p>\u2022 Safari: Preferencias -&gt; Seguridade. Para m\u00e1is informaci\u00f3n, podes consultar o soporte de Apple ou a Axuda do explorador.<\/p>\n<p>Se aceptou cargar as cookies de Google Analytics, tam\u00e9n pode revogar en calquera momento esta aceptaci\u00f3n utilizando o \u00abComplemento de inhabilitaci\u00f3n para navegadores de Google Analytics\u00bb, accedendo \u00e1 seguinte p\u00e1xina web e seguindo as instruci\u00f3ns que a\u00ed se detallan:<\/p>\n<p>&nbsp;<\/p>\n<p><a href=\"https:\/\/tools.google.com\/dlpage\/gaoptout?hl=es\">https:\/\/tools.google.com\/dlpage\/gaoptout?hl=es<\/a><\/p>\n<p>[\/et_pb_text][\/et_pb_column][\/et_pb_row][\/et_pb_section]<\/p>\n","protected":false},"excerpt":{"rendered":"<p>Na web https:\/\/www.zunder.com\/ (en diante, o Sitio Web) utilizamos cookies para facilitar a relaci\u00f3n dos visitantes co noso contido e para permitir elaborar estat\u00edsticas sobre os visitantes que recibimos. Inform\u00e1moslle que podemos utilizar cookies coa finalidade de facilitar a s\u00faa exploraci\u00f3n a trav\u00e9s do Sitio Web, distinguilo doutros usuarios, proporcionarlle unha mellor experiencia de uso [&hellip;]<\/p>\n","protected":false},"author":1,"featured_media":0,"parent":0,"menu_order":0,"comment_status":"closed","ping_status":"closed","template":"","meta":{"_acf_changed":false,"_et_pb_use_builder":"on","_et_pb_old_content":"","_et_gb_content_width":"","inline_featured_image":false,"footnotes":""},"class_list":["post-27354","page","type-page","status-publish","hentry"],"acf":[],"yoast_head":"<!-- This site is optimized with the Yoast SEO plugin v27.4 - https:\/\/yoast.com\/product\/yoast-seo-wordpress\/ -->\n<title>Pol\u00edtica de Cookies - Zunder<\/title>\n<meta name=\"robots\" content=\"index, follow, max-snippet:-1, max-image-preview:large, max-video-preview:-1\" \/>\n<link rel=\"canonical\" href=\"https:\/\/www.zunder.com\/gl\/politica-de-cookies\/\" \/>\n<meta property=\"og:locale\" content=\"gl_ES\" \/>\n<meta property=\"og:type\" content=\"article\" \/>\n<meta property=\"og:title\" content=\"Pol\u00edtica de Cookies - Zunder\" \/>\n<meta property=\"og:description\" content=\"Na web https:\/\/www.zunder.com\/ (en diante, o Sitio Web) utilizamos cookies para facilitar a relaci\u00f3n dos visitantes co noso contido e para permitir elaborar estat\u00edsticas sobre os visitantes que recibimos. Inform\u00e1moslle que podemos utilizar cookies coa finalidade de facilitar a s\u00faa exploraci\u00f3n a trav\u00e9s do Sitio Web, distinguilo doutros usuarios, proporcionarlle unha mellor experiencia de uso [&hellip;]\" \/>\n<meta property=\"og:site_name\" content=\"Zunder\" \/>\n<meta property=\"article:modified_time\" content=\"2023-07-03T06:33:35+00:00\" \/>\n<meta name=\"twitter:card\" content=\"summary_large_image\" \/>\n<meta name=\"twitter:label1\" content=\"Tempo de lectura\" \/>\n\t<meta name=\"twitter:data1\" content=\"10 minutos\" \/>\n<script type=\"application\/ld+json\" class=\"yoast-schema-graph\">{\"@context\":\"https:\\\/\\\/schema.org\",\"@graph\":[{\"@type\":\"WebPage\",\"@id\":\"https:\\\/\\\/www.zunder.com\\\/gl\\\/politica-de-cookies\\\/\",\"url\":\"https:\\\/\\\/www.zunder.com\\\/gl\\\/politica-de-cookies\\\/\",\"name\":\"Pol\u00edtica de Cookies - Zunder\",\"isPartOf\":{\"@id\":\"https:\\\/\\\/www.zunder.com\\\/gl\\\/#website\"},\"datePublished\":\"2023-05-24T11:32:53+00:00\",\"dateModified\":\"2023-07-03T06:33:35+00:00\",\"breadcrumb\":{\"@id\":\"https:\\\/\\\/www.zunder.com\\\/gl\\\/politica-de-cookies\\\/#breadcrumb\"},\"inLanguage\":\"gl-ES\",\"potentialAction\":[{\"@type\":\"ReadAction\",\"target\":[\"https:\\\/\\\/www.zunder.com\\\/gl\\\/politica-de-cookies\\\/\"]}]},{\"@type\":\"BreadcrumbList\",\"@id\":\"https:\\\/\\\/www.zunder.com\\\/gl\\\/politica-de-cookies\\\/#breadcrumb\",\"itemListElement\":[{\"@type\":\"ListItem\",\"position\":1,\"name\":\"Portada\",\"item\":\"https:\\\/\\\/www.zunder.com\\\/gl\\\/\"},{\"@type\":\"ListItem\",\"position\":2,\"name\":\"Pol\u00edtica de Cookies\"}]},{\"@type\":\"WebSite\",\"@id\":\"https:\\\/\\\/www.zunder.com\\\/gl\\\/#website\",\"url\":\"https:\\\/\\\/www.zunder.com\\\/gl\\\/\",\"name\":\"Zunder\",\"description\":\"Charging Hero\",\"potentialAction\":[{\"@type\":\"SearchAction\",\"target\":{\"@type\":\"EntryPoint\",\"urlTemplate\":\"https:\\\/\\\/www.zunder.com\\\/gl\\\/?s={search_term_string}\"},\"query-input\":{\"@type\":\"PropertyValueSpecification\",\"valueRequired\":true,\"valueName\":\"search_term_string\"}}],\"inLanguage\":\"gl-ES\"}]}<\/script>\n<!-- \/ Yoast SEO plugin. -->","yoast_head_json":{"title":"Pol\u00edtica de Cookies - Zunder","robots":{"index":"index","follow":"follow","max-snippet":"max-snippet:-1","max-image-preview":"max-image-preview:large","max-video-preview":"max-video-preview:-1"},"canonical":"https:\/\/www.zunder.com\/gl\/politica-de-cookies\/","og_locale":"gl_ES","og_type":"article","og_title":"Pol\u00edtica de Cookies - Zunder","og_site_name":"Zunder","article_modified_time":"2023-07-03T06:33:35+00:00","twitter_card":"summary_large_image","twitter_misc":{"Tempo de lectura":"10 minutos"},"schema":{"@context":"https:\/\/schema.org","@graph":[{"@type":"WebPage","@id":"https:\/\/www.zunder.com\/gl\/politica-de-cookies\/","url":"https:\/\/www.zunder.com\/gl\/politica-de-cookies\/","name":"Pol\u00edtica de Cookies - Zunder","isPartOf":{"@id":"https:\/\/www.zunder.com\/gl\/#website"},"datePublished":"2023-05-24T11:32:53+00:00","dateModified":"2023-07-03T06:33:35+00:00","breadcrumb":{"@id":"https:\/\/www.zunder.com\/gl\/politica-de-cookies\/#breadcrumb"},"inLanguage":"gl-ES","potentialAction":[{"@type":"ReadAction","target":["https:\/\/www.zunder.com\/gl\/politica-de-cookies\/"]}]},{"@type":"BreadcrumbList","@id":"https:\/\/www.zunder.com\/gl\/politica-de-cookies\/#breadcrumb","itemListElement":[{"@type":"ListItem","position":1,"name":"Portada","item":"https:\/\/www.zunder.com\/gl\/"},{"@type":"ListItem","position":2,"name":"Pol\u00edtica de Cookies"}]},{"@type":"WebSite","@id":"https:\/\/www.zunder.com\/gl\/#website","url":"https:\/\/www.zunder.com\/gl\/","name":"Zunder","description":"Charging Hero","potentialAction":[{"@type":"SearchAction","target":{"@type":"EntryPoint","urlTemplate":"https:\/\/www.zunder.com\/gl\/?s={search_term_string}"},"query-input":{"@type":"PropertyValueSpecification","valueRequired":true,"valueName":"search_term_string"}}],"inLanguage":"gl-ES"}]}},"_links":{"self":[{"href":"https:\/\/www.zunder.com\/gl\/wp-json\/wp\/v2\/pages\/27354","targetHints":{"allow":["GET"]}}],"collection":[{"href":"https:\/\/www.zunder.com\/gl\/wp-json\/wp\/v2\/pages"}],"about":[{"href":"https:\/\/www.zunder.com\/gl\/wp-json\/wp\/v2\/types\/page"}],"author":[{"embeddable":true,"href":"https:\/\/www.zunder.com\/gl\/wp-json\/wp\/v2\/users\/1"}],"replies":[{"embeddable":true,"href":"https:\/\/www.zunder.com\/gl\/wp-json\/wp\/v2\/comments?post=27354"}],"version-history":[{"count":2,"href":"https:\/\/www.zunder.com\/gl\/wp-json\/wp\/v2\/pages\/27354\/revisions"}],"predecessor-version":[{"id":27356,"href":"https:\/\/www.zunder.com\/gl\/wp-json\/wp\/v2\/pages\/27354\/revisions\/27356"}],"wp:attachment":[{"href":"https:\/\/www.zunder.com\/gl\/wp-json\/wp\/v2\/media?parent=27354"}],"curies":[{"name":"wp","href":"https:\/\/api.w.org\/{rel}","templated":true}]}}