{"id":27357,"date":"2023-05-24T13:22:53","date_gmt":"2023-05-24T11:22:53","guid":{"rendered":"https:\/\/www.zunder.com\/politica-de-privacidade-e-proteccion-de-datos\/"},"modified":"2025-07-23T13:40:43","modified_gmt":"2025-07-23T11:40:43","slug":"politica-de-privacidade-e-proteccion-de-datos","status":"publish","type":"page","link":"https:\/\/www.zunder.com\/gl\/politica-de-privacidade-e-proteccion-de-datos\/","title":{"rendered":"Pol\u00edtica de Privacidade e protecci\u00f3n de datos"},"content":{"rendered":"<p>[et_pb_section fb_built=&#8221;1&#8243; _builder_version=&#8221;4.20.2&#8243; _module_preset=&#8221;42affb73-ad2b-4d0c-8fab-fabed56c6857&#8243; global_colors_info=&#8221;{}&#8221;][et_pb_row _builder_version=&#8221;4.21.0&#8243; _module_preset=&#8221;default&#8221; global_colors_info=&#8221;{}&#8221;][et_pb_column type=&#8221;4_4&#8243; _builder_version=&#8221;4.20.2&#8243; _module_preset=&#8221;default&#8221; global_colors_info=&#8221;{}&#8221;][et_pb_text _builder_version=&#8221;4.21.0&#8243; _dynamic_attributes=&#8221;content&#8221; _module_preset=&#8221;default&#8221; header_text_align=&#8221;left&#8221; global_colors_info=&#8221;{}&#8221;]@ET-DC@eyJkeW5hbWljIjp0cnVlLCJjb250ZW50IjoicG9zdF90aXRsZSIsInNldHRpbmdzIjp7ImJlZm9yZSI6IjxoMT4iLCJhZnRlciI6IjxcL2gxPiJ9fQ==@[\/et_pb_text][\/et_pb_column][\/et_pb_row][\/et_pb_section][et_pb_section fb_built=&#8221;1&#8243; _builder_version=&#8221;4.21.0&#8243; _module_preset=&#8221;fefe5a54-b250-46a2-abcd-6042bebe7c69&#8243; global_colors_info=&#8221;{}&#8221;][et_pb_row _builder_version=&#8221;4.21.0&#8243; _module_preset=&#8221;default&#8221; global_colors_info=&#8221;{}&#8221;][et_pb_column type=&#8221;4_4&#8243; _builder_version=&#8221;4.21.0&#8243; _module_preset=&#8221;default&#8221; global_colors_info=&#8221;{}&#8221;][et_pb_text _builder_version=&#8221;4.27.4&#8243; _module_preset=&#8221;default&#8221; global_colors_info=&#8221;{}&#8221;]En cumprimento do Regulamento (UE) 2016\/679 do Parlamento Europeo e do Consello, do 27 de abril de 2016, relativo \u00e1 protecci\u00f3n das persoas f\u00edsicas no que respecta ao tratamento de datos persoais, polo que se derroga a Directiva 95\/46\/CE (en diante, RXPD), da Lei 34\/2002, do 11 de xullo, de servizos da sociedade da informaci\u00f3n e de comercio electr\u00f3nico (en diante, LSSI-CE) e da Lei org\u00e1nica 3\/2018, do 5 de decembro, de Protecci\u00f3n de Datos Persoais e garant\u00eda dos dereitos dixitais, ZUNDER (GRUPO EASYCHARGER S.A.) garante a protecci\u00f3n e confidencialidade dos datos persoais, de calquera tipo, que nos faciliten os nosos clientes, de acordo co disposto no Regulamento xeral de protecci\u00f3n de datos.<\/p>\n<p>A Pol\u00edtica de Protecci\u00f3n de Datos de ZUNDER (GRUPO EASYCHARGER S.A.) descansa no principio de responsabilidade proactiva, segundo o cal o Responsable do tratamento \u00e9 responsable do cumprimento do marco normativo e xurisprudencial, sendo capaz de demostralo ante as autoridades de control correspondentes.<\/p>\n<p>Os datos facilitados ser\u00e1n tratados nos termos establecidos no RGPD; Neste sentido, ZUNDER (GRUPO EASYCHARGER S.A.) adoptou os niveis de protecci\u00f3n que legalmente se exixen, e instalou todas as medidas t\u00e9cnicas ao seu alcance para evitar a perda, mal uso, alteraci\u00f3n, acceso non autorizado por terceiros, expostos a seguir. Non obstante, o usuario debe ser consciente de que as medidas de seguridade na internet non son inexpugnables.<\/p>\n<table width=\"574\" class=\"tabla\">\n<tbody>\n<tr>\n<td width=\"120\"><\/td>\n<td width=\"454\">INFORMACI\u00d3N B\u00c1SICA<\/td>\n<\/tr>\n<tr>\n<td rowspan=\"2\" width=\"120\">Responsable do tratamento<\/td>\n<td width=\"454\">GRUPO EASYCHARGER S.A. (ZUNDER)<\/p>\n<p>A-34277434<\/td>\n<\/tr>\n<tr>\n<td width=\"454\"> Plaza Padres Dominicos, s\/n, 34005 Palencia (Espa\u00f1a)<\/td>\n<\/tr>\n<tr>\n<td rowspan=\"2\" width=\"120\">Finalidades do tratamento dos datos persoais<\/td>\n<td width=\"454\">&#8211; Xestionar e mante-la relaci\u00f3n comercial.<\/p>\n<p>&#8211; Atender as solicitudes de informaci\u00f3n. <\/p>\n<p>&#8211; Xestiona-los procesos de selecci\u00f3n de persoal. <\/p>\n<p>&#8211; Remitir comunicaci\u00f3ns comerciais propias ou de terceiros.<\/p>\n<p>&#8211; Acceso \u00e1 \u00c1rea de Clientes<\/p>\n<p>&#8211; Acceso ao Canle de Denuncias<\/p>\n<p>&#8211; Resposta \u00e1s solicitudes de informaci\u00f3n e contacto<\/p>\n<p>&#8211; Cookies<\/td>\n<\/tr>\n<tr>\n<td width=\"454\"><u>Prazos de conservaci\u00f3n<\/u>: Os datos conservaranse mentres se mante\u00f1a a relaci\u00f3n contractual, mentres non se solicite a supresi\u00f3n por parte do interesado, ou non se deban eliminar por ser necesarios para o cumprimento dunha obriga legal ou para a formulaci\u00f3n, exercicio e defensa de reclamaci\u00f3ns.<\/td>\n<\/tr>\n<tr>\n<td width=\"120\">Origen<\/td>\n<td width=\"454\">&#8211; Facilitados polo propio usuario. <\/p>\n<p>&#8211; Obtidos de terceiros. <\/td>\n<\/tr>\n<tr>\n<td width=\"120\">Bases Legitimaci\u00f3n<\/td>\n<td width=\"454\">&#8211; Consentimento do interesado<\/p>\n<p>&#8211; A execuci\u00f3n do contrato co usuario.<\/p>\n<p>&#8211; As obrigas legais de Grupo Easycharger.S.A.<\/p>\n<p>&#8211; O interese lex\u00edtimo de Grupo Easycharger. S.A <\/td>\n<\/tr>\n<tr>\n<td width=\"120\">Destinatarios de cesi\u00f3ns<\/td>\n<td width=\"454\">Todas son necesarias para o cumprimento das finalidades anteriormente indicadas, ou ben l\u00e9vanse a cabo en cumprimento dunha obriga legal. Administraci\u00f3ns p\u00fablicas, provedores para a prestaci\u00f3n dos servicios solicitados, empresas e entidades colaboradoras. <\/td>\n<\/tr>\n<tr>\n<td rowspan=\"4\" width=\"120\">Dereitos dos participantes<\/td>\n<td width=\"454\">Exerceranse por correo electr\u00f3nico: <a href=\"mailto:privacidad@zunder.com\">privacidad@zunder.com<\/a> \/ou no domicilio social de Grupo Easycharger: Plaza Padres Dominicos, s\/n, 34005 Palencia (Espa\u00f1a)<\/td>\n<\/tr>\n<tr>\n<td width=\"454\">Informamos que pode exercer, se \u00e9 o caso, os dereitos de acceso, rectificaci\u00f3n ou supresi\u00f3n, limitaci\u00f3n do tratamento, oposici\u00f3n, \u00e1 portabilidade dos datos ou a non ser obxecto dunha decisi\u00f3n superada unicamente no tratamento automatizado, as\u00ed como a retirar o consentimento prestado.<\/td>\n<\/tr>\n<tr>\n<td width=\"454\">Pode presentar reclamaci\u00f3ns ante a Axencia Espa\u00f1ola de Protecci\u00f3n de Datos: <a href=\"http:\/\/www.aepd.es\">www.aepd.es<\/a>, Autoridade de Control de Espa\u00f1a en materia de protecci\u00f3n de datos.<\/td>\n<\/tr>\n<tr>\n<td width=\"454\">M\u00e1is informaci\u00f3n na Pol\u00edtica de Privacidade completa deste documento.<\/td>\n<\/tr>\n<\/tbody>\n<\/table>\n<p><strong>Responsable do tratamento: quen somos?<\/strong><\/p>\n<p>Denominaci\u00f3n: ZUNDER (GRUPO EASYCHARGER S.A.)<\/p>\n<p>CIF: A34277434<\/p>\n<p>Inscrito no Rexistro Mercantil de Palencia, Folla P-7870 Tomo 502 Folio 30<br \/>Direcci\u00f3n: Plaza Padres Dominicos, s\/n, 34005 Palencia (Espa\u00f1a)<\/p>\n<p>Tel\u00e9fono: 979 300 500<\/p>\n<p>Correo electr\u00f3nico: privacidad@zunder.com<\/p>\n<p><strong>Finalidade e lexitimaci\u00f3n do tratamento. Por que e para que usaremos os seus datos?<\/strong><\/p>\n<p>Todos os datos facilitados polos nosos clientes e\/ou visitantes na web de ZUNDER (GRUPO EASYCHARGER S.A.) ou ao seu persoal, ser\u00e1n inclu\u00eddos en ficheiros \u2014automatizados ou non\u2014 creados e mantidos baixo a s\u00faa responsabilidade, imprescindibles para prestar os servizos solicitados polos usuarios, ou para resolver as d\u00fabidas ou cuesti\u00f3ns formuladas polos nosos visitantes. A finalidade do tratamento \u00e9 a seguinte: <\/p>\n<ul>\n<li>Rexistro de usuarios na web (nome, apelidos, direcci\u00f3n de correo electr\u00f3nico, tel\u00e9fono, documento identificativo, direcci\u00f3n postal, contrase\u00f1a e n\u00ba de tarxeta de cr\u00e9dito) para a execuci\u00f3n dun contrato ou precontrato (art 6.1 b, RGPD).<\/li>\n<li>Acceso \u00e1 situaci\u00f3n mediante xeolocalizaci\u00f3n do dispositivo (direcci\u00f3n IP) con base no consentimento do interesado (art 6.1 a, RGPD).<\/li>\n<li>Resoluci\u00f3n de consultas (nome, direcci\u00f3n de correo electr\u00f3nico e tel\u00e9fono de contacto) con base no consentimento do interesado (art 6.1 a, RGPD).<\/li>\n<li>Env\u00edo de comunicaci\u00f3ns comerciais e\/ou newsletter (nome, direcci\u00f3n de correo electr\u00f3nico, tel\u00e9fono de contacto) con base no consentimento do interesado (art 6.1 a, RGPD).<\/li>\n<li>Env\u00edo de curriculums vitae e solicitudes de participaci\u00f3n en procesos de selecci\u00f3n de persoal, con base no consentimento inicial do interesado (art.6.1 a, RGPD).<\/li>\n<li>Presentaci\u00f3n de Denuncias a trav\u00e9s da Canle de Denuncias, con base no cumprimento da obriga legal prevista na Lei 2\/2023 (art.6.1 c, RGPD).<\/li>\n<li>Tratamento de ID de usuarios\/visitantes da p\u00e1xina a trav\u00e9s de cookies t\u00e9cnicas e estritamente necesarias, de acordo co interese lex\u00edtimo (art.6.1 f, RGPD) e con base no consentimento para cookies anal\u00edticas, personalizaci\u00f3n e fins publicitarios, propias ou de terceiros (art.6.1 a, RGPD).<\/li>\n<\/ul>\n<p><strong>\u00bfQu\u00e9 informaci\u00f3n tratamos?<\/strong><\/p>\n<ol>\n<li><strong>Os datos que nos achegas de maneira directa<\/strong>:<\/li>\n<\/ol>\n<p>Somos informaci\u00f3n sobre ti cando nos contactas mediante as canles habilitados para iso, como o formulario de contacto, o formulario habilitado para a presentaci\u00f3n a procesos de selecci\u00f3n, cando descargas a App de Zunder e te rexistras como usuario. Cando contactes con nosoutros a trav\u00e9s das ditas canles, solicitaremos datos persoais como tu email, nome, apelidos, tel\u00e9fono de contacto, interese por contactar, formaci\u00f3n acad\u00e9mica ou profesional, CV, etc. Podes ver os datos concretos en cada un dos formularios que incorpora a nosa web. <\/p>\n<p>T\u00f3dolos campos que aparezan sinalados cun asterisco (*) nos formularios que se te faciliten nas canles ser\u00e1n de obrigada cuberta, de forma que a omisi\u00f3n dalg\u00fan deles poder\u00eda comporta-la imposibilidade de que se te poidan facilita-los servicios solicitados. Deber\u00e1s proporcionar informaci\u00f3n ver\u00eddica, quedando prohibida a suplantaci\u00f3n de identidade ou o uso de alias ou nomes an\u00f3nimos. <\/p>\n<p>Non poder\u00e1s, \u00e1 hora de facilitar calquera dato que se te poida pedir nas canles, elixir expresi\u00f3ns inxuriosas, coincidentes con marcas, nomes comerciais, nomes ou pseud\u00f3nimos de personaxes de relevancia p\u00fablica ou famosos para a utilizaci\u00f3n dos cales non esteas autorizado.<\/p>\n<p>Para que a informaci\u00f3n facilitada estea sempre actualizada e non conte\u00f1a erros, deber\u00e1s comunicarlle a ZUNDER \u00e1 maior brevidade posible, as modificaci\u00f3ns de tus datos de car\u00e1cter persoal que se produzan.<\/p>\n<p>As\u00ed mesmo, ao facer &#8220;click&#8221; no bot\u00f3n &#8220;Acepto&#8221; (ou equivalente) incorporado nos citados formularios, declaras que a informaci\u00f3n e os datos que nelos facilitou son exactos e veraces.<\/p>\n<ol>\n<li><strong>Os datos obtidos de maneira indirecta:<\/strong><\/li>\n<\/ol>\n<p>Cando navegas, poden instalarse en turismo distintas cookies e outros dispositivos de seguimento, tal e como te explicamos na nosa <a href=\"https:\/\/zunder.com\/gl\/politica-de-cookies\/\">pol\u00edtica de cookies<\/a>.<\/p>\n<p><strong>\u00bfCal \u00e9 a orixe dos datos? <\/strong><\/p>\n<p>Consideramos que todos os datos tratados por ZUNDER nos achegou libremente. En caso de que os datos persoais acheg\u00e1ronse sexan dun terceiro, garantes que lle informou desta Pol\u00edtica de Privacidade e obtiveron a s\u00faa autorizaci\u00f3n para facilitar os datos a ZUNDER coas finalidades sinaladas anteriormente. Igualmente, garantizas que os datos achegados son exactos e actualizados, e te faces responsable de calquera dano ou perdas, directo ou indirecto, que se puidese ocasionar como consecuencia do incumprimento de tal obriga.  <\/p>\n<p><strong>\u00bfA quen se comunican os datos?<\/strong><\/p>\n<p>Non cedemos tus datos a terceiros m\u00e1is al\u00e1 das comunicaci\u00f3ns necesarias \u00e1s administraci\u00f3ns p\u00fablicas ou de xustiza para o cumprimento das obrigas legais que nos son de aplicaci\u00f3n, e para a prestaci\u00f3n dalg\u00fans servizos. Neste \u00faltimo suposto, ZUNDER te informa que os datos facilitados poder\u00e1n ser comunicados \u00e1s entidades do GRUPO para tal finalidade. Non obstante, se for necesario levar a cabo algunha cesi\u00f3n, te informaremos previamente diso e levarase a cabo sempre en virtude dunha base xur\u00eddica que lexitime o tratamento.   Por p\u00f3r un exemplo, a lei tributaria obriga a lle facilitar \u00e1 Axencia Tributaria determinada informaci\u00f3n sobre operaci\u00f3ns econ\u00f3micas que superen unha determinada cantidade.<\/p>\n<p>No caso de que, \u00e1 marxe dos supostos comentados, necesitemos dar a co\u00f1ecer a s\u00faa informaci\u00f3n persoal a outras entidades, lle solicitaremos previamente o seu permiso a trav\u00e9s de opci\u00f3ns claras que lle permitir\u00e1n decidir a este respecto. Neste sentido, temos de que calquera cesi\u00f3n que se produza realizarase tendo en conta todas as salvagardas legais necesarias. As\u00ed mesmo, garantimos que asinamos con todos os nosos provedores de servizos contratos espec\u00edficos segundo establece a normativa. <\/p>\n<p>Do mesmo xeito, ZUNDER garante que en caso de existir provedores que se atopen en pa\u00edses f\u00f3ra da Uni\u00f3n Europea ou outros non considerados adecuados de conformidade coa normativa de protecci\u00f3n de datos, t\u00f3manse as precauci\u00f3ns necesarias que garanten que os datos poden ser transferidos de maneira segura, xa sexa porque o provedor ofrece garant\u00edas adecuadas, a trav\u00e9s, entre outros, da sinatura de cl\u00e1usulas contractuais tipo da Comisi\u00f3n Europea, ou ben se cumpre algunha das excepci\u00f3ns recollidas na normativa.<\/p>\n<p><strong>Comunicaci\u00f3n: onde poderiamos enviar o seus datos?<\/strong><\/p>\n<p>Non realizaremos transferencias internacionais dos seus datos persoais para ningunha das finalidades indicadas.<\/p>\n<p>No caso de autorizarse as cookies anal\u00edticas de terceiras entidades (Google), realizaranse transferencias internacionais de datos por parte de Google Inc para a prestaci\u00f3n do servizo de Google Analytics.<\/p>\n<p><strong>Conservaci\u00f3n: canto tempo conservaremos os seus datos?<\/strong><\/p>\n<p>S\u00f3 conservaremos os seus datos persoais durante o tempo que resulte necesario para lograr os fins para os que foron recadados. \u00c1 hora de determinar o oportuno perigo de conservaci\u00f3n, examinamos os riscos que comporta o tratamento, as\u00ed como as nosas obrigas contractuais, legais e normativas, as pol\u00edticas internas de conservaci\u00f3n de datos e os nosos intereses de negocio lex\u00edtimos descritos no presente Aviso de Privacidade e na Pol\u00edtica de Cookies. <\/p>\n<p>Neste sentido, ZUNDER (GRUPO EASYCHARGER S.A.) conservar\u00e1 os datos persoais unha vez rematada a s\u00faa relaci\u00f3n con Ud., debidamente bloqueados, durante o prazo de prescrici\u00f3n das acci\u00f3ns que se puidesen derivar da relaci\u00f3n mantida co interesado.<\/p>\n<p>No tratamento da Canle de Denuncias, os datos de denuncias que son tramitadas por ZUNDER conservaranse polos prazos legalmente aplicables; no caso de denuncias que non sexan tramitadas, o prazo de conservaci\u00f3n \u00e9 de 3 meses.<\/p>\n<p>Unha vez bloqueados, os seus datos resultar\u00e1n inaccesibles para ZUNDER (GRUPO EASYCHARGER S.A.), e non ser\u00e1n tratados ag\u00e1s para a s\u00faa posta \u00e1 disposici\u00f3n das Administraci\u00f3ns P\u00fablicas, Xu\u00edces e Tribunais, para a atenci\u00f3n das posibles responsabilidades nadas dos tratamentos, as\u00ed como para o exercicio e a defensa de reclamaci\u00f3ns ante a Axencia Espa\u00f1ola de Protecci\u00f3n de Datos.<\/p>\n<p><strong>Seguridade: como imos protexer o seus datos?<\/strong><\/p>\n<p>Empregamos todos os esforzos razoables para manter a confidencialidade da informaci\u00f3n persoal que se trate nos nosos sistemas. Mantemos estritos niveis de seguridade para protexer os datos de car\u00e1cter persoal que tratamos fronte a perdas fortu\u00edtas e a accesos, tratamentos ou revelaci\u00f3ns non autorizados, tendo en conta o estado da tecnolox\u00eda, a natureza e os riscos aos que est\u00e1n expostos os datos. Non obstante, non podemos responsabilizarnos do uso que Vde. faga dos datos (inclu\u00eddo usuario e contrasinal) que utilice na nosa web. O noso persoal segue estritas normas de privacidade e no caso de que contratemos a terceiros para prestar servizos de asistencia, esiximos que respecten as mesmas normas e nos permitan sometelos a auditor\u00edas para verificar o seu cumprimento.   <\/p>\n<p><strong>Menores.<\/strong><\/p>\n<p>Os menores de 14 anos non poder\u00e1n usar os servizos dispo\u00f1ibles a trav\u00e9s da nosa p\u00e1xina web sen a previa autorizaci\u00f3n dos seus pais, titores ou representantes legais, os que ser\u00e1n os \u00fanicos responsables de t\u00f3dolos actos realizados a trav\u00e9s do sitio polos menores \u00f3 seu cargo, inclu\u00edndo a cuberta dos formularios cos datos persoais dos ditos menores e a marcaci\u00f3n, se \u00e9 o caso, das casillas que os acompa\u00f1an.<\/p>\n<p><strong>Os seus dereitos: que dereitos pode exercer como interesado?<\/strong><\/p>\n<p>Inform\u00e1moslle que poder\u00e1 exercer os seguintes dereitos:<\/p>\n<ul>\n<li>Dereito de acceso aos seus datos persoais, para saber cales est\u00e1n sendo obxecto de tratamento e as operaci\u00f3ns de tratamento levadas a cabo con eles;<\/li>\n<li>Dereito de rectificaci\u00f3n de calquera dato persoal inexacto; Dereito de supresi\u00f3n dos seus datos persoais, cando isto sexa posible (por exemplo, por imperativo legal);<\/li>\n<li>Dereito de limitaci\u00f3n do tratamento dos seus datos persoais cando a exactitude, a legalidade ou a necesidade do tratamento dos datos resulte dubidosa, en cuxo caso, poderemos conservalos para o exercicio ou a defensa de reclamaci\u00f3ns.<\/li>\n<li>Dereito de oposici\u00f3n ao tratamento dos seus datos persoais, cando a base legal das indicadas que nos habilite para o seu tratamento sexa o noso interese lex\u00edtimo. ZUNDER (GRUPO EASYCHARGER S.A.) deixar\u00e1 de tratar tus datos salvo que te\u00f1a un interese lex\u00edtimo ou sexa necesario para a defensa de reclamaci\u00f3ns, cando proceda este dereito.<\/li>\n<li>Dereito \u00e1 portabilidade dos seus datos, cando a base legal que nos habilite para o seu tratamento sexa a existencia dunha relaci\u00f3n contractual ou o seu consentimento.<\/li>\n<li>Dereito a revogar o consentimento outorgado a ZUNDER (GRUPO EASYCHARGER S.A.)<\/li>\n<\/ul>\n<p>Para exercer os seus dereitos, pode facelo de maneira gratu\u00edta e en calquera momento, contactando con nosos na direcci\u00f3n Plaza Padres Dominicos, s\/n, 34005, Palencia, ou escribindo un correo <a href=\"mailto:privacidad@zunder.com\">privacidad@zunder.com<\/a>.<\/p>\n<p><strong>Tutela de dereitos: onde pode formular unha reclamaci\u00f3n?<\/strong><\/p>\n<p>No caso de que entenda que os seus dereitos foron desatendidos pola nosa entidade, pode formular unha reclamaci\u00f3n na Axencia Espa\u00f1ola de Protecci\u00f3n de Datos, a trav\u00e9s dalg\u00fan dos medios seguintes:<\/p>\n<ul>\n<li>Sede electr\u00f3nica: <a href=\"https:\/\/sedeagpd.gob.es\">https:\/\/sedeagpd.gob.es<\/a> .<\/li>\n<li>Correo postal: Agencia Espa\u00f1ola de Protecci\u00f3n de Datos, C\/ Jorge Juan, 6, 28001, Madrid<\/li>\n<li>Tel\u00e9fono: 901 100 099 e 91 266 35 17<\/li>\n<\/ul>\n<p>Formular unha reclamaci\u00f3n na Axencia Espa\u00f1ola de Protecci\u00f3n de Datos non implica ning\u00fan custo e non \u00e9 necesaria a asistencia de avogado nin procurador.<\/p>\n<p><strong>Actualizaci\u00f3ns: que cambios pode haber nesta Pol\u00edtica de Privacidade?<\/strong><\/p>\n<p>ZUNDER (GRUPO EASYCHARGER S.A) res\u00e9rvase o dereito a modificar esta pol\u00edtica para adaptala a novidades lexislativas ou xurisprudenciais que poidan afectar o seu cumprimento.<\/p>\n<p>O presente documento est\u00e1 traducido a varios idiomas para facilidade do usuario, con todo en caso de discrepancia, primar\u00e1 a versi\u00f3n espa\u00f1ola sobre o resto.<\/p>\n<p>Data de \u00faltima revisi\u00f3n: 03 de abril de 2025.[\/et_pb_text][\/et_pb_column][\/et_pb_row][\/et_pb_section]<\/p>\n","protected":false},"excerpt":{"rendered":"<p>En cumprimento do Regulamento (UE) 2016\/679 do Parlamento Europeo e do Consello, do 27 de abril de 2016, relativo \u00e1 protecci\u00f3n das persoas f\u00edsicas no que respecta ao tratamento de datos persoais, polo que se derroga a Directiva 95\/46\/CE (en diante, RXPD), da Lei 34\/2002, do 11 de xullo, de servizos da sociedade da informaci\u00f3n [&hellip;]<\/p>\n","protected":false},"author":1,"featured_media":0,"parent":0,"menu_order":0,"comment_status":"closed","ping_status":"closed","template":"","meta":{"_acf_changed":false,"_et_pb_use_builder":"on","_et_pb_old_content":"","_et_gb_content_width":"","inline_featured_image":false,"footnotes":""},"class_list":["post-27357","page","type-page","status-publish","hentry"],"acf":[],"yoast_head":"<!-- This site is optimized with the Yoast SEO plugin v27.4 - https:\/\/yoast.com\/product\/yoast-seo-wordpress\/ -->\n<title>Pol\u00edtica de Privacidade e protecci\u00f3n de datos - Zunder<\/title>\n<meta name=\"robots\" content=\"index, follow, max-snippet:-1, max-image-preview:large, max-video-preview:-1\" \/>\n<link rel=\"canonical\" href=\"https:\/\/www.zunder.com\/gl\/politica-de-privacidade-e-proteccion-de-datos\/\" \/>\n<meta property=\"og:locale\" content=\"gl_ES\" \/>\n<meta property=\"og:type\" content=\"article\" \/>\n<meta property=\"og:title\" content=\"Pol\u00edtica de Privacidade e protecci\u00f3n de datos - Zunder\" \/>\n<meta property=\"og:description\" content=\"En cumprimento do Regulamento (UE) 2016\/679 do Parlamento Europeo e do Consello, do 27 de abril de 2016, relativo \u00e1 protecci\u00f3n das persoas f\u00edsicas no que respecta ao tratamento de datos persoais, polo que se derroga a Directiva 95\/46\/CE (en diante, RXPD), da Lei 34\/2002, do 11 de xullo, de servizos da sociedade da informaci\u00f3n [&hellip;]\" \/>\n<meta property=\"og:site_name\" content=\"Zunder\" \/>\n<meta property=\"article:modified_time\" content=\"2025-07-23T11:40:43+00:00\" \/>\n<meta name=\"twitter:card\" content=\"summary_large_image\" \/>\n<meta name=\"twitter:label1\" content=\"Tempo de lectura\" \/>\n\t<meta name=\"twitter:data1\" content=\"13 minutos\" \/>\n<script type=\"application\/ld+json\" class=\"yoast-schema-graph\">{\"@context\":\"https:\\\/\\\/schema.org\",\"@graph\":[{\"@type\":\"WebPage\",\"@id\":\"https:\\\/\\\/www.zunder.com\\\/gl\\\/politica-de-privacidade-e-proteccion-de-datos\\\/\",\"url\":\"https:\\\/\\\/www.zunder.com\\\/gl\\\/politica-de-privacidade-e-proteccion-de-datos\\\/\",\"name\":\"Pol\u00edtica de Privacidade e protecci\u00f3n de datos - Zunder\",\"isPartOf\":{\"@id\":\"https:\\\/\\\/www.zunder.com\\\/gl\\\/#website\"},\"datePublished\":\"2023-05-24T11:22:53+00:00\",\"dateModified\":\"2025-07-23T11:40:43+00:00\",\"breadcrumb\":{\"@id\":\"https:\\\/\\\/www.zunder.com\\\/gl\\\/politica-de-privacidade-e-proteccion-de-datos\\\/#breadcrumb\"},\"inLanguage\":\"gl-ES\",\"potentialAction\":[{\"@type\":\"ReadAction\",\"target\":[\"https:\\\/\\\/www.zunder.com\\\/gl\\\/politica-de-privacidade-e-proteccion-de-datos\\\/\"]}]},{\"@type\":\"BreadcrumbList\",\"@id\":\"https:\\\/\\\/www.zunder.com\\\/gl\\\/politica-de-privacidade-e-proteccion-de-datos\\\/#breadcrumb\",\"itemListElement\":[{\"@type\":\"ListItem\",\"position\":1,\"name\":\"Portada\",\"item\":\"https:\\\/\\\/www.zunder.com\\\/gl\\\/\"},{\"@type\":\"ListItem\",\"position\":2,\"name\":\"Pol\u00edtica de Privacidade e protecci\u00f3n de datos\"}]},{\"@type\":\"WebSite\",\"@id\":\"https:\\\/\\\/www.zunder.com\\\/gl\\\/#website\",\"url\":\"https:\\\/\\\/www.zunder.com\\\/gl\\\/\",\"name\":\"Zunder\",\"description\":\"Charging Hero\",\"potentialAction\":[{\"@type\":\"SearchAction\",\"target\":{\"@type\":\"EntryPoint\",\"urlTemplate\":\"https:\\\/\\\/www.zunder.com\\\/gl\\\/?s={search_term_string}\"},\"query-input\":{\"@type\":\"PropertyValueSpecification\",\"valueRequired\":true,\"valueName\":\"search_term_string\"}}],\"inLanguage\":\"gl-ES\"}]}<\/script>\n<!-- \/ Yoast SEO plugin. -->","yoast_head_json":{"title":"Pol\u00edtica de Privacidade e protecci\u00f3n de datos - Zunder","robots":{"index":"index","follow":"follow","max-snippet":"max-snippet:-1","max-image-preview":"max-image-preview:large","max-video-preview":"max-video-preview:-1"},"canonical":"https:\/\/www.zunder.com\/gl\/politica-de-privacidade-e-proteccion-de-datos\/","og_locale":"gl_ES","og_type":"article","og_title":"Pol\u00edtica de Privacidade e protecci\u00f3n de datos - Zunder","og_site_name":"Zunder","article_modified_time":"2025-07-23T11:40:43+00:00","twitter_card":"summary_large_image","twitter_misc":{"Tempo de lectura":"13 minutos"},"schema":{"@context":"https:\/\/schema.org","@graph":[{"@type":"WebPage","@id":"https:\/\/www.zunder.com\/gl\/politica-de-privacidade-e-proteccion-de-datos\/","url":"https:\/\/www.zunder.com\/gl\/politica-de-privacidade-e-proteccion-de-datos\/","name":"Pol\u00edtica de Privacidade e protecci\u00f3n de datos - Zunder","isPartOf":{"@id":"https:\/\/www.zunder.com\/gl\/#website"},"datePublished":"2023-05-24T11:22:53+00:00","dateModified":"2025-07-23T11:40:43+00:00","breadcrumb":{"@id":"https:\/\/www.zunder.com\/gl\/politica-de-privacidade-e-proteccion-de-datos\/#breadcrumb"},"inLanguage":"gl-ES","potentialAction":[{"@type":"ReadAction","target":["https:\/\/www.zunder.com\/gl\/politica-de-privacidade-e-proteccion-de-datos\/"]}]},{"@type":"BreadcrumbList","@id":"https:\/\/www.zunder.com\/gl\/politica-de-privacidade-e-proteccion-de-datos\/#breadcrumb","itemListElement":[{"@type":"ListItem","position":1,"name":"Portada","item":"https:\/\/www.zunder.com\/gl\/"},{"@type":"ListItem","position":2,"name":"Pol\u00edtica de Privacidade e protecci\u00f3n de datos"}]},{"@type":"WebSite","@id":"https:\/\/www.zunder.com\/gl\/#website","url":"https:\/\/www.zunder.com\/gl\/","name":"Zunder","description":"Charging Hero","potentialAction":[{"@type":"SearchAction","target":{"@type":"EntryPoint","urlTemplate":"https:\/\/www.zunder.com\/gl\/?s={search_term_string}"},"query-input":{"@type":"PropertyValueSpecification","valueRequired":true,"valueName":"search_term_string"}}],"inLanguage":"gl-ES"}]}},"_links":{"self":[{"href":"https:\/\/www.zunder.com\/gl\/wp-json\/wp\/v2\/pages\/27357","targetHints":{"allow":["GET"]}}],"collection":[{"href":"https:\/\/www.zunder.com\/gl\/wp-json\/wp\/v2\/pages"}],"about":[{"href":"https:\/\/www.zunder.com\/gl\/wp-json\/wp\/v2\/types\/page"}],"author":[{"embeddable":true,"href":"https:\/\/www.zunder.com\/gl\/wp-json\/wp\/v2\/users\/1"}],"replies":[{"embeddable":true,"href":"https:\/\/www.zunder.com\/gl\/wp-json\/wp\/v2\/comments?post=27357"}],"version-history":[{"count":8,"href":"https:\/\/www.zunder.com\/gl\/wp-json\/wp\/v2\/pages\/27357\/revisions"}],"predecessor-version":[{"id":43511,"href":"https:\/\/www.zunder.com\/gl\/wp-json\/wp\/v2\/pages\/27357\/revisions\/43511"}],"wp:attachment":[{"href":"https:\/\/www.zunder.com\/gl\/wp-json\/wp\/v2\/media?parent=27357"}],"curies":[{"name":"wp","href":"https:\/\/api.w.org\/{rel}","templated":true}]}}