{"id":25732,"date":"2023-05-24T12:29:56","date_gmt":"2023-05-24T10:29:56","guid":{"rendered":"https:\/\/www.zunder.com\/avviso-legale\/"},"modified":"2025-07-23T10:59:03","modified_gmt":"2025-07-23T08:59:03","slug":"avviso-legale","status":"publish","type":"page","link":"https:\/\/www.zunder.com\/it\/avviso-legale\/","title":{"rendered":"Avviso legale"},"content":{"rendered":"<p>[et_pb_section fb_built=&#8221;1&#8243; _builder_version=&#8221;4.20.2&#8243; _module_preset=&#8221;42affb73-ad2b-4d0c-8fab-fabed56c6857&#8243; global_colors_info=&#8221;{}&#8221;][et_pb_row _builder_version=&#8221;4.21.0&#8243; _module_preset=&#8221;default&#8221; global_colors_info=&#8221;{}&#8221;][et_pb_column type=&#8221;4_4&#8243; _builder_version=&#8221;4.20.2&#8243; _module_preset=&#8221;default&#8221; global_colors_info=&#8221;{}&#8221;][et_pb_text _builder_version=&#8221;4.21.0&#8243; _dynamic_attributes=&#8221;content&#8221; _module_preset=&#8221;default&#8221; header_text_align=&#8221;left&#8221; global_colors_info=&#8221;{}&#8221;]@ET-DC@eyJkeW5hbWljIjp0cnVlLCJjb250ZW50IjoicG9zdF90aXRsZSIsInNldHRpbmdzIjp7ImJlZm9yZSI6IjxoMT4iLCJhZnRlciI6IjxcL2gxPiJ9fQ==@[\/et_pb_text][\/et_pb_column][\/et_pb_row][\/et_pb_section][et_pb_section fb_built=&#8221;1&#8243; _builder_version=&#8221;4.21.0&#8243; _module_preset=&#8221;fefe5a54-b250-46a2-abcd-6042bebe7c69&#8243; global_colors_info=&#8221;{}&#8221;][et_pb_row _builder_version=&#8221;4.21.0&#8243; _module_preset=&#8221;default&#8221; global_colors_info=&#8221;{}&#8221;][et_pb_column type=&#8221;4_4&#8243; _builder_version=&#8221;4.21.0&#8243; _module_preset=&#8221;default&#8221; global_colors_info=&#8221;{}&#8221;][et_pb_text _builder_version=&#8221;4.27.4&#8243; _module_preset=&#8221;default&#8221; global_colors_info=&#8221;{}&#8221;]<\/p>\n<p>In questo Avviso legale, l&#8217;Utente pu\u00f2 trovare tutte le informazioni relative alle condizioni legali che definiscono i rapporti tra gli utenti e il responsabile della pagina web accessibile all&#8217;URL https:\/\/www.zunder.com\/ (di seguito denominato, il sito Web), che il GRUPO EASYCHARGER SA mette a disposizione degli utenti di Internet.<\/p>\n<p>L&#8217;utilizzo del sito Web implica l&#8217;accettazione piena e senza riserve di ciascuna delle disposizioni incluse nel presente Avviso legale. Di conseguenza, l&#8217;utente del sito Web deve leggere attentamente il presente Avviso legale in ciascuna delle occasioni in cui intende utilizzare il sito Web, poich\u00e9 il testo potrebbe essere modificato a discrezione del proprietario del sito Web o a causa di una modifica a livello legislativo, normativo o di pratica commerciale. <\/p>\n<p><strong>1.- DETTAGLI DEL PROPRIETARIO RESPONSABILE DEL SITO WEB<\/strong><\/p>\n<p>Nome del proprietario: GRUPPO EASYCHARGER SA<\/p>\n<p>Sede legale: Plaza Padres Dominicos s\/n 34005 Palencia<\/p>\n<p>PARTITA IVA: A34277434<\/p>\n<p>Contatto telefonico: 979300500<\/p>\n<p>E-mail: <a href=\"mailto:privacidad@zunder.com\">privacidad@zunder.com<\/a><\/p>\n<p>Iscritta nel Registro Mercantile di Palencia, Foglio P-7870 Volume 502 Folio 30<\/p>\n<p>Il GRUPO EASYCHARGER SA \u00e8 responsabile del sito Web e si impegna a rispettare tutti i requisiti nazionali ed europei che regolano l&#8217;utilizzo dei dati personali degli utenti.<\/p>\n<p>Questo sito Web garantisce la protezione e la riservatezza dei dati personali che ci vengono forniti in conformit\u00e0 con le disposizioni del regolamento generale sulla protezione dei dati personali (UE) 2016\/679 del Parlamento europeo e del Consiglio, del 27 aprile 2016., nella Legge organica 3\/2018, di protezione dei dati personali e garanzia dei diritti digitali, nonch\u00e9 nella Legge sui servizi della societ\u00e0 dell&#8217;informazione e del commercio elettronico 34\/2002 dell&#8217;11 luglio (LSSI-CE).<\/p>\n<p><strong>2.- OGGETTO<\/strong><\/p>\n<p>Il sito Web fornisce ai propri utenti l&#8217;accesso alle informazioni e ai servizi forniti da GRUPO EASYCHARGER SA alle persone o organizzazioni interessate.<\/p>\n<p>L&#8217;accesso e l&#8217;utilizzo del sito Web attribuisce la condizione di utente del sito Web (di seguito, l'&#8221;Utente&#8221;) e implica l&#8217;accettazione di tutte le condizioni incluse nel presente Avviso legale cos\u00ec come le sue modifiche. La fornitura del servizio del Sito ha una durata limitata nel momento in cui l&#8217;Utente \u00e8 connesso al sito o ad uno qualsiasi dei servizi forniti attraverso di esso. Pertanto, l&#8217;Utente deve leggere attentamente il presente Avviso legale in ciascuna delle occasioni in cui intende utilizzare il sito Web, poich\u00e9 esso e le sue condizioni d&#8217;uso contenute nel presente Avviso legale possono essere modificate.  <\/p>\n<p><strong>3.- ACCESSO E UTILIZZO DEL SITO WEB<\/strong><\/p>\n<p>3.1.- Gratuit\u00e0 dell&#8217;accesso e dell&#8217;uso del sito Web. L&#8217;accesso al sito Web \u00e8 gratuito per i suoi utenti, salvo in relazione al costo della connessione attraverso la rete di telecomunicazioni fornita dal fornitore di accesso contrattato dagli utenti. <\/p>\n<p>3.2.- Registrazione dell&#8217;utente. In generale, l&#8217;accesso e l&#8217;uso del sito Web non richiede la preventiva iscrizione o registrazione dei suoi utenti. <\/p>\n<p>3.3.- Gli utenti garantiscono e sono responsabili, in ogni caso, dell&#8217;esattezza, della validit\u00e0 e dell&#8217;autenticit\u00e0 dei dati personali forniti e si impegnano a mantenerli debitamente aggiornati. L&#8217;utente si impegna a fornire informazioni complete e corrette nel modulo di contatto o di iscrizione. <\/p>\n<p>Nel caso di minori di quattordici anni, per il trattamento dei dati personali \u00e8 richiesto il consenso dei genitori o di chi ne fa le veci.<\/p>\n<p>In nessun caso saranno raccolti presso il minore dati relativi alla situazione professionale, economica o alla vita privata degli altri familiari, senza il loro consenso. Se hai meno di quattordici anni e hai effettuato l&#8217;accesso a questo sito Web senza avvisare i tuoi genitori, non devi registrarti come utente. <\/p>\n<p>Su questo sito Web, i dati personali degli utenti sono rispettati e curati. Come utente dovresti sapere che i tuoi diritti sono garantiti. <\/p>\n<p><strong>4.- CONTENUTI WEB<\/strong><\/p>\n<p>Fatti salvi i contenuti web forniti in diverse lingue, la lingua utilizzata dal titolare nel sito web sar\u00e0 lo spagnolo e, in caso di discrepanza, prevarr\u00e0 sul resto. GRUPO EASYCHARGER SA non si assume alcuna responsabilit\u00e0 per la mancata comprensione della lingua o delle lingue del sito web da parte dell&#8217;utente, n\u00e9 per le relative conseguenze. <\/p>\n<p>GRUPO EASYCHARGER SA pu\u00f2 modificare i contenuti senza preavviso, nonch\u00e9 eliminarli e modificarli all&#8217;interno del sito Web, come il modo in cui vi si accede, senza alcuna giustificazione e liberamente, non essendo responsabile delle conseguenze che possono causare agli utenti.<\/p>\n<p>L&#8217;uso dei contenuti del sito Web per promuovere, contrattare o diffondere pubblicit\u00e0 o informazioni personali o di terzi \u00e8 vietato senza l&#8217;autorizzazione di GRUPO EASYCHARGER SA, n\u00e9 per inviare pubblicit\u00e0 o informazioni utilizzando i servizi o le informazioni messi a disposizione degli utenti, indipendentemente dal fatto che l&#8217;uso sia gratuito o meno.<\/p>\n<p>I link o i collegamenti ipertestuali che terzi incorporano nelle loro pagine web, diretti a questo sito Web, saranno per l&#8217;apertura della pagina web completa, non potendo manifestare, direttamente o indirettamente, indicazioni false, inesatte o fuorvianti, n\u00e9 incorrere in abusi o azioni illegali nei suoi confronti.<\/p>\n<p><strong>5.- MISURE DI SICUREZZA<\/strong><\/p>\n<p>I dati personali comunicati dall&#8217;utente possono essere archiviati in database automatizzati o meno, la cui propriet\u00e0 corrisponde esclusivamente a GRUPO EASYCHARGER SA, che si far\u00e0 carico di tutte le misure tecniche, organizzative e di sicurezza che garantiscono la riservatezza, l&#8217;integrit\u00e0 e la qualit\u00e0 delle informazioni ivi contenute in conformit\u00e0 a quanto previsto dalla normativa vigente in materia di protezione dei dati personali.<\/p>\n<p><strong>6.- LIMITAZIONE DI RESPONSABILIT\u00c0<\/strong><\/p>\n<p>Sia l&#8217;accesso al sito Web che l&#8217;uso non consensuale che pu\u00f2 essere fatto delle informazioni in esso contenute \u00e8 di esclusiva responsabilit\u00e0 di chi lo effettua. GRUPO EASYCHARGER SA non sar\u00e0 responsabile per qualsiasi conseguenza, danno o pregiudizio che possa derivare da tale accesso o utilizzo. N\u00e9 sar\u00e0 responsabile per errori di sicurezza che possono verificarsi o per danni che possono essere causati al sistema informatico dell&#8217;utente (hardware e software), o ai file o documenti in esso memorizzati, a seguito di:  <\/p>\n<ol>\n<li>la presenza di un virus nel computer dell&#8217;utente utilizzato per collegarsi ai servizi e ai contenuti del sito web,<\/li>\n<li>un malfunzionamento del browser,<\/li>\n<li>e\/o l&#8217;utilizzo di versioni obsolete.<\/li>\n<\/ol>\n<p>GRUPO EASYCHARGER SA non \u00e8 responsabile dell&#8217;affidabilit\u00e0 e della velocit\u00e0 dei collegamenti ipertestuali incorporati nel sito Web per l&#8217;apertura di altre pagine. Non garantisce l&#8217;utilit\u00e0 di questi collegamenti, n\u00e9 \u00e8 responsabile del contenuto o dei servizi a cui l&#8217;utente pu\u00f2 accedere tramite questi collegamenti, n\u00e9 del corretto funzionamento di questi siti web. <\/p>\n<p>GRUPO EASYCHARGER SA non sar\u00e0 responsabile di virus o altri programmi informatici che deteriorano o possono deteriorare i sistemi o le apparecchiature informatiche degli utenti durante l&#8217;accesso al suo sito Web o ad altri siti Web a cui \u00e8 stato possibile accedere tramite collegamenti su questo sito Web.<\/p>\n<p><strong>7.- UTILIZZO DELLA TECNOLOGIA \u201cCOOKIE\u201d<\/strong><\/p>\n<p>Il sito Web pu\u00f2 utilizzare cookie o tecnologie simili che saranno disciplinate dalle disposizioni della Politica sui cookie, accessibile in qualsiasi momento e nel rispetto della riservatezza e della privacy dell&#8217;utente, che costituisce parte integrante del presente Avviso legale.<\/p>\n<p><strong>8.- NAVIGAZIONE<\/strong><\/p>\n<p>I server Internet possono raccogliere dati non identificativi, che possono includere indirizzi IP e altri dati che non possono essere utilizzati per identificare l&#8217;utente. Il vostro indirizzo IP verr\u00e0 memorizzato automaticamente nei log di accesso e con l&#8217;unico scopo di consentire il transito su Internet, essendo necessario che il vostro computer fornisca questo indirizzo IP durante la navigazione in Internet in modo che le comunicazioni possano essere effettuate. Allo stesso modo, l&#8217;indirizzo IP pu\u00f2 essere utilizzato per effettuare statistiche, in forma anonima, sul numero di visitatori di questo sito web e sulla loro provenienza, in modo totalmente trasparente alla loro navigazione.  <\/p>\n<p><strong>9.- PROPRIET\u00c0 INTELLETTUALE ED INDUSTRIALE<\/strong><\/p>\n<p>L&#8217;utente riconosce e accetta che tutti i contenuti e\/o qualsiasi altro elemento del sito web sono di propriet\u00e0 di GRUPO EASYCHARGER SA, e si impegna a rispettare i diritti di propriet\u00e0 intellettuale e industriale di propriet\u00e0 dello stesso e\/o di terzi. Qualsiasi utilizzo del sito o dei suoi contenuti deve essere di natura esclusivamente privata.<\/p>\n<p>Qualsiasi altro uso che comporti la copia, la riproduzione, la distribuzione, la trasformazione, la comunicazione pubblica o qualsiasi altra azione simile di tutto o parte dei contenuti del sito Web \u00e8 riservato esclusivamente a GRUPO EASYCHARGER SA, per cui nessun utente pu\u00f2 eseguire tali azioni senza la preventiva autorizzazione scritta in tal senso.<\/p>\n<p><strong>10.- LEGGE APPLICABILE E FORO COMPETENTE<\/strong><\/p>\n<p>Il presente Avviso legale sar\u00e0 interpretato e disciplinato in conformit\u00e0 con la legge spagnola. GRUPO EASYCHARGER SA e gli utenti, rinunciando espressamente a qualsiasi altro foro competente che possa spettare loro, si sottopongono alle corti e ai tribunali del domicilio dell&#8217;utente per qualsiasi controversia che possa derivare dall&#8217;accesso o dall&#8217;utilizzo del sito Web. Nel caso in cui l&#8217;utente sia domiciliato al di fuori della Spagna, GRUPO EASYCHARGER SA e l&#8217;utente si sottopongono, rinunciando espressamente a qualsiasi altra giurisdizione, alle corti e ai tribunali della citt\u00e0 di Palencia.  <\/p>\n<p>[\/et_pb_text][\/et_pb_column][\/et_pb_row][\/et_pb_section]<\/p>\n","protected":false},"excerpt":{"rendered":"<p>In questo Avviso legale, l&#8217;Utente pu\u00f2 trovare tutte le informazioni relative alle condizioni legali che definiscono i rapporti tra gli utenti e il responsabile della pagina web accessibile all&#8217;URL https:\/\/www.zunder.com\/ (di seguito denominato, il sito Web), che il GRUPO EASYCHARGER SA mette a disposizione degli utenti di Internet. L&#8217;utilizzo del sito Web implica l&#8217;accettazione piena [&hellip;]<\/p>\n","protected":false},"author":1,"featured_media":0,"parent":0,"menu_order":0,"comment_status":"closed","ping_status":"closed","template":"","meta":{"_acf_changed":false,"_et_pb_use_builder":"on","_et_pb_old_content":"","_et_gb_content_width":"","inline_featured_image":false,"footnotes":""},"class_list":["post-25732","page","type-page","status-publish","hentry"],"acf":[],"yoast_head":"<!-- This site is optimized with the Yoast SEO plugin v27.4 - https:\/\/yoast.com\/product\/yoast-seo-wordpress\/ -->\n<title>Avviso legale - Zunder<\/title>\n<meta name=\"robots\" content=\"index, follow, max-snippet:-1, max-image-preview:large, max-video-preview:-1\" \/>\n<link rel=\"canonical\" href=\"https:\/\/www.zunder.com\/it\/avviso-legale\/\" \/>\n<meta property=\"og:locale\" content=\"it_IT\" \/>\n<meta property=\"og:type\" content=\"article\" \/>\n<meta property=\"og:title\" content=\"Avviso legale - Zunder\" \/>\n<meta property=\"og:description\" content=\"In questo Avviso legale, l&#039;Utente pu\u00f2 trovare tutte le informazioni relative alle condizioni legali che definiscono i rapporti tra gli utenti e il responsabile della pagina web accessibile all&#039;URL https:\/\/www.zunder.com\/ (di seguito denominato, il sito Web), che il GRUPO EASYCHARGER SA mette a disposizione degli utenti di Internet. L&#039;utilizzo del sito Web implica l&#039;accettazione piena [&hellip;]\" \/>\n<meta property=\"og:site_name\" content=\"Zunder\" \/>\n<meta property=\"article:modified_time\" content=\"2025-07-23T08:59:03+00:00\" \/>\n<meta name=\"twitter:card\" content=\"summary_large_image\" \/>\n<meta name=\"twitter:label1\" content=\"Tempo di lettura stimato\" \/>\n\t<meta name=\"twitter:data1\" content=\"8 minuti\" \/>\n<script type=\"application\/ld+json\" class=\"yoast-schema-graph\">{\"@context\":\"https:\\\/\\\/schema.org\",\"@graph\":[{\"@type\":\"WebPage\",\"@id\":\"https:\\\/\\\/www.zunder.com\\\/it\\\/avviso-legale\\\/\",\"url\":\"https:\\\/\\\/www.zunder.com\\\/it\\\/avviso-legale\\\/\",\"name\":\"Avviso legale - Zunder\",\"isPartOf\":{\"@id\":\"https:\\\/\\\/www.zunder.com\\\/it\\\/#website\"},\"datePublished\":\"2023-05-24T10:29:56+00:00\",\"dateModified\":\"2025-07-23T08:59:03+00:00\",\"breadcrumb\":{\"@id\":\"https:\\\/\\\/www.zunder.com\\\/it\\\/avviso-legale\\\/#breadcrumb\"},\"inLanguage\":\"it-IT\",\"potentialAction\":[{\"@type\":\"ReadAction\",\"target\":[\"https:\\\/\\\/www.zunder.com\\\/it\\\/avviso-legale\\\/\"]}]},{\"@type\":\"BreadcrumbList\",\"@id\":\"https:\\\/\\\/www.zunder.com\\\/it\\\/avviso-legale\\\/#breadcrumb\",\"itemListElement\":[{\"@type\":\"ListItem\",\"position\":1,\"name\":\"Portada\",\"item\":\"https:\\\/\\\/www.zunder.com\\\/it\\\/\"},{\"@type\":\"ListItem\",\"position\":2,\"name\":\"Avviso legale\"}]},{\"@type\":\"WebSite\",\"@id\":\"https:\\\/\\\/www.zunder.com\\\/it\\\/#website\",\"url\":\"https:\\\/\\\/www.zunder.com\\\/it\\\/\",\"name\":\"Zunder\",\"description\":\"Charging Hero\",\"potentialAction\":[{\"@type\":\"SearchAction\",\"target\":{\"@type\":\"EntryPoint\",\"urlTemplate\":\"https:\\\/\\\/www.zunder.com\\\/it\\\/?s={search_term_string}\"},\"query-input\":{\"@type\":\"PropertyValueSpecification\",\"valueRequired\":true,\"valueName\":\"search_term_string\"}}],\"inLanguage\":\"it-IT\"}]}<\/script>\n<!-- \/ Yoast SEO plugin. -->","yoast_head_json":{"title":"Avviso legale - Zunder","robots":{"index":"index","follow":"follow","max-snippet":"max-snippet:-1","max-image-preview":"max-image-preview:large","max-video-preview":"max-video-preview:-1"},"canonical":"https:\/\/www.zunder.com\/it\/avviso-legale\/","og_locale":"it_IT","og_type":"article","og_title":"Avviso legale - Zunder","og_site_name":"Zunder","article_modified_time":"2025-07-23T08:59:03+00:00","twitter_card":"summary_large_image","twitter_misc":{"Tempo di lettura stimato":"8 minuti"},"schema":{"@context":"https:\/\/schema.org","@graph":[{"@type":"WebPage","@id":"https:\/\/www.zunder.com\/it\/avviso-legale\/","url":"https:\/\/www.zunder.com\/it\/avviso-legale\/","name":"Avviso legale - Zunder","isPartOf":{"@id":"https:\/\/www.zunder.com\/it\/#website"},"datePublished":"2023-05-24T10:29:56+00:00","dateModified":"2025-07-23T08:59:03+00:00","breadcrumb":{"@id":"https:\/\/www.zunder.com\/it\/avviso-legale\/#breadcrumb"},"inLanguage":"it-IT","potentialAction":[{"@type":"ReadAction","target":["https:\/\/www.zunder.com\/it\/avviso-legale\/"]}]},{"@type":"BreadcrumbList","@id":"https:\/\/www.zunder.com\/it\/avviso-legale\/#breadcrumb","itemListElement":[{"@type":"ListItem","position":1,"name":"Portada","item":"https:\/\/www.zunder.com\/it\/"},{"@type":"ListItem","position":2,"name":"Avviso legale"}]},{"@type":"WebSite","@id":"https:\/\/www.zunder.com\/it\/#website","url":"https:\/\/www.zunder.com\/it\/","name":"Zunder","description":"Charging Hero","potentialAction":[{"@type":"SearchAction","target":{"@type":"EntryPoint","urlTemplate":"https:\/\/www.zunder.com\/it\/?s={search_term_string}"},"query-input":{"@type":"PropertyValueSpecification","valueRequired":true,"valueName":"search_term_string"}}],"inLanguage":"it-IT"}]}},"_links":{"self":[{"href":"https:\/\/www.zunder.com\/it\/wp-json\/wp\/v2\/pages\/25732","targetHints":{"allow":["GET"]}}],"collection":[{"href":"https:\/\/www.zunder.com\/it\/wp-json\/wp\/v2\/pages"}],"about":[{"href":"https:\/\/www.zunder.com\/it\/wp-json\/wp\/v2\/types\/page"}],"author":[{"embeddable":true,"href":"https:\/\/www.zunder.com\/it\/wp-json\/wp\/v2\/users\/1"}],"replies":[{"embeddable":true,"href":"https:\/\/www.zunder.com\/it\/wp-json\/wp\/v2\/comments?post=25732"}],"version-history":[{"count":12,"href":"https:\/\/www.zunder.com\/it\/wp-json\/wp\/v2\/pages\/25732\/revisions"}],"predecessor-version":[{"id":43468,"href":"https:\/\/www.zunder.com\/it\/wp-json\/wp\/v2\/pages\/25732\/revisions\/43468"}],"wp:attachment":[{"href":"https:\/\/www.zunder.com\/it\/wp-json\/wp\/v2\/media?parent=25732"}],"curies":[{"name":"wp","href":"https:\/\/api.w.org\/{rel}","templated":true}]}}