{"id":25735,"date":"2023-05-24T13:22:53","date_gmt":"2023-05-24T11:22:53","guid":{"rendered":"https:\/\/www.zunder.com\/politica-sulla-privacy-e-sulla-protezione-dei-dati\/"},"modified":"2025-07-23T13:40:43","modified_gmt":"2025-07-23T11:40:43","slug":"politica-sulla-privacy-e-sulla-protezione-dei-dati","status":"publish","type":"page","link":"https:\/\/www.zunder.com\/it\/politica-sulla-privacy-e-sulla-protezione-dei-dati\/","title":{"rendered":"Politica sulla privacy e sulla protezione dei dati"},"content":{"rendered":"<p>[et_pb_section fb_built=&#8221;1&#8243; _builder_version=&#8221;4.20.2&#8243; _module_preset=&#8221;42affb73-ad2b-4d0c-8fab-fabed56c6857&#8243; global_colors_info=&#8221;{}&#8221;][et_pb_row _builder_version=&#8221;4.21.0&#8243; _module_preset=&#8221;default&#8221; global_colors_info=&#8221;{}&#8221;][et_pb_column type=&#8221;4_4&#8243; _builder_version=&#8221;4.20.2&#8243; _module_preset=&#8221;default&#8221; global_colors_info=&#8221;{}&#8221;][et_pb_text _builder_version=&#8221;4.21.0&#8243; _dynamic_attributes=&#8221;content&#8221; _module_preset=&#8221;default&#8221; header_text_align=&#8221;left&#8221; global_colors_info=&#8221;{}&#8221;]@ET-DC@eyJkeW5hbWljIjp0cnVlLCJjb250ZW50IjoicG9zdF90aXRsZSIsInNldHRpbmdzIjp7ImJlZm9yZSI6IjxoMT4iLCJhZnRlciI6IjxcL2gxPiJ9fQ==@[\/et_pb_text][\/et_pb_column][\/et_pb_row][\/et_pb_section][et_pb_section fb_built=&#8221;1&#8243; _builder_version=&#8221;4.21.0&#8243; _module_preset=&#8221;fefe5a54-b250-46a2-abcd-6042bebe7c69&#8243; global_colors_info=&#8221;{}&#8221;][et_pb_row _builder_version=&#8221;4.21.0&#8243; _module_preset=&#8221;default&#8221; global_colors_info=&#8221;{}&#8221;][et_pb_column type=&#8221;4_4&#8243; _builder_version=&#8221;4.21.0&#8243; _module_preset=&#8221;default&#8221; global_colors_info=&#8221;{}&#8221;][et_pb_text _builder_version=&#8221;4.27.4&#8243; _module_preset=&#8221;default&#8221; global_colors_info=&#8221;{}&#8221;]In ottemperanza al Regolamento (UE) 2016\/679 del Parlamento europeo e del Consiglio, del 27 aprile 2016, sulla protezione delle persone fisiche con riguardo al trattamento dei dati personali, che abroga la Direttiva 95\/46\/CE (di seguito denominato GDPR), Legge 34\/2002, dell&#8217;11 luglio, sui servizi della societ\u00e0 dell&#8217;informazione e del commercio elettronico (di seguito, LSSI-CE) e Legge organica 3\/2018, Protezione dei dati personali e garanzia dei diritti digitali, ZUNDER (GRUPO EASYCHARGER SA) garantisce la protezione e la riservatezza dei dati personali, di qualsiasi tipo forniti dai nostri clienti, in conformit\u00e0 con le disposizioni del Regolamento generale sulla protezione dei dati personali.<\/p>\n<p>La politica di protezione dei dati di ZUNDER (EASYCHARGER GROUP S.A.) si basa sul principio della responsabilit\u00e0 proattiva, secondo il quale il Titolare del trattamento dei dati \u00e8 responsabile del rispetto del quadro normativo e giurisprudenziale, essendo in grado di dimostrarlo alle corrispondenti autorit\u00e0 di controllo.<\/p>\n<p>I dati forniti saranno trattati in conformit\u00e0 ai termini stabiliti dal RGPD; in tal senso, ZUNDER (GRUPO EASYCHARGER S.A.) ha adottato i livelli di protezione richiesti dalla legge e ha installato tutte le misure tecniche alla sua portata per evitare la perdita, l&#8217;abuso, l&#8217;alterazione o l&#8217;accesso non autorizzato da parte di terzi, come descritto di seguito. Tuttavia, l&#8217;utente deve essere consapevole che le misure di sicurezza su Internet non sono inespugnabili.<\/p>\n<table width=\"574\" class=\"tabla\">\n<tbody>\n<tr>\n<td width=\"120\"><\/td>\n<td width=\"454\">INFORMAZIONI DI BASE<\/td>\n<\/tr>\n<tr>\n<td rowspan=\"2\" width=\"120\">Titolare del trattamento dei dati<\/td>\n<td width=\"454\">GRUPO EASYCHARGER S.A. (ZUNDER)<\/p>\n<p>A-34277434<\/td>\n<\/tr>\n<tr>\n<td width=\"454\"> Plaza Padres Dominicos, s\/n, 34005 Palencia (Espa\u00f1a)<\/td>\n<\/tr>\n<tr>\n<td rowspan=\"2\" width=\"120\">Finalit\u00e0 del trattamento dei dati personali<\/td>\n<td width=\"454\">&#8211; Gestire e mantenere il rapporto commerciale.<\/p>\n<p>&#8211; Gestire le richieste di informazioni.<\/p>\n<p>&#8211; Gestire i processi di selezione del personale.<\/p>\n<p>&#8211; Per l&#8217;invio di comunicazioni commerciali proprie o di terzi.<\/p>\n<p>&#8211; Accesso all&#8217;Area Clienti<\/p>\n<p>&#8211; Accesso al Canale Reclami<\/p>\n<p>&#8211; Risposta a richieste di informazioni e contatto<\/p>\n<p>&#8211; I cookie<\/td>\n<\/tr>\n<tr>\n<td width=\"454\"><u>Periodi di conservazione<\/u>: I dati saranno conservati per tutto il tempo in cui viene mantenuto il rapporto contrattuale, finch\u00e9 la cancellazione non viene richiesta dall&#8217;interessato, o non devono essere cancellati perch\u00e9 necessari per l&#8217;adempimento di un obbligo legale o per la formulazione, l&#8217;esercizio e la difesa di reclami.<\/td>\n<\/tr>\n<tr>\n<td width=\"120\">Origene<\/td>\n<td width=\"454\">&#8211; Forniti dall&#8217;utente stesso.<\/p>\n<p>&#8211; Ottenuti da terzi.<\/td>\n<\/tr>\n<tr>\n<td width=\"120\">Base Legittimit\u00e0<\/td>\n<td width=\"454\">&#8211; Consenso dell&#8217;interessato<\/p>\n<p>&#8211; L&#8217;esecuzione del contratto con l&#8217;utente.<\/p>\n<p>&#8211; Gli obblighi legali del Gruppo Easycharger.S.A..<\/p>\n<p>&#8211; Il legittimo interesse del Grupo Easycharger. S.A. <\/td>\n<\/tr>\n<tr>\n<td width=\"120\">Destinatari degli incarichi<\/td>\n<td width=\"454\">Tutti sono necessari per l&#8217;adempimento delle finalit\u00e0 di cui sopra, o sono effettuati in ottemperanza a un obbligo di legge. Pubbliche amministrazioni, fornitori per l&#8217;erogazione dei servizi richiesti, societ\u00e0 ed enti collaboratori. <\/td>\n<\/tr>\n<tr>\n<td rowspan=\"4\" width=\"120\">Diritti dei partecipanti<\/td>\n<td width=\"454\">Possono essere esercitati via e-mail: <a href=\"mailto:privacidad@zunder.com\">privacidad@zunder.com<\/a> \/ o presso la sede legale del Grupo Easycharger: Plaza Padres Dominicios, s\/n, 34005, Palencia (Spagna).<\/td>\n<\/tr>\n<tr>\n<td width=\"454\">Vi informiamo che potete esercitare, se del caso, i diritti di accesso, rettifica o cancellazione, limitazione del trattamento, opposizione, il diritto alla portabilit\u00e0 dei dati o a non essere soggetti a una decisione basata esclusivamente sul trattamento automatizzato, nonch\u00e9 il diritto di revocare il consenso prestato.<\/td>\n<\/tr>\n<tr>\n<td width=\"454\">\u00c8 possibile presentare un reclamo all&#8217;Agenzia spagnola per la protezione dei dati: <a href=\"http:\/\/www.aepd.es\">www.aepd.es<\/a>, l&#8217;autorit\u00e0 di controllo spagnola per la protezione dei dati.<\/td>\n<\/tr>\n<tr>\n<td width=\"454\">Ulteriori informazioni sono disponibili nell&#8217;Informativa sulla privacy completa in questo documento.<\/td>\n<\/tr>\n<\/tbody>\n<\/table>\n<p><strong>Titolare del trattamento dei dati: Chi siamo?<\/strong><\/p>\n<p>Denominazione: ZUNDER (GRUPO EASYCHARGER S.A.)<\/p>\n<p>P. IVA: A34277434<\/p>\n<p>Iscritta nel Registro delle Imprese di Palencia, Foglio P-7870 Volume 502 Folio 30<br \/>Indirizzo: Plaza Padres Dominicos, s\/n, 34005, Palencia<\/p>\n<p>Telefono: 979 300 500<\/p>\n<p>E-mail: privacidad@zunder.com<\/p>\n<p><strong>Finalit\u00e0 e legittimit\u00e0 del trattamento. Perch\u00e9 e per quale scopo utilizzeremo i vostri dati?<\/strong><\/p>\n<p>Tutti i dati forniti dai nostri clienti e\/o visitatori al sito web di ZUNDER (GRUPO EASYCHARGER S.A.) o al suo personale saranno inseriti in archivi, automatizzati o meno, creati e mantenuti sotto la responsabilit\u00e0 di ZUNDER, indispensabili per fornire i servizi richiesti dagli utenti, o per risolvere i dubbi o le domande poste dai nostri visitatori. Le finalit\u00e0 del trattamento sono le seguenti: <\/p>\n<ul>\n<li>Registrazione degli utenti sul sito web (nome, cognome, indirizzo e-mail, numero di telefono, documento d&#8217;identit\u00e0, indirizzo postale, password e numero di carta di credito) per l&#8217;esecuzione di un contratto o di un precontratto (art. 6.1 b, RGPD).<\/li>\n<li>Accesso alla localizzazione tramite geolocalizzazione del dispositivo (indirizzo IP) sulla base del consenso dell&#8217;interessato (art. 6.1 a, GDPR).<\/li>\n<li>Risoluzione delle richieste di informazioni (nome, indirizzo e-mail e numero di telefono di contatto) sulla base del consenso dell&#8217;interessato (art. 6.1 a, GDPR).<\/li>\n<li>Invio di comunicazioni commerciali e\/o newsletter (nome, indirizzo e-mail, numero di telefono di contatto) sulla base del consenso dell&#8217;interessato (art. 6.1 a, RGPD).<\/li>\n<li>Invio di curriculum vitae e candidature per la partecipazione a processi di selezione del personale, sulla base del consenso iniziale dell&#8217;interessato (art. 6.1 a, RGPD).<\/li>\n<li>Presentazione di reclami attraverso il Canale dei reclami, in base al rispetto dell&#8217;obbligo legale previsto dalla Legge 2\/2023 (art. 6.1 c, RGPD).<\/li>\n<li>Elaborazione degli ID degli utenti\/visitatori del sito tramite cookie tecnici e strettamente necessari, in base al legittimo interesse (art. 6.1 f, RGPD) e sulla base del consenso per cookie analitici, personalizzazione e scopi pubblicitari, propri o di terzi (art. 6.1 a, RGPD).<\/li>\n<\/ul>\n<p><strong>Quali informazioni trattiamo?<\/strong><\/p>\n<ol>\n<li><strong>I dati che ci fornite direttamente<\/strong>:<\/li>\n<\/ol>\n<p>Raccogliamo informazioni su di voi quando ci contattate attraverso i canali previsti a questo scopo, come il modulo di contatto, il modulo previsto per la presentazione ai processi di selezione, quando scaricate l&#8217;App Zunder e vi registrate come utenti, ecc. Quando ci contattate attraverso questi canali, vi chiediamo informazioni personali come l&#8217;e-mail, il nome, il cognome, il numero di telefono di contatto, l&#8217;interesse a contattarci, il background accademico o professionale, il CV, ecc. \u00c8 possibile vedere i dati specifici in ciascuno dei moduli sul nostro sito web. <\/p>\n<p>Tutti i campi contrassegnati da un asterisco (*) nei moduli forniti all&#8217;utente nei canali devono essere compilati, per cui l&#8217;omissione di uno di essi potrebbe rendere impossibile la fornitura dei servizi richiesti. L&#8217;utente \u00e8 tenuto a fornire informazioni veritiere, ed \u00e8 vietata l&#8217;impersonificazione dell&#8217;identit\u00e0 o l&#8217;uso di pseudonimi o nomi anonimi. <\/p>\n<p>Nel fornire i dati che possono esservi richiesti sui canali, non potete scegliere espressioni offensive, coincidenti con marchi, nomi commerciali, nomi o pseudonimi di personaggi pubblici o celebrit\u00e0 che non siete autorizzati a utilizzare.<\/p>\n<p>Per garantire che le informazioni fornite siano sempre aggiornate e non contengano errori, l&#8217;utente \u00e8 tenuto a informare ZUNDER il prima possibile di qualsiasi modifica dei propri dati personali.<\/p>\n<p>Allo stesso modo, cliccando sul pulsante &#8220;Accetto&#8221; (o equivalente) incorporato nei suddetti moduli, dichiarate che le informazioni e i dati da voi forniti sono accurati e veritieri.<\/p>\n<ol>\n<li><strong>Dati ottenuti indirettamente:<\/strong><\/li>\n<\/ol>\n<p>Durante la navigazione, sul dispositivo dell&#8217;utente possono essere installati vari cookie e altri dispositivi di tracciamento, come spiegato nella nostra <a href=\"https:\/\/zunder.com\/it\/politica-dei-cookie\/\">Politica sui cookie<\/a>.<\/p>\n<p><strong>Qual \u00e8 l&#8217;origine dei dati? <\/strong><\/p>\n<p>Riteniamo che tutti i dati trattati da ZUNDER siano stati liberamente forniti dall&#8217;utente. Nel caso in cui i dati personali forniti appartengano a terzi, l&#8217;utente garantisce di averli informati della presente Informativa sulla privacy e di aver ottenuto la loro autorizzazione a fornire i dati a ZUNDER per i suddetti scopi. Allo stesso modo, l&#8217;utente garantisce che i dati forniti sono accurati e aggiornati e si assume la responsabilit\u00e0 per qualsiasi danno diretto o indiretto che possa essere causato dalla mancata osservanza di questo obbligo.  <\/p>\n<p><strong>A chi vengono comunicati i dati?<\/strong><\/p>\n<p>Non divulghiamo i Suoi dati a terzi al di l\u00e0 delle necessarie comunicazioni alle amministrazioni pubbliche o legali al fine di adempiere agli obblighi di legge a noi applicabili e per la fornitura di determinati servizi. In quest&#8217;ultimo caso, ZUNDER la informa che i dati forniti potranno essere comunicati alle entit\u00e0 del GRUPPO a tale scopo. Tuttavia, nel caso in cui sia necessario effettuare un trasferimento, vi informeremo preventivamente e questo sar\u00e0 sempre effettuato sulla base di una base giuridica che legittimi il trattamento.   Ad esempio, la legge fiscale prevede l&#8217;obbligo di fornire all&#8217;Agenzia delle Entrate determinate informazioni sulle transazioni economiche che superano un certo importo.<\/p>\n<p>Nel caso in cui, al di fuori dei casi sopra citati, dovessimo divulgare i vostri dati personali ad altre entit\u00e0, richiederemo il vostro consenso preventivo attraverso opzioni chiare che vi permetteranno di decidere in merito, e vi informiamo che ogni trasferimento che avr\u00e0 luogo sar\u00e0 effettuato tenendo conto di tutte le necessarie garanzie legali. Garantiamo inoltre la sottoscrizione di contratti specifici con tutti i nostri fornitori di servizi in conformit\u00e0 alle normative vigenti. <\/p>\n<p>Allo stesso modo, ZUNDER garantisce che nel caso di fornitori situati in paesi al di fuori dell&#8217;Unione Europea o in altri paesi non considerati adeguati in base alle normative sulla protezione dei dati, vengono prese le precauzioni necessarie per garantire il trasferimento sicuro dei dati, sia perch\u00e9 il fornitore offre garanzie adeguate, attraverso, tra l&#8217;altro, la sottoscrizione delle Clausole Contrattuali Standard della Commissione Europea, sia perch\u00e9 vengono rispettate le eccezioni previste dalle normative.<\/p>\n<p><strong>Comunicazione: Dove possiamo inviare i vostri dati?<\/strong><\/p>\n<p>Non effettueremo trasferimenti internazionali dei vostri dati personali per nessuno dei suddetti scopi.<\/p>\n<p>Nel caso in cui vengano autorizzati cookie analitici di terze parti (Google), i trasferimenti internazionali di dati saranno effettuati da Google Inc. per la fornitura del servizio Google Analytics.<\/p>\n<p><strong>Conservazione: Per quanto tempo conserveremo i vostri dati?<\/strong><\/p>\n<p>Conserveremo i vostri dati personali solo per il tempo necessario a raggiungere gli scopi per cui sono stati raccolti. Nel determinare il periodo di conservazione appropriato, consideriamo i rischi connessi al trattamento, nonch\u00e9 i nostri obblighi contrattuali, legali e normativi, le politiche interne di conservazione dei dati e i nostri legittimi interessi commerciali, come descritto nella presente Informativa sulla privacy e nella Politica sui cookie. <\/p>\n<p>In tal senso, ZUNDER (GRUPO EASYCHARGER S.A.) conserver\u00e0 i dati personali una volta terminato il rapporto con Lei, debitamente bloccati, durante il periodo di prescrizione delle azioni che potrebbero derivare dal rapporto mantenuto con l&#8217;interessato.<\/p>\n<p>Nel trattamento del Canale Reclami, i dati dei reclami che vengono elaborati da ZUNDER saranno conservati per i periodi legalmente applicabili; nel caso di reclami che non vengono elaborati, il periodo di conservazione \u00e8 di 3 mesi.<\/p>\n<p>Una volta bloccati, i vostri dati saranno inaccessibili a ZUNDER (GRUPO EASYCHARGER S.A.), e non saranno trattati se non per metterli a disposizione delle Pubbliche Amministrazioni, dei Giudici e dei Tribunali, per l&#8217;attenzione alle eventuali responsabilit\u00e0 derivanti dal trattamento, nonch\u00e9 per l&#8217;esercizio e la difesa di ricorsi presso l&#8217;Agenzia spagnola per la protezione dei dati.<\/p>\n<p><strong>Sicurezza: Come proteggiamo i vostri dati?<\/strong><\/p>\n<p>Facciamo tutto il possibile per mantenere la riservatezza delle informazioni personali trattate nei nostri sistemi. Manteniamo livelli di sicurezza rigorosi per proteggere i dati personali che trattiamo da perdite accidentali e da accessi, trattamenti o divulgazioni non autorizzati, tenendo conto dello stato della tecnologia, della natura dei dati e dei rischi a cui sono esposti. Tuttavia, non possiamo essere ritenuti responsabili dell&#8217;uso che l&#8217;utente fa dei dati (compresi nome utente e password) che utilizza sul nostro sito web. Il nostro personale si attiene a rigorosi standard in materia di privacy e, nel caso in cui incarichiamo terzi di fornire servizi di supporto, chiediamo loro di attenersi agli stessi standard e di consentirci di verificarne la conformit\u00e0.   <\/p>\n<p><strong>Minori.<\/strong><\/p>\n<p>I minori di 14 anni non possono utilizzare i servizi disponibili attraverso il nostro sito web senza la preventiva autorizzazione dei genitori, dei tutori o dei rappresentanti legali, che saranno gli unici responsabili di tutti gli atti compiuti attraverso il sito dai minori a loro affidati, compresa la compilazione dei moduli con i dati personali di tali minori e la spunta, se del caso, delle caselle che li accompagnano.<\/p>\n<p><strong>I vostri diritti: Quali diritti potete esercitare in qualit\u00e0 di interessati?<\/strong><\/p>\n<p>Vi informiamo che potete esercitare i seguenti diritti:<\/p>\n<ul>\n<li>Diritto di accesso ai propri dati personali, per conoscere quali dati personali vengono trattati e le operazioni di trattamento effettuate su di essi;<\/li>\n<li>Diritto alla rettifica di eventuali dati personali inesatti;<br \/>\nDiritto alla cancellazione dei dati personali, laddove ci\u00f2 sia possibile (ad esempio per legge);<\/li>\n<li>Il diritto di limitare il trattamento dei dati personali in caso di dubbi sull&#8217;accuratezza, la legittimit\u00e0 o la necessit\u00e0 del trattamento dei dati, nel qual caso potremo conservare i dati per far valere o difendere i nostri diritti.<\/li>\n<li>Il diritto di opporsi al trattamento dei dati personali, quando la base giuridica che ci consente di trattare tali dati \u00e8 il nostro legittimo interesse. ZUNDER (GRUPO EASYCHARGER S.A.) interromper\u00e0 il trattamento dei vostri dati a meno che non abbia un interesse legittimo o sia necessario per la difesa di reclami, quando questo diritto \u00e8 applicabile.<\/li>\n<li>Il diritto alla portabilit\u00e0 dei dati, quando la base giuridica che ci consente di trattarli \u00e8 l&#8217;esistenza di un rapporto contrattuale o il vostro consenso.<\/li>\n<li>Diritto di revocare il consenso dato a ZUNDER (GRUPO EASYCHARGER S.A.)<\/li>\n<\/ul>\n<p>Per esercitare i vostri diritti, potete farlo gratuitamente e in qualsiasi momento contattandoci all&#8217;indirizzo Plaza Padres Dominicos, s\/n, 34005, Palencia, Palencia, o scrivendo a <a href=\"mailto:privacidad@zunder.com\">privacidad@zunder.com<\/a>.<\/p>\n<p><strong>Tutela dei diritti: Dove si pu\u00f2 presentare un reclamo?<\/strong><\/p>\n<p>Nel caso in cui l&#8217;utente ritenga che i suoi diritti siano stati da noi ignorati, pu\u00f2 presentare un reclamo all&#8217;Agenzia spagnola per la protezione dei dati, con uno dei seguenti mezzi:<\/p>\n<ul>\n<li>Sede elettronica: <a href=\"https:\/\/sedeagpd.gob.es\">https:\/\/sedeagpd.gob.es .<\/a><\/li>\n<li>Posta ordinaria: Agencia Espa\u00f1ola de Protecci\u00f3n de Datos, C\/ Jorge Juan, 6, 28001, Madrid<\/li>\n<li>Telefono: 901.100.099 e 912.663.517<\/li>\n<\/ul>\n<p>Presentare un reclamo all&#8217;Agenzia spagnola per la protezione dei dati non comporta alcun costo e non \u00e8 necessaria l&#8217;assistenza di un avvocato o di un legale.<\/p>\n<p><strong>Aggiornamenti: Quali modifiche possono essere apportate alla presente Politica sulla Privacy?<\/strong><\/p>\n<p>ZUNDER (EASYCHARGER GROUP S.A.) si riserva il diritto di modificare la presente politica al fine di adeguarla a nuove normative o giurisprudenze che possano influire sulla sua conformit\u00e0.<\/p>\n<p>La presente informativa sulla privacy \u00e8 stata rivista a partire dal 03 aprile 2025.[\/et_pb_text][\/et_pb_column][\/et_pb_row][\/et_pb_section]<\/p>\n","protected":false},"excerpt":{"rendered":"<p>In ottemperanza al Regolamento (UE) 2016\/679 del Parlamento europeo e del Consiglio, del 27 aprile 2016, sulla protezione delle persone fisiche con riguardo al trattamento dei dati personali, che abroga la Direttiva 95\/46\/CE (di seguito denominato GDPR), Legge 34\/2002, dell&#8217;11 luglio, sui servizi della societ\u00e0 dell&#8217;informazione e del commercio elettronico (di seguito, LSSI-CE) e Legge [&hellip;]<\/p>\n","protected":false},"author":1,"featured_media":0,"parent":0,"menu_order":0,"comment_status":"closed","ping_status":"closed","template":"","meta":{"_acf_changed":false,"_et_pb_use_builder":"on","_et_pb_old_content":"","_et_gb_content_width":"","inline_featured_image":false,"footnotes":""},"class_list":["post-25735","page","type-page","status-publish","hentry"],"acf":[],"yoast_head":"<!-- This site is optimized with the Yoast SEO plugin v27.4 - https:\/\/yoast.com\/product\/yoast-seo-wordpress\/ -->\n<title>Politica sulla privacy e sulla protezione dei dati - Zunder<\/title>\n<meta name=\"robots\" content=\"index, follow, max-snippet:-1, max-image-preview:large, max-video-preview:-1\" \/>\n<link rel=\"canonical\" href=\"https:\/\/www.zunder.com\/it\/politica-sulla-privacy-e-sulla-protezione-dei-dati\/\" \/>\n<meta property=\"og:locale\" content=\"it_IT\" \/>\n<meta property=\"og:type\" content=\"article\" \/>\n<meta property=\"og:title\" content=\"Politica sulla privacy e sulla protezione dei dati - Zunder\" \/>\n<meta property=\"og:description\" content=\"In ottemperanza al Regolamento (UE) 2016\/679 del Parlamento europeo e del Consiglio, del 27 aprile 2016, sulla protezione delle persone fisiche con riguardo al trattamento dei dati personali, che abroga la Direttiva 95\/46\/CE (di seguito denominato GDPR), Legge 34\/2002, dell&#039;11 luglio, sui servizi della societ\u00e0 dell&#039;informazione e del commercio elettronico (di seguito, LSSI-CE) e Legge [&hellip;]\" \/>\n<meta property=\"og:site_name\" content=\"Zunder\" \/>\n<meta property=\"article:modified_time\" content=\"2025-07-23T11:40:43+00:00\" \/>\n<meta name=\"twitter:card\" content=\"summary_large_image\" \/>\n<meta name=\"twitter:label1\" content=\"Tempo di lettura stimato\" \/>\n\t<meta name=\"twitter:data1\" content=\"12 minuti\" \/>\n<script type=\"application\/ld+json\" class=\"yoast-schema-graph\">{\"@context\":\"https:\\\/\\\/schema.org\",\"@graph\":[{\"@type\":\"WebPage\",\"@id\":\"https:\\\/\\\/www.zunder.com\\\/it\\\/politica-sulla-privacy-e-sulla-protezione-dei-dati\\\/\",\"url\":\"https:\\\/\\\/www.zunder.com\\\/it\\\/politica-sulla-privacy-e-sulla-protezione-dei-dati\\\/\",\"name\":\"Politica sulla privacy e sulla protezione dei dati - Zunder\",\"isPartOf\":{\"@id\":\"https:\\\/\\\/www.zunder.com\\\/it\\\/#website\"},\"datePublished\":\"2023-05-24T11:22:53+00:00\",\"dateModified\":\"2025-07-23T11:40:43+00:00\",\"breadcrumb\":{\"@id\":\"https:\\\/\\\/www.zunder.com\\\/it\\\/politica-sulla-privacy-e-sulla-protezione-dei-dati\\\/#breadcrumb\"},\"inLanguage\":\"it-IT\",\"potentialAction\":[{\"@type\":\"ReadAction\",\"target\":[\"https:\\\/\\\/www.zunder.com\\\/it\\\/politica-sulla-privacy-e-sulla-protezione-dei-dati\\\/\"]}]},{\"@type\":\"BreadcrumbList\",\"@id\":\"https:\\\/\\\/www.zunder.com\\\/it\\\/politica-sulla-privacy-e-sulla-protezione-dei-dati\\\/#breadcrumb\",\"itemListElement\":[{\"@type\":\"ListItem\",\"position\":1,\"name\":\"Portada\",\"item\":\"https:\\\/\\\/www.zunder.com\\\/it\\\/\"},{\"@type\":\"ListItem\",\"position\":2,\"name\":\"Politica sulla privacy e sulla protezione dei dati\"}]},{\"@type\":\"WebSite\",\"@id\":\"https:\\\/\\\/www.zunder.com\\\/it\\\/#website\",\"url\":\"https:\\\/\\\/www.zunder.com\\\/it\\\/\",\"name\":\"Zunder\",\"description\":\"Charging Hero\",\"potentialAction\":[{\"@type\":\"SearchAction\",\"target\":{\"@type\":\"EntryPoint\",\"urlTemplate\":\"https:\\\/\\\/www.zunder.com\\\/it\\\/?s={search_term_string}\"},\"query-input\":{\"@type\":\"PropertyValueSpecification\",\"valueRequired\":true,\"valueName\":\"search_term_string\"}}],\"inLanguage\":\"it-IT\"}]}<\/script>\n<!-- \/ Yoast SEO plugin. -->","yoast_head_json":{"title":"Politica sulla privacy e sulla protezione dei dati - Zunder","robots":{"index":"index","follow":"follow","max-snippet":"max-snippet:-1","max-image-preview":"max-image-preview:large","max-video-preview":"max-video-preview:-1"},"canonical":"https:\/\/www.zunder.com\/it\/politica-sulla-privacy-e-sulla-protezione-dei-dati\/","og_locale":"it_IT","og_type":"article","og_title":"Politica sulla privacy e sulla protezione dei dati - Zunder","og_site_name":"Zunder","article_modified_time":"2025-07-23T11:40:43+00:00","twitter_card":"summary_large_image","twitter_misc":{"Tempo di lettura stimato":"12 minuti"},"schema":{"@context":"https:\/\/schema.org","@graph":[{"@type":"WebPage","@id":"https:\/\/www.zunder.com\/it\/politica-sulla-privacy-e-sulla-protezione-dei-dati\/","url":"https:\/\/www.zunder.com\/it\/politica-sulla-privacy-e-sulla-protezione-dei-dati\/","name":"Politica sulla privacy e sulla protezione dei dati - Zunder","isPartOf":{"@id":"https:\/\/www.zunder.com\/it\/#website"},"datePublished":"2023-05-24T11:22:53+00:00","dateModified":"2025-07-23T11:40:43+00:00","breadcrumb":{"@id":"https:\/\/www.zunder.com\/it\/politica-sulla-privacy-e-sulla-protezione-dei-dati\/#breadcrumb"},"inLanguage":"it-IT","potentialAction":[{"@type":"ReadAction","target":["https:\/\/www.zunder.com\/it\/politica-sulla-privacy-e-sulla-protezione-dei-dati\/"]}]},{"@type":"BreadcrumbList","@id":"https:\/\/www.zunder.com\/it\/politica-sulla-privacy-e-sulla-protezione-dei-dati\/#breadcrumb","itemListElement":[{"@type":"ListItem","position":1,"name":"Portada","item":"https:\/\/www.zunder.com\/it\/"},{"@type":"ListItem","position":2,"name":"Politica sulla privacy e sulla protezione dei dati"}]},{"@type":"WebSite","@id":"https:\/\/www.zunder.com\/it\/#website","url":"https:\/\/www.zunder.com\/it\/","name":"Zunder","description":"Charging Hero","potentialAction":[{"@type":"SearchAction","target":{"@type":"EntryPoint","urlTemplate":"https:\/\/www.zunder.com\/it\/?s={search_term_string}"},"query-input":{"@type":"PropertyValueSpecification","valueRequired":true,"valueName":"search_term_string"}}],"inLanguage":"it-IT"}]}},"_links":{"self":[{"href":"https:\/\/www.zunder.com\/it\/wp-json\/wp\/v2\/pages\/25735","targetHints":{"allow":["GET"]}}],"collection":[{"href":"https:\/\/www.zunder.com\/it\/wp-json\/wp\/v2\/pages"}],"about":[{"href":"https:\/\/www.zunder.com\/it\/wp-json\/wp\/v2\/types\/page"}],"author":[{"embeddable":true,"href":"https:\/\/www.zunder.com\/it\/wp-json\/wp\/v2\/users\/1"}],"replies":[{"embeddable":true,"href":"https:\/\/www.zunder.com\/it\/wp-json\/wp\/v2\/comments?post=25735"}],"version-history":[{"count":8,"href":"https:\/\/www.zunder.com\/it\/wp-json\/wp\/v2\/pages\/25735\/revisions"}],"predecessor-version":[{"id":43512,"href":"https:\/\/www.zunder.com\/it\/wp-json\/wp\/v2\/pages\/25735\/revisions\/43512"}],"wp:attachment":[{"href":"https:\/\/www.zunder.com\/it\/wp-json\/wp\/v2\/media?parent=25735"}],"curies":[{"name":"wp","href":"https:\/\/api.w.org\/{rel}","templated":true}]}}