{"id":25738,"date":"2023-05-24T13:32:53","date_gmt":"2023-05-24T11:32:53","guid":{"rendered":"https:\/\/www.zunder.com\/politica-dei-cookie\/"},"modified":"2025-10-29T09:29:25","modified_gmt":"2025-10-29T08:29:25","slug":"politica-dei-cookie","status":"publish","type":"page","link":"https:\/\/www.zunder.com\/it\/politica-dei-cookie\/","title":{"rendered":"Politica dei cookie"},"content":{"rendered":"<p>[et_pb_section fb_built=&#8221;1&#8243; _builder_version=&#8221;4.20.2&#8243; _module_preset=&#8221;42affb73-ad2b-4d0c-8fab-fabed56c6857&#8243; global_colors_info=&#8221;{}&#8221;][et_pb_row _builder_version=&#8221;4.21.0&#8243; _module_preset=&#8221;default&#8221; global_colors_info=&#8221;{}&#8221;][et_pb_column type=&#8221;4_4&#8243; _builder_version=&#8221;4.20.2&#8243; _module_preset=&#8221;default&#8221; global_colors_info=&#8221;{}&#8221;][et_pb_text _builder_version=&#8221;4.21.0&#8243; _dynamic_attributes=&#8221;content&#8221; _module_preset=&#8221;default&#8221; global_colors_info=&#8221;{}&#8221;]@ET-DC@eyJkeW5hbWljIjp0cnVlLCJjb250ZW50IjoicG9zdF90aXRsZSIsInNldHRpbmdzIjp7ImJlZm9yZSI6IjxoMT4iLCJhZnRlciI6IjxcL2gxPiJ9fQ==@[\/et_pb_text][\/et_pb_column][\/et_pb_row][\/et_pb_section][et_pb_section fb_built=&#8221;1&#8243; _builder_version=&#8221;4.21.0&#8243; _module_preset=&#8221;fefe5a54-b250-46a2-abcd-6042bebe7c69&#8243; global_colors_info=&#8221;{}&#8221;][et_pb_row _builder_version=&#8221;4.21.0&#8243; _module_preset=&#8221;default&#8221; global_colors_info=&#8221;{}&#8221;][et_pb_column type=&#8221;4_4&#8243; _builder_version=&#8221;4.21.0&#8243; _module_preset=&#8221;default&#8221; global_colors_info=&#8221;{}&#8221;][et_pb_text _builder_version=&#8221;4.27.4&#8243; _module_preset=&#8221;default&#8221; global_colors_info=&#8221;{}&#8221;]Sul sito web https:\/\/www.zunder.com\/ (di seguito, il sito Web) utilizziamo i cookie per facilitare il rapporto tra i visitatori e i nostri contenuti e per consentirci di compilare statistiche sui visitatori ricevuti.<\/p>\n<p>Vi informiamo che possiamo utilizzare i cookie per facilitare la vostra navigazione nel sito web, distinguervi dagli altri utenti, fornirvi una migliore esperienza nell&#8217;uso del sito web e identificare i problemi al fine di migliorare il nostro sito web. Inoltre, se l&#8217;utente acconsente, utilizzeremo i cookie per consentirci di conoscere meglio le sue preferenze e di personalizzare il nostro sito web in base ai suoi interessi individuali.<\/p>\n<p>Attraverso l&#8217;uso dei cookie \u00e8 possibile che il server dove \u00e8 ospitato il sito web riconosca il browser utilizzato dall&#8217;utente, al fine di rendere pi\u00f9 agevole la navigazione, consentendo, ad esempio, l&#8217;accesso agli utenti che si sono precedentemente registrati, l&#8217;accesso ad aree, servizi. Vengono inoltre utilizzati per misurare l&#8217;audience e i parametri di traffico, nonch\u00e9 per monitorare l&#8217;andamento e il numero di iscrizioni. <\/p>\n<h4><strong>COSA SONO I BISCOTTI?<\/strong><\/h4>\n<p>Un cookie \u00e8 un file che viene installato nel browser dell&#8217;utente quando accede a determinate pagine o applicazioni. I cookie consentono al proprietario di un sito web o di un&#8217;applicazione, tra le altre cose, di memorizzare e recuperare informazioni sulle abitudini di navigazione di un utente o sulla sua apparecchiatura e, a seconda delle informazioni contenute e del modo in cui l&#8217;utente utilizza la sua apparecchiatura, possono essere utilizzati per riconoscere l&#8217;utente. <\/p>\n<p>In conformit\u00e0 alla Direttiva 2009\/136\/CE, recepita nel nostro ordinamento dall&#8217;articolo 22, secondo comma, della Legge sui Servizi della Societ\u00e0 dell&#8217;Informazione, seguendo le linee guida dell&#8217;Agenzia Spagnola per la Protezione dei Dati, procediamo a informarvi dettagliatamente sull&#8217;utilizzo del nostro sito web.<\/p>\n<p>Lo scopo della presente politica sui cookie \u00e8 quello di informare l&#8217;utente in modo chiaro e preciso sui cookie utilizzati sul nostro sito Web (la &#8220;Politica sui cookie&#8221;). Per quanto riguarda i cookie di terze parti, ossia quelli esterni al nostro sito Web, non possiamo essere ritenuti responsabili del contenuto e della veridicit\u00e0 delle politiche sulla privacy che essi includono, pertanto le informazioni che offriamo fanno sempre riferimento alla fonte.<\/p>\n<p><strong>QUALI TIPI DI COOKIE UTILIZZA QUESTO SITO WEB E QUALI SONO LE LORO FINALIT\u00c0?<\/strong><\/p>\n<p><strong>Dall&#8217;entit\u00e0 che gestisce il dominio:<\/strong><\/p>\n<ol>\n<li>Cookie propri: sono quelli inviati al terminale dell&#8217;utente da un computer o da un dominio gestito dall&#8217;editore stesso e dal quale viene fornito il servizio richiesto dall&#8217;utente.<\/li>\n<li>Cookie di terze parti: sono quelli che vengono inviati al terminale dell&#8217;utente da un computer o da un dominio non gestito dall&#8217;editore, ma da un&#8217;altra entit\u00e0 che elabora i dati.<\/li>\n<\/ol>\n<p><strong>Tipi di cookie in base alla durata della loro attivit\u00e0:<\/strong><\/p>\n<ol>\n<li>Cookie di sessione: si tratta di un tipo di cookie progettato per raccogliere e memorizzare i dati durante l&#8217;accesso dell&#8217;utente a una pagina web.<\/li>\n<li>Cookie persistenti: Si tratta di un tipo di cookie in cui i dati rimangono memorizzati nel terminale e possono essere consultati ed elaborati per un periodo definito dal responsabile del cookie, che pu\u00f2 variare da pochi minuti a diversi anni.<\/li>\n<\/ol>\n<p><strong>Tipi di cookie in base al loro scopo:<\/strong><\/p>\n<ol>\n<li>Cookie tecnici: quelli che permettono all&#8217;utente di navigare su un sito web, una piattaforma o un&#8217;applicazione e di utilizzare le diverse opzioni o servizi presenti su di essa, come, ad esempio, il controllo del traffico e della comunicazione dei dati, l&#8217;identificazione della sessione, l&#8217;accesso alle aree ad accesso limitato, la memorizzazione degli elementi che compongono un ordine, l&#8217;esecuzione del processo di acquisto di un ordine, la presentazione di una domanda di registrazione o di partecipazione a un evento, l&#8217;utilizzo di elementi di sicurezza durante la navigazione, la memorizzazione di contenuti per la diffusione di video o suoni o la condivisione di contenuti attraverso i social network.<\/li>\n<li>Cookie di personalizzazione: questi cookie consentono all&#8217;utente di accedere al servizio con determinate caratteristiche generali predefinite in base a una serie di criteri presenti nel terminale dell&#8217;utente, come la lingua, il tipo di browser utilizzato per accedere al servizio, la configurazione regionale da cui si accede al servizio, ecc.<\/li>\n<li>Cookie pubblicitari: sono quelli che consentono di gestire, nel modo pi\u00f9 efficace possibile, gli spazi pubblicitari che, se del caso, l&#8217;editore ha inserito in un sito web, un&#8217;applicazione o una piattaforma da cui viene fornito il servizio richiesto, in base a criteri quali il contenuto modificato o la frequenza con cui vengono mostrati gli annunci.<\/li>\n<li>Cookie di pubblicit\u00e0 comportamentale: questi cookie consentono di gestire nel modo pi\u00f9 efficace possibile gli spazi pubblicitari che, se del caso, l&#8217;editore ha inserito su un sito web, un&#8217;applicazione o una piattaforma da cui viene fornito il servizio richiesto. Questi cookie salvano le informazioni inerenti al comportamento degli utenti ottenute tramite l\u2019osservazione costante delle loro abitudini di navigazione, al fine di creare un profilo specifico a cui mostrare pubblicit\u00e0 coerenti.<\/li>\n<li>Cookie di analisi: questi cookie consentono al responsabile di monitorare e analizzare il comportamento degli utenti dei siti web a cui sono collegati. Le informazioni raccolte tramite questo tipo di cookie vengono utilizzate per la misurazione delle attivit\u00e0 dei siti web, di applicazioni o di piattaforme e per l\u2019elaborazione dei profili di navigazione degli utenti dei suddetti siti, applicazioni e piattaforme, al fine di introdurre miglioramenti in base all\u2019analisi dei dati inerenti all\u2019uso degli utenti del servizio.<\/li>\n<\/ol>\n<p><strong>ELENCO DEI COOKIE PER EMITTENTE:<\/strong><\/p>\n<table width=\"646\" class=\"tabla\">\n<tbody>\n<tr>\n<td width=\"142\"><strong>Nome del cookie<\/strong><\/td>\n<td width=\"85\"><strong>Emisor<\/strong><\/td>\n<td width=\"85\"><strong>Tipo<\/strong><\/td>\n<td width=\"104\"><strong>Periodo di conservazione<\/strong><\/td>\n<td width=\"231\"><strong>Ulteriori informazioni<\/strong><\/td>\n<\/tr>\n<tr>\n<td width=\"142\">cmplz_banner_status<\/td>\n<td width=\"85\">Zunder.com<\/td>\n<td width=\"85\">Tecnica<\/td>\n<td width=\"104\">1 anno<\/td>\n<td width=\"231\">Visualizzazione dei cookie informativi del banner<\/td>\n<\/tr>\n<tr>\n<td width=\"142\">cmplz_funtional<\/td>\n<td width=\"85\">Zunder.com<\/td>\n<td width=\"85\">Tecnica<\/td>\n<td width=\"104\">1 anno<\/td>\n<td width=\"231\">Valore patrimoniale\/valore rifiutato<\/td>\n<\/tr>\n<tr>\n<td width=\"142\">cmplz_marketing<\/td>\n<td width=\"85\">Zunder.com<\/td>\n<td width=\"85\">Tecnica<\/td>\n<td width=\"104\">1 anno<\/td>\n<td width=\"231\">Valore patrimoniale\/valore rifiutato<\/td>\n<\/tr>\n<tr>\n<td width=\"142\">cmplz_policy_id<\/td>\n<td width=\"85\">Zunder.com<\/td>\n<td width=\"85\">Tecnica<\/td>\n<td width=\"104\">1 anno<\/td>\n<td width=\"231\">Valore patrimoniale\/valore rifiutato<\/td>\n<\/tr>\n<tr>\n<td width=\"142\">cmplz_preferences<\/td>\n<td width=\"85\">Zunder.com<\/td>\n<td width=\"85\">Tecnica<\/td>\n<td width=\"104\">1 anno<\/td>\n<td width=\"231\">Valore patrimoniale\/valore rifiutato<\/td>\n<\/tr>\n<tr>\n<td width=\"142\">cmplz_statistics<\/td>\n<td width=\"85\">Zunder.com<\/td>\n<td width=\"85\">Tecnica<\/td>\n<td width=\"104\">1 anno<\/td>\n<td width=\"231\">Valore patrimoniale\/valore rifiutato<\/td>\n<\/tr>\n<tr>\n<td width=\"142\">wp-wpml_current_lenguage<\/td>\n<td width=\"85\">Zunder.com<\/td>\n<td width=\"85\">Preferencias<\/td>\n<td width=\"104\">Sessione<\/td>\n<td width=\"231\">Cookie che identifica la lingua selezionata dall&#8217;utente<\/td>\n<\/tr>\n<tr>\n<td width=\"142\">PHPSESSID<\/td>\n<td width=\"85\">Zunder.com<\/td>\n<td width=\"85\">Tecnica<\/td>\n<td width=\"104\">Sessione<\/td>\n<td width=\"231\">Il cookie PHPSESSID \u00e8 nativo di PHP e consente ai siti web di memorizzare dati di stato serializzati. Sul sito web viene utilizzato per stabilire una sessione utente. <\/td>\n<\/tr>\n<\/tbody>\n<\/table>\n<p>La presente tabella informativa sar\u00e0 aggiornata il prima possibile in caso di modifica dei servizi offerti su questo sito web. Tuttavia, \u00e8 possibile che la tabella informativa non includa temporaneamente un cookie, un tag o un altro dispositivo simile a causa di un aggiornamento, anche se ci saranno sempre dispositivi con scopi identici a quelli inclusi in questa tabella. <\/p>\n<p><strong>ELENCO DEI COOKIE DI TERZE PARTI<\/strong><\/p>\n<p><strong>ReCaptcha:<\/strong><\/p>\n<p>I cookie funzionali di Google reCaptcha hanno lo scopo di verificare se \u00e8 una persona o un computer a inserire determinati dati nei nostri moduli. Non appena accedete al sito web, reCaptcha analizza le vostre interazioni utilizzando le seguenti funzioni: <\/p>\n<ul>\n<li>Indirizzo IP del terminale utilizzato.<\/li>\n<li>Data e tempo di permanenza sul sito web.<\/li>\n<li>Movimenti del mouse su superfici reCaptcha e\/o aree che richiedono l&#8217;identificazione dell&#8217;immagine.<\/li>\n<li>Dati che identificano il browser e il tipo di sistema operativo utilizzato.<\/li>\n<li>Account Google, se avete effettuato l&#8217;accesso a Google.<\/li>\n<\/ul>\n<p>I dati raccolti durante l&#8217;analisi vengono inviati a Google. Secondo le istruzioni di Google, quest&#8217;ultimo non utilizza le informazioni raccolte da reCaptcha per la pubblicit\u00e0 personalizzata. <\/p>\n<p><strong>Google Analytics Cookie analitici.<\/strong><\/p>\n<table width=\"573\" class=\"tabla\">\n<tbody>\n<tr>\n<td width=\"94\"><strong>Nome del cookie<\/strong><\/td>\n<td width=\"66\"><strong>Emisor<\/strong><\/td>\n<td width=\"66\"><strong>Tipo<\/strong><\/td>\n<td width=\"95\"><strong>Periodo di conservazione<\/strong><\/td>\n<td width=\"252\"><strong>Ulteriori informazioni<\/strong><\/td>\n<\/tr>\n<tr>\n<td width=\"94\">_ga<\/td>\n<td width=\"66\">Google Analytics<\/td>\n<td width=\"66\">Analisi<\/td>\n<td width=\"95\">1 anno<\/td>\n<td width=\"252\">Distingue gli utenti unici assegnando un numero generato casualmente come identificatore del cliente. \u00c8 incluso in ogni richiesta di pagina di un sito e viene utilizzato per calcolare i dati dei visitatori, delle sessioni e delle campagne per i rapporti di analisi del sito. <\/td>\n<\/tr>\n<tr>\n<td width=\"94\">_gat<\/td>\n<td width=\"66\">Google Analytics<\/td>\n<td width=\"66\">Analisi<\/td>\n<td width=\"95\">1 minuto<\/td>\n<td width=\"252\">Limitare le richieste a Google Analytics per aumentare l&#8217;efficacia delle chiamate in rete.<\/td>\n<\/tr>\n<tr>\n<td width=\"94\">_gid<\/td>\n<td width=\"66\">Google Analytics<\/td>\n<td width=\"66\">Analisi<\/td>\n<td width=\"95\">1 giorno<\/td>\n<td width=\"252\">Responsabile del monitoraggio del comportamento degli utenti.<\/td>\n<\/tr>\n<\/tbody>\n<\/table>\n<p><strong>Informazioni sul trattamento dei dati personali attraverso i cookie di Google Analytics e il servizio Google recaptcha.<\/strong><\/p>\n<table width=\"574\">\n<thead>\n<tr>\n<td width=\"120\">Terzo responsabile<\/td>\n<td width=\"454\">GOOGLE ANALYTICS, 1600 Amphitheatre Parkway, Mountain View, CA 94043, Estados Unidos<\/p>\n<p>GOOGLE INC a trav\u00e9s de doubleclick.net. 1600 Amphitheatre Parkway, Mountain View, CA 94043, Estados Unidos. <\/td>\n<\/tr>\n<\/thead>\n<tbody>\n<tr>\n<td width=\"120\">Informazioni acquisite<\/td>\n<td width=\"454\">Indirizzo IP, data e ora della connessione, dispositivo, geolocalizzazione, fornitore di servizi di connessione, browser, account Google dell&#8217;utente. Google non fornisce a ZUNDER informazioni sull&#8217;effettivo indirizzo IP dell&#8217;utente, ma solo informazioni statistiche. <\/td>\n<\/tr>\n<tr>\n<td width=\"120\">Scopo<\/td>\n<td width=\"454\">Cookie analitici e funzionali del servizio Google reCaptcha, sul sito web del sito web.<\/td>\n<\/tr>\n<tr>\n<td width=\"120\">Base di legittimazione<\/td>\n<td width=\"454\">Si prega di notare che se si accettano i cookie di terze parti e in seguito si desidera cancellarli definitivamente, \u00e8 necessario farlo dalle opzioni del browser in basso, poich\u00e9 la revoca ne impedir\u00e0 l&#8217;uso ma non li canceller\u00e0 in quanto si tratta di cookie di terze parti. Maggiori informazioni sui cookie su <a href=\"https:\/\/www.google.es\/intl\/es\/policies\/privacy\/\">https:\/\/www.google.es\/intl\/es\/policies\/privacy\/<\/a> <\/td>\n<\/tr>\n<tr>\n<td width=\"120\">Periodo di conservazionn<\/td>\n<td width=\"454\">Il periodo di conservazione dei vostri dati personali \u00e8 quello stabilito da Google nella sua politica accessibile all&#8217;indirizzo <a href=\"http:\/\/www.google.com\/intl\/es\/policies\/privacy\/\">http:\/\/www.google.com\/intl\/es\/policies\/privacy\/<\/a>.<\/td>\n<\/tr>\n<tr>\n<td width=\"120\">Trasferimento internazionale dei dati<\/td>\n<td width=\"454\">Questi cookie di terze parti utilizzati appartengono a Google, con sede negli Stati Uniti, al di fuori dello Spazio economico europeo.<\/td>\n<\/tr>\n<tr>\n<td width=\"120\">Derechos<\/td>\n<td width=\"454\">Per esercitare i vostri diritti nei confronti di Google, dovete fare riferimento alle disposizioni della sua politica sulla privacy <a href=\"https:\/\/policies.google.com\/privacy?hl=es\">https:\/\/policies.google.com\/privacy?hl=es<\/a>.<\/p>\n<p>L&#8217;utente ha inoltre il diritto di presentare un reclamo a un&#8217;autorit\u00e0 di vigilanza competente.<\/td>\n<\/tr>\n<\/tbody>\n<\/table>\n<p><strong>Trasferimenti internazionali di dati<\/strong><\/p>\n<p>ZUNDER non effettuer\u00e0 alcun tipo di trasferimento internazionale di dati relativi alle informazioni ottenute attraverso l&#8217;uso dei propri cookie. Tuttavia, per quanto riguarda i cookie di terze parti, \u00e8 possibile ottenere informazioni sui trasferimenti internazionali effettuati dalle terze parti identificate nella presente Politica sui cookie nelle loro politiche corrispondenti: <a href=\"https:\/\/policies.google.com\/technologies\/cookies\">https:\/\/policies.google.com\/technologies\/cookies<\/a> <\/p>\n<p><strong>GESTIONE DEI COOKIE<\/strong><\/p>\n<p>Tenendo conto delle informazioni fornite nella presente Cookie Policy, di seguito forniamo informazioni su come \u00e8 possibile gestire i cookie utilizzati sul sito web attraverso le diverse opzioni offerte dai browser pi\u00f9 comuni (Explorer, Firefox, Chrome, Safari e Opera).<\/p>\n<p>Ad esempio, \u00e8 possibile trovare informazioni su come gestire le preferenze relative ai cookie nei browser pi\u00f9 comuni seguendo i link riportati di seguito:<\/p>\n<p>Firefox da <a href=\"https:\/\/support.mozilla.org\/es\/kb\/habilitar-y-deshabilitar-cookies-sitios-web-rastrear-preferencias?redirectlocale=es&amp;redirectslug=habilitar-y-deshabilitar-cookies-que-los-sitios-we\">qui<\/a>.<\/p>\n<p>Chrome da <a href=\"https:\/\/support.google.com\/chrome\/answer\/95647?hl=es\">qui<\/a>.<\/p>\n<p>Esploratore da <a href=\"https:\/\/support.microsoft.com\/es-es\/help\/17442\/windows-internet-explorer-delete-manage-cookies\">qui<\/a>.<\/p>\n<p>Safari da <a href=\"https:\/\/support.apple.com\/kb\/ph5042?locale=es_ES\">qui<\/a>.<\/p>\n<p>Operare da <a href=\"https:\/\/help.opera.com\/en\/latest\/security-and-privacy\/\">qui<\/a>.<\/p>\n<p>Se il vostro browser non \u00e8 presente nell&#8217;elenco, consultate la documentazione specifica del vostro browser.<\/p>\n<p>Queste modifiche si applicano solo al browser attraverso il quale si sta effettuando l&#8217;accesso. Per eliminare i cookie da altri dispositivi, \u00e8 necessario seguire la procedura descritta per tali dispositivi. <\/p>\n<p>Se l&#8217;installazione di tutti i cookie sul sito web viene impedita, alcune funzionalit\u00e0 del sito web e alcuni contenuti potrebbero essere compromessi.<\/p>\n<p><strong>INFORMAZIONI AGGIUNTIVE <\/strong><\/p>\n<p>Potete contattare ZUNDER all&#8217;indirizzo <a href=\"mailto:privacidad@zunder.com\">privacidad@zunder.com<\/a> dove potete scrivere per esercitare i vostri diritti di accesso, rettifica o cancellazione, limitazione del trattamento, opposizione, alla portabilit\u00e0 dei dati o per non essere oggetto di una decisione basata esclusivamente sul trattamento automatizzato, nonch\u00e9 per revocare il consenso prestato.<\/p>\n<p>Nella misura in cui le informazioni trattate si riferiscono solo a codici o identificatori univoci di dispositivi o browser utilizzati dall&#8217;utente e non riguardano dati che identificano direttamente l&#8217;utente, i diritti di cui sopra non si applicano, a meno che l&#8217;utente non fornisca informazioni aggiuntive che ne consentano l&#8217;identificazione.<\/p>\n<p>La presente politica sui cookie \u00e8 stata rivista a partire dal 3 aprile 2025.[\/et_pb_text][\/et_pb_column][\/et_pb_row][\/et_pb_section]<\/p>\n","protected":false},"excerpt":{"rendered":"<p>Sul sito web https:\/\/www.zunder.com\/ (di seguito, il sito Web) utilizziamo i cookie per facilitare il rapporto tra i visitatori e i nostri contenuti e per consentirci di compilare statistiche sui visitatori ricevuti. Vi informiamo che possiamo utilizzare i cookie per facilitare la vostra navigazione nel sito web, distinguervi dagli altri utenti, fornirvi una migliore esperienza [&hellip;]<\/p>\n","protected":false},"author":1,"featured_media":0,"parent":0,"menu_order":0,"comment_status":"closed","ping_status":"closed","template":"","meta":{"_acf_changed":false,"_et_pb_use_builder":"on","_et_pb_old_content":"","_et_gb_content_width":"","inline_featured_image":false,"footnotes":""},"class_list":["post-25738","page","type-page","status-publish","hentry"],"acf":[],"yoast_head":"<!-- This site is optimized with the Yoast SEO plugin v27.4 - https:\/\/yoast.com\/product\/yoast-seo-wordpress\/ -->\n<title>Politica dei cookie - Zunder<\/title>\n<meta name=\"robots\" content=\"index, follow, max-snippet:-1, max-image-preview:large, max-video-preview:-1\" \/>\n<link rel=\"canonical\" href=\"https:\/\/www.zunder.com\/it\/politica-dei-cookie\/\" \/>\n<meta property=\"og:locale\" content=\"it_IT\" \/>\n<meta property=\"og:type\" content=\"article\" \/>\n<meta property=\"og:title\" content=\"Politica dei cookie - Zunder\" \/>\n<meta property=\"og:description\" content=\"Sul sito web https:\/\/www.zunder.com\/ (di seguito, il sito Web) utilizziamo i cookie per facilitare il rapporto tra i visitatori e i nostri contenuti e per consentirci di compilare statistiche sui visitatori ricevuti. Vi informiamo che possiamo utilizzare i cookie per facilitare la vostra navigazione nel sito web, distinguervi dagli altri utenti, fornirvi una migliore esperienza [&hellip;]\" \/>\n<meta property=\"og:site_name\" content=\"Zunder\" \/>\n<meta property=\"article:modified_time\" content=\"2025-10-29T08:29:25+00:00\" \/>\n<meta name=\"twitter:card\" content=\"summary_large_image\" \/>\n<meta name=\"twitter:label1\" content=\"Tempo di lettura stimato\" \/>\n\t<meta name=\"twitter:data1\" content=\"10 minuti\" \/>\n<script type=\"application\/ld+json\" class=\"yoast-schema-graph\">{\"@context\":\"https:\\\/\\\/schema.org\",\"@graph\":[{\"@type\":\"WebPage\",\"@id\":\"https:\\\/\\\/www.zunder.com\\\/it\\\/politica-dei-cookie\\\/\",\"url\":\"https:\\\/\\\/www.zunder.com\\\/it\\\/politica-dei-cookie\\\/\",\"name\":\"Politica dei cookie - Zunder\",\"isPartOf\":{\"@id\":\"https:\\\/\\\/www.zunder.com\\\/it\\\/#website\"},\"datePublished\":\"2023-05-24T11:32:53+00:00\",\"dateModified\":\"2025-10-29T08:29:25+00:00\",\"breadcrumb\":{\"@id\":\"https:\\\/\\\/www.zunder.com\\\/it\\\/politica-dei-cookie\\\/#breadcrumb\"},\"inLanguage\":\"it-IT\",\"potentialAction\":[{\"@type\":\"ReadAction\",\"target\":[\"https:\\\/\\\/www.zunder.com\\\/it\\\/politica-dei-cookie\\\/\"]}]},{\"@type\":\"BreadcrumbList\",\"@id\":\"https:\\\/\\\/www.zunder.com\\\/it\\\/politica-dei-cookie\\\/#breadcrumb\",\"itemListElement\":[{\"@type\":\"ListItem\",\"position\":1,\"name\":\"Portada\",\"item\":\"https:\\\/\\\/www.zunder.com\\\/it\\\/\"},{\"@type\":\"ListItem\",\"position\":2,\"name\":\"Politica dei cookie\"}]},{\"@type\":\"WebSite\",\"@id\":\"https:\\\/\\\/www.zunder.com\\\/it\\\/#website\",\"url\":\"https:\\\/\\\/www.zunder.com\\\/it\\\/\",\"name\":\"Zunder\",\"description\":\"Charging Hero\",\"potentialAction\":[{\"@type\":\"SearchAction\",\"target\":{\"@type\":\"EntryPoint\",\"urlTemplate\":\"https:\\\/\\\/www.zunder.com\\\/it\\\/?s={search_term_string}\"},\"query-input\":{\"@type\":\"PropertyValueSpecification\",\"valueRequired\":true,\"valueName\":\"search_term_string\"}}],\"inLanguage\":\"it-IT\"}]}<\/script>\n<!-- \/ Yoast SEO plugin. -->","yoast_head_json":{"title":"Politica dei cookie - Zunder","robots":{"index":"index","follow":"follow","max-snippet":"max-snippet:-1","max-image-preview":"max-image-preview:large","max-video-preview":"max-video-preview:-1"},"canonical":"https:\/\/www.zunder.com\/it\/politica-dei-cookie\/","og_locale":"it_IT","og_type":"article","og_title":"Politica dei cookie - Zunder","og_site_name":"Zunder","article_modified_time":"2025-10-29T08:29:25+00:00","twitter_card":"summary_large_image","twitter_misc":{"Tempo di lettura stimato":"10 minuti"},"schema":{"@context":"https:\/\/schema.org","@graph":[{"@type":"WebPage","@id":"https:\/\/www.zunder.com\/it\/politica-dei-cookie\/","url":"https:\/\/www.zunder.com\/it\/politica-dei-cookie\/","name":"Politica dei cookie - Zunder","isPartOf":{"@id":"https:\/\/www.zunder.com\/it\/#website"},"datePublished":"2023-05-24T11:32:53+00:00","dateModified":"2025-10-29T08:29:25+00:00","breadcrumb":{"@id":"https:\/\/www.zunder.com\/it\/politica-dei-cookie\/#breadcrumb"},"inLanguage":"it-IT","potentialAction":[{"@type":"ReadAction","target":["https:\/\/www.zunder.com\/it\/politica-dei-cookie\/"]}]},{"@type":"BreadcrumbList","@id":"https:\/\/www.zunder.com\/it\/politica-dei-cookie\/#breadcrumb","itemListElement":[{"@type":"ListItem","position":1,"name":"Portada","item":"https:\/\/www.zunder.com\/it\/"},{"@type":"ListItem","position":2,"name":"Politica dei cookie"}]},{"@type":"WebSite","@id":"https:\/\/www.zunder.com\/it\/#website","url":"https:\/\/www.zunder.com\/it\/","name":"Zunder","description":"Charging Hero","potentialAction":[{"@type":"SearchAction","target":{"@type":"EntryPoint","urlTemplate":"https:\/\/www.zunder.com\/it\/?s={search_term_string}"},"query-input":{"@type":"PropertyValueSpecification","valueRequired":true,"valueName":"search_term_string"}}],"inLanguage":"it-IT"}]}},"_links":{"self":[{"href":"https:\/\/www.zunder.com\/it\/wp-json\/wp\/v2\/pages\/25738","targetHints":{"allow":["GET"]}}],"collection":[{"href":"https:\/\/www.zunder.com\/it\/wp-json\/wp\/v2\/pages"}],"about":[{"href":"https:\/\/www.zunder.com\/it\/wp-json\/wp\/v2\/types\/page"}],"author":[{"embeddable":true,"href":"https:\/\/www.zunder.com\/it\/wp-json\/wp\/v2\/users\/1"}],"replies":[{"embeddable":true,"href":"https:\/\/www.zunder.com\/it\/wp-json\/wp\/v2\/comments?post=25738"}],"version-history":[{"count":16,"href":"https:\/\/www.zunder.com\/it\/wp-json\/wp\/v2\/pages\/25738\/revisions"}],"predecessor-version":[{"id":44520,"href":"https:\/\/www.zunder.com\/it\/wp-json\/wp\/v2\/pages\/25738\/revisions\/44520"}],"wp:attachment":[{"href":"https:\/\/www.zunder.com\/it\/wp-json\/wp\/v2\/media?parent=25738"}],"curies":[{"name":"wp","href":"https:\/\/api.w.org\/{rel}","templated":true}]}}