{"id":23743,"date":"2023-03-09T09:20:18","date_gmt":"2023-03-09T08:20:18","guid":{"rendered":"https:\/\/www.zunder.com\/home-2\/"},"modified":"2026-04-30T16:50:53","modified_gmt":"2026-04-30T14:50:53","slug":"home-2","status":"publish","type":"page","link":"https:\/\/www.zunder.com\/pt-pt\/","title":{"rendered":"Home"},"content":{"rendered":"<p>[et_pb_section fb_built=&#8221;1&#8243; _builder_version=&#8221;4.21.0&#8243; _module_preset=&#8221;e5773072-e1bf-43c3-9f73-76d1fad29391&#8243; background_color=&#8221;RGBA(255,255,255,0)&#8221; background_enable_color=&#8221;on&#8221; background_enable_image=&#8221;off&#8221; background_enable_video_mp4=&#8221;off&#8221; background_last_edited=&#8221;off|tablet&#8221; background_enable_color_phone=&#8221;off&#8221; background_image_tablet=&#8221;https:\/\/www.zunder.com\/wp-content\/uploads\/2023\/04\/PRUEBA-I2-web.jpg&#8221; background_enable_image_tablet=&#8221;on&#8221; background_enable_image_phone=&#8221;off&#8221; global_colors_info=&#8221;{}&#8221;][et_pb_row _builder_version=&#8221;4.21.0&#8243; _module_preset=&#8221;419346ff-f150-4579-81b2-e9c7c34132cc&#8221; global_colors_info=&#8221;{}&#8221;][et_pb_column type=&#8221;4_4&#8243; _builder_version=&#8221;4.20.2&#8243; _module_preset=&#8221;default&#8221; global_colors_info=&#8221;{}&#8221;][et_pb_text _builder_version=&#8221;4.21.0&#8243; _module_preset=&#8221;default&#8221; header_text_color=&#8221;gcid-76beaf44-2ae6-45fb-85a5-201d1855ff8c&#8221; global_colors_info=&#8221;{%22gcid-76beaf44-2ae6-45fb-85a5-201d1855ff8c%22:%91%22header_5_text_color%22,%22header_4_text_color%22,%22header_3_text_color%22,%22header_text_color%22%93,%22gcid-1c25c2de-3d5e-4b3e-900d-a8287cafdd86%22:%91%22header_6_text_color%22,%22header_5_text_color%22,%22header_4_text_color%22,%22header_3_text_color%22%93}&#8221;]<\/p>\n<h1 style=\"text-align: center;\">O operador de <strong style=\"font-weight: bold;\">carregamento ultrarr\u00e1pido<\/strong> de <strong style=\"font-weight: bold;\">refer\u00eancia<\/strong> no <strong style=\"font-weight: bold;\">Sul da Europa<\/strong> <\/h1>\n<p>[\/et_pb_text][\/et_pb_column][\/et_pb_row][et_pb_row _builder_version=&#8221;4.21.0&#8243; _module_preset=&#8221;f64e9542-d63e-4f5c-b464-1b8c07b0a5ba&#8221; global_colors_info=&#8221;{}&#8221;][et_pb_column type=&#8221;4_4&#8243; _builder_version=&#8221;4.20.2&#8243; _module_preset=&#8221;87617d83-28d8-458e-b88f-22b6ae0c4931&#8243; global_colors_info=&#8221;{}&#8221; custom_css_main_element_last_edited=&#8221;on|desktop&#8221;][et_pb_button button_url=&#8221;@ET-DC@eyJkeW5hbWljIjp0cnVlLCJjb250ZW50IjoicG9zdF9saW5rX3VybF9wYWdlIiwic2V0dGluZ3MiOnsicG9zdF9pZCI6IjEzNjQxIn19@&#8221; button_text=&#8221;Parceiros&#8221; _builder_version=&#8221;4.21.0&#8243; _dynamic_attributes=&#8221;button_url&#8221; _module_preset=&#8221;292616cf-4a05-45de-a900-d3f77e28c7fc&#8221; custom_margin_tablet=&#8221;&#8221; custom_margin_phone=&#8221;&#8221; custom_margin_last_edited=&#8221;on|desktop&#8221; global_colors_info=&#8221;{}&#8221; custom_css_main_element_last_edited=&#8221;on|phone&#8221;][\/et_pb_button][et_pb_button button_url=&#8221;@ET-DC@eyJkeW5hbWljIjp0cnVlLCJjb250ZW50IjoicG9zdF9saW5rX3VybF9wYWdlIiwic2V0dGluZ3MiOnsicG9zdF9pZCI6IjEyNTI5In19@&#8221; button_text=&#8221;Plataforma SaaS&#8221; _builder_version=&#8221;4.21.0&#8243; _dynamic_attributes=&#8221;button_url&#8221; _module_preset=&#8221;292616cf-4a05-45de-a900-d3f77e28c7fc&#8221; global_colors_info=&#8221;{}&#8221; custom_css_main_element_last_edited=&#8221;on|phone&#8221;][\/et_pb_button][et_pb_button button_url=&#8221;@ET-DC@eyJkeW5hbWljIjp0cnVlLCJjb250ZW50IjoicG9zdF9saW5rX3VybF9wYWdlIiwic2V0dGluZ3MiOnsicG9zdF9pZCI6IjE0MzYwIn19@&#8221; button_text=&#8221;Recomendar localiza\u00e7\u00e3o&#8221; _builder_version=&#8221;4.21.0&#8243; _dynamic_attributes=&#8221;button_url&#8221; _module_preset=&#8221;292616cf-4a05-45de-a900-d3f77e28c7fc&#8221; global_colors_info=&#8221;{}&#8221; custom_css_main_element_last_edited=&#8221;on|phone&#8221;][\/et_pb_button][\/et_pb_column][\/et_pb_row][et_pb_row _builder_version=&#8221;4.20.2&#8243; _module_preset=&#8221;ebe59802-b7d9-464a-bfb6-39d644e43213&#8243; saved_tabs=&#8221;all&#8221; global_colors_info=&#8221;{}&#8221;][et_pb_column type=&#8221;4_4&#8243; _builder_version=&#8221;4.20.2&#8243; _module_preset=&#8221;default&#8221; custom_css_main_element=&#8221;display:flex;||justify-content:center;||gap: 64px;&#8221; global_colors_info=&#8221;{}&#8221;][dsm_lottie lottie_url=&#8221;https:\/\/www.zunder.com\/wp-content\/uploads\/2023\/04\/raton-scroll-2.json&#8221; lottie_animation_viewport=&#8221;100%&#8221; disabled_on=&#8221;on|off|off&#8221; _builder_version=&#8221;4.21.0&#8243; _module_preset=&#8221;default&#8221; width=&#8221;34px&#8221; module_alignment=&#8221;center&#8221; link_option_url=&#8221;#scroll&#8221; global_colors_info=&#8221;{}&#8221;][\/dsm_lottie][et_pb_image src=&#8221;https:\/\/www.zunder.com\/wp-content\/uploads\/\/scroll-flecha.svg&#8221; url=&#8221;#scroll&#8221; align=&#8221;center&#8221; disabled_on=&#8221;off|on|on&#8221; _builder_version=&#8221;4.21.0&#8243; _module_preset=&#8221;default&#8221; height=&#8221;20px&#8221; custom_margin=&#8221;||||false|false&#8221; animation_direction=&#8221;top&#8221; global_colors_info=&#8221;{}&#8221;][\/et_pb_image][\/et_pb_column][\/et_pb_row][et_pb_row _builder_version=&#8221;4.21.0&#8243; _module_preset=&#8221;default&#8221; positioning=&#8221;absolute&#8221; position_origin_a=&#8221;top_center&#8221; z_index=&#8221;-1&#8243; width=&#8221;100%&#8221; max_width=&#8221;100%&#8221; height=&#8221;100vh&#8221; custom_margin=&#8221;0px||0px||true|false&#8221; custom_padding=&#8221;0px||0px||true|false&#8221; global_colors_info=&#8221;{}&#8221;][et_pb_column type=&#8221;4_4&#8243; _builder_version=&#8221;4.21.0&#8243; _module_preset=&#8221;default&#8221; global_colors_info=&#8221;{}&#8221;][et_pb_code module_class=&#8221;video-full&#8221; _builder_version=&#8221;4.21.0&#8243; _module_preset=&#8221;default&#8221; global_colors_info=&#8221;{}&#8221;]<iframe src=\"https:\/\/player.vimeo.com\/video\/839720692?background=1&#038;loop=1\" frameborder=\"0\" allowfullscreen=\"\"><\/iframe>[\/et_pb_code][\/et_pb_column][\/et_pb_row][\/et_pb_section][et_pb_section fb_built=&#8221;1&#8243; module_class=&#8221;idscroll&#8221; _builder_version=&#8221;4.21.0&#8243; _module_preset=&#8221;fefe5a54-b250-46a2-abcd-6042bebe7c69&#8243; global_colors_info=&#8221;{}&#8221;][et_pb_row column_structure=&#8221;1_2,1_2&#8243; make_equal=&#8221;on&#8221; _builder_version=&#8221;4.20.2&#8243; _module_preset=&#8221;default&#8221; global_colors_info=&#8221;{}&#8221;][et_pb_column type=&#8221;1_2&#8243; _builder_version=&#8221;4.20.2&#8243; _module_preset=&#8221;default&#8221; global_colors_info=&#8221;{}&#8221;][et_pb_image src=&#8221;https:\/\/www.zunder.com\/wp-content\/uploads\/2026\/02\/Realistic_Silver_Smartphone_Mockup_05-2-scaled.png&#8221; title_text=&#8221;Realistic_Silver_Smartphone_Mockup_05&#8243; _builder_version=&#8221;4.27.6&#8243; _module_preset=&#8221;default&#8221; module_alignment=&#8221;center&#8221; global_colors_info=&#8221;{}&#8221;][\/et_pb_image][\/et_pb_column][et_pb_column type=&#8221;1_2&#8243; _builder_version=&#8221;4.20.2&#8243; _module_preset=&#8221;default&#8221; custom_css_main_element=&#8221;margin:auto;&#8221; global_colors_info=&#8221;{}&#8221;][et_pb_text _builder_version=&#8221;4.21.0&#8243; _module_preset=&#8221;default&#8221; custom_margin=&#8221;||32px||false|false&#8221; global_colors_info=&#8221;{}&#8221;]<\/p>\n<h2>Desfrute da sua viagem sem preocupa\u00e7\u00f5es<\/h2>\n<p>[\/et_pb_text][et_pb_text _builder_version=&#8221;4.21.0&#8243; _module_preset=&#8221;default&#8221; text_font_size=&#8221;18px&#8221; custom_margin=&#8221;32px||32px||true|false&#8221; global_colors_info=&#8221;{}&#8221;]<\/p>\n<p>A Zunder \u00e9 a refer\u00eancia no carregamento de ve\u00edculos em Espanha. Gra\u00e7as \u00e0 nossa pr\u00f3pria rede de carregamento ultrarr\u00e1pido, pode viajar livremente e \u00e0 vontade nas estradas do Sul da Europa com o seu carro el\u00e9trico.<\/p>\n<p>A nossa extensa rede de carregamento pr\u00f3pria e de parceiros (interoperabilidade) permite-lhe carregar o seu ve\u00edculo el\u00e9trico onde quer que precise, sem necessidade de registos adicionais.<\/p>\n<p>[\/et_pb_text][et_pb_image src=&#8221;https:\/\/www.zunder.com\/wp-content\/uploads\/2023\/05\/app-store-1.png&#8221; title_text=&#8221;market-ios&#8221; url=&#8221;https:\/\/apps.apple.com\/es\/app\/easycharger\/id1382581406&#8243; url_new_window=&#8221;on&#8221; admin_label=&#8221;Imagen&#8221; _builder_version=&#8221;4.21.0&#8243; _module_preset=&#8221;default&#8221; height=&#8221;40px&#8221; custom_margin=&#8221;|20px|||false|false&#8221; custom_css_main_element=&#8221;display:inline-block;&#8221; saved_tabs=&#8221;all&#8221; global_colors_info=&#8221;{}&#8221;][\/et_pb_image][et_pb_image src=&#8221;https:\/\/www.zunder.com\/wp-content\/uploads\/2023\/05\/google-play.png&#8221; title_text=&#8221;market-google&#8221; url=&#8221;https:\/\/play.google.com\/store\/apps\/details?id=es.easycharger.app&#8221; url_new_window=&#8221;on&#8221; admin_label=&#8221;Imagen&#8221; _builder_version=&#8221;4.21.0&#8243; _module_preset=&#8221;default&#8221; height=&#8221;40px&#8221; custom_margin=&#8221;|10px|||false|false&#8221; custom_css_main_element=&#8221;display:inline-block;&#8221; saved_tabs=&#8221;all&#8221; global_colors_info=&#8221;{}&#8221;][\/et_pb_image][\/et_pb_column][\/et_pb_row][\/et_pb_section][et_pb_section fb_built=&#8221;1&#8243; _builder_version=&#8221;4.21.0&#8243; _module_preset=&#8221;default&#8221; background_image=&#8221;https:\/\/www.zunder.com\/wp-content\/uploads\/2023\/04\/banner-home-1.jpg&#8221; global_colors_info=&#8221;{}&#8221;][et_pb_row column_structure=&#8221;1_2,1_2&#8243; _builder_version=&#8221;4.20.2&#8243; _module_preset=&#8221;default&#8221; global_colors_info=&#8221;{}&#8221;][et_pb_column type=&#8221;1_2&#8243; _builder_version=&#8221;4.20.2&#8243; _module_preset=&#8221;default&#8221; global_colors_info=&#8221;{}&#8221;][et_pb_text _builder_version=&#8221;4.21.0&#8243; _module_preset=&#8221;default&#8221; header_2_font=&#8221;|600|||||||&#8221; header_2_text_color=&#8221;gcid-76beaf44-2ae6-45fb-85a5-201d1855ff8c&#8221; header_2_font_size=&#8221;32px&#8221; custom_css_main_element=&#8221;font-weight:400;&#8221; global_colors_info=&#8221;{%22gcid-76beaf44-2ae6-45fb-85a5-201d1855ff8c%22:%91%22header_5_text_color%22,%22header_4_text_color%22,%22header_3_text_color%22,%22header_2_text_color%22%93,%22gcid-1c25c2de-3d5e-4b3e-900d-a8287cafdd86%22:%91%22header_6_text_color%22,%22header_5_text_color%22,%22header_4_text_color%22,%22header_3_text_color%22%93}&#8221;]<\/p>\n<h2>A energia de continuar.<\/h2>\n<p>[\/et_pb_text][et_pb_text _builder_version=&#8221;4.20.2&#8243; _module_preset=&#8221;default&#8221; text_font=&#8221;||||||||&#8221; header_3_text_color=&#8221;gcid-76beaf44-2ae6-45fb-85a5-201d1855ff8c&#8221; header_3_font_size=&#8221;24px&#8221; global_colors_info=&#8221;{%22gcid-76beaf44-2ae6-45fb-85a5-201d1855ff8c%22:%91%22header_5_text_color%22,%22header_4_text_color%22,%22header_3_text_color%22%93,%22gcid-1c25c2de-3d5e-4b3e-900d-a8287cafdd86%22:%91%22header_6_text_color%22,%22header_5_text_color%22,%22header_4_text_color%22%93}&#8221;]<\/p>\n<h3><strong>Carregue at\u00e9 80% da sua bateria em 17 minutos<\/strong><\/h3>\n<p>[\/et_pb_text][\/et_pb_column][et_pb_column type=&#8221;1_2&#8243; _builder_version=&#8221;4.20.2&#8243; _module_preset=&#8221;default&#8221; global_colors_info=&#8221;{}&#8221;][\/et_pb_column][\/et_pb_row][\/et_pb_section][et_pb_section fb_built=&#8221;1&#8243; module_id=&#8221;preguntas-frecuentes&#8221; _builder_version=&#8221;4.21.0&#8243; _module_preset=&#8221;fefe5a54-b250-46a2-abcd-6042bebe7c69&#8243; custom_padding=&#8221;||||false|false&#8221; locked=&#8221;off&#8221; global_colors_info=&#8221;{}&#8221;][et_pb_row _builder_version=&#8221;4.20.2&#8243; _module_preset=&#8221;default&#8221; max_width=&#8221;850px&#8221; global_colors_info=&#8221;{}&#8221;][et_pb_column type=&#8221;4_4&#8243; _builder_version=&#8221;4.20.2&#8243; _module_preset=&#8221;default&#8221; global_colors_info=&#8221;{}&#8221;][et_pb_text _builder_version=&#8221;4.21.0&#8243; _module_preset=&#8221;default&#8221; header_text_align=&#8221;center&#8221; custom_margin=&#8221;||32px||false|false&#8221; locked=&#8221;off&#8221; global_colors_info=&#8221;{}&#8221;]<\/p>\n<h2 style=\"text-align: center;\">Perguntas frequentes<\/h2>\n<p>[\/et_pb_text][et_pb_code _builder_version=&#8221;4.21.0&#8243; _module_preset=&#8221;default&#8221; global_colors_info=&#8221;{}&#8221;]<\/p>\n<div class=\"search-container\"><!-- [et_pb_line_break_holder] --><input type=\"text\" id=\"faq-search\" placeholder=\"Pesquisar...\"><!-- [et_pb_line_break_holder] -->  <img decoding=\"async\" loading=\"lazy\" width=\"14\" height=\"14\" src=\"https:\/\/www.zunder.com\/wp-content\/uploads\/2023\/04\/buscar.svg\" alt=\"\" title=\"\" class=\"search-icon\"><!-- [et_pb_line_break_holder] --><\/div>\n<p><!-- [et_pb_line_break_holder] --><\/p>\n<div class=\"faq-category-buttons\"><!-- [et_pb_line_break_holder] -->  <button class=\"faq-category\" data-category=\"que-es\">O que \u00e9&#8230;?<\/button><!-- [et_pb_line_break_holder] -->  <button class=\"faq-category\" data-category=\"como\">Como&#8230;?<\/button><!-- [et_pb_line_break_holder] -->  <button class=\"faq-category\" data-category=\"cuanto\">Quanto&#8230;?<\/button><!-- [et_pb_line_break_holder] --><\/div>\n<p><!-- [et_pb_line_break_holder] --><\/p>\n<div id=\"faq-results\"><\/div>\n<p><!-- [et_pb_line_break_holder] --><button id=\"load-more\">Carregar mais<\/button><!-- [et_pb_line_break_holder] --><!-- [et_pb_line_break_holder] --><script><!-- [et_pb_line_break_holder] -->jQuery(document).ready(function($) {<!-- [et_pb_line_break_holder] -->  var pagina = 1;<!-- [et_pb_line_break_holder] --><!-- [et_pb_line_break_holder] -->    \/\/ Mostrar todas las FAQs al cargar la p\u00e1gina<!-- [et_pb_line_break_holder] -->  buscar_faqs();<!-- [et_pb_line_break_holder] -->  <!-- [et_pb_line_break_holder] -->  \/\/ Desmarcar botones y buscar al escribir<!-- [et_pb_line_break_holder] -->  $('#faq-search').on('input', function() {<!-- [et_pb_line_break_holder] -->    pagina = 1;<!-- [et_pb_line_break_holder] -->  $('#load-more').prop('disabled', false);<!-- [et_pb_line_break_holder] -->    $('.faq-category').removeClass('selected');<!-- [et_pb_line_break_holder] -->    buscar_faqs();<!-- [et_pb_line_break_holder] -->  });<!-- [et_pb_line_break_holder] --><!-- [et_pb_line_break_holder] -->  \/\/ Marcar bot\u00f3n al seleccionar una categor\u00eda<!-- [et_pb_line_break_holder] -->  $('.faq-category').click(function() {<!-- [et_pb_line_break_holder] -->    if($(this).hasClass('selected')){<!-- [et_pb_line_break_holder] -->      $(this).removeClass('selected');<!-- [et_pb_line_break_holder] -->      pagina = 1;<!-- [et_pb_line_break_holder] -->  \t\t$('#load-more').prop('disabled', false);<!-- [et_pb_line_break_holder] -->      buscar_faqs();<!-- [et_pb_line_break_holder] -->    }else{<!-- [et_pb_line_break_holder] -->      pagina = 1;<!-- [et_pb_line_break_holder] -->    \t$('#load-more').prop('disabled', false);<!-- [et_pb_line_break_holder] -->      $('.faq-category').removeClass('selected');<!-- [et_pb_line_break_holder] -->      $(this).addClass('selected');<!-- [et_pb_line_break_holder] -->      $('#faq-search').val('');  \/\/ Vaciar el campo de b\u00fasqueda<!-- [et_pb_line_break_holder] -->      buscar_faqs($(this).data('category'));<!-- [et_pb_line_break_holder] -->    }<!-- [et_pb_line_break_holder] -->    <!-- [et_pb_line_break_holder] -->  });<!-- [et_pb_line_break_holder] --><!-- [et_pb_line_break_holder] -->  \/\/ Funci\u00f3n de b\u00fasqueda<!-- [et_pb_line_break_holder] -->  function buscar_faqs(categoria = '') {<!-- [et_pb_line_break_holder] -->    var busqueda = $('#faq-search').val();<!-- [et_pb_line_break_holder] -->    $.ajax({<!-- [et_pb_line_break_holder] -->      url: ajaxurl, \/\/ Definido por WordPress<!-- [et_pb_line_break_holder] -->      type: 'POST',<!-- [et_pb_line_break_holder] -->      data: {<!-- [et_pb_line_break_holder] -->        action: 'buscar_faqs',<!-- [et_pb_line_break_holder] -->        busqueda: busqueda,<!-- [et_pb_line_break_holder] -->        categoria: categoria,<!-- [et_pb_line_break_holder] -->        pagina: pagina<!-- [et_pb_line_break_holder] -->      },<!-- [et_pb_line_break_holder] -->      success: function(response) {<!-- [et_pb_line_break_holder] -->        var data = JSON.parse(response);<!-- [et_pb_line_break_holder] -->        if (pagina === 1) {<!-- [et_pb_line_break_holder] -->        $('#faq-results').html(data.content);<!-- [et_pb_line_break_holder] -->      } else {<!-- [et_pb_line_break_holder] -->        $('#faq-results').append(data.content);<!-- [et_pb_line_break_holder] -->      }<!-- [et_pb_line_break_holder] -->      if (pagina >= data.total_pages) {<!-- [et_pb_line_break_holder] -->        $('#load-more').prop('disabled', true);<!-- [et_pb_line_break_holder] -->      } else {<!-- [et_pb_line_break_holder] -->        $('#load-more').prop('disabled', false);<!-- [et_pb_line_break_holder] -->      }<!-- [et_pb_line_break_holder] -->        pagina++;<!-- [et_pb_line_break_holder] -->      }<!-- [et_pb_line_break_holder] -->    });<!-- [et_pb_line_break_holder] -->  }<!-- [et_pb_line_break_holder] -->  <!-- [et_pb_line_break_holder] -->  \/\/ Manejador del bot\u00f3n \"Cargar m\u00e1s\"<!-- [et_pb_line_break_holder] -->  $('#load-more').click(function() {<!-- [et_pb_line_break_holder] -->    buscar_faqs();<!-- [et_pb_line_break_holder] -->  });<!-- [et_pb_line_break_holder] -->});<!-- [et_pb_line_break_holder] --><!-- [et_pb_line_break_holder] --><\/script>[\/et_pb_code][\/et_pb_column][\/et_pb_row][et_pb_row disabled_on=&#8221;off|off|off&#8221; _builder_version=&#8221;4.21.0&#8243; _module_preset=&#8221;default&#8221; max_width=&#8221;850px&#8221; custom_css_main_element=&#8221;display:none;&#8221; global_colors_info=&#8221;{}&#8221;][et_pb_column type=&#8221;4_4&#8243; _builder_version=&#8221;4.20.2&#8243; _module_preset=&#8221;default&#8221; global_colors_info=&#8221;{}&#8221;][et_pb_toggle title=&#8221;Como posso registar-me na Zunder?&#8221; _builder_version=&#8221;4.20.2&#8243; _module_preset=&#8221;e7a2a3ac-e1cc-42f5-b39b-955683c080f5&#8243; global_colors_info=&#8221;{%22gcid-1c25c2de-3d5e-4b3e-900d-a8287cafdd86%22:%91%22icon_color%22,%22open_icon_color%22,%22border_color_bottom%22%93}&#8221;]<\/p>\n<p>Your content goes here. Edit or remove this text inline or in the module Content settings. You can also style every aspect of this content in the module Design settings and even apply custom CSS to this text in the module Advanced settings.<\/p>\n<p>[\/et_pb_toggle][\/et_pb_column][\/et_pb_row][\/et_pb_section]<\/p>\n","protected":false},"excerpt":{"rendered":"<p>O operador de carregamento ultrarr\u00e1pido de refer\u00eancia no Sul da Europa <div class=\"et_pb_module dsm_lottie dsm_lottie_0 et_clickable\">\n\t\t\t\t\n\t\t\t\t\n\t\t\t\t\n\t\t\t\t\n\t\t\t\t\n\t\t\t\t\n\t\t\t\t<div class=\"et_pb_module_inner\">\n\t\t\t\t\t<div class=\"dsm_lottie_wrapper\" data-percent-viewport=\"\" data-params=[{\"path\":\"https:\\\/\\\/www.zunder.com\\\/wp-content\\\/uploads\\\/2023\\\/04\\\/raton-scroll-2.json\",\"loop\":true,\"loop_no\":\"\",\"delay\":\"0ms\",\"direction\":\"1\",\"speed\":\"1\",\"hover\":false,\"trigger\":\"on_hover\",\"scroll\":\"on_hover\",\"mouseout\":\"no_action\",\"viewport\":\"100%\"}]>\n\t\t\t<\/div>\n\t\t\t\t<\/div>\n\t\t\t<\/div>Desfrute da sua viagem sem preocupa\u00e7\u00f5esA Zunder \u00e9 a refer\u00eancia no carregamento de ve\u00edculos em Espanha. Gra\u00e7as \u00e0 nossa pr\u00f3pria rede de carregamento ultrarr\u00e1pido, pode viajar livremente e \u00e0 vontade nas estradas do Sul da [&hellip;]<\/p>\n","protected":false},"author":1,"featured_media":0,"parent":0,"menu_order":0,"comment_status":"closed","ping_status":"closed","template":"","meta":{"_acf_changed":false,"_et_pb_use_builder":"on","_et_pb_old_content":"","_et_gb_content_width":"","inline_featured_image":false,"footnotes":""},"class_list":["post-23743","page","type-page","status-publish","hentry"],"acf":[],"yoast_head":"<!-- This site is optimized with the Yoast SEO plugin v27.4 - https:\/\/yoast.com\/product\/yoast-seo-wordpress\/ -->\n<title>Home - Zunder<\/title>\n<meta name=\"robots\" content=\"index, follow, max-snippet:-1, max-image-preview:large, max-video-preview:-1\" \/>\n<link rel=\"canonical\" href=\"https:\/\/www.zunder.com\/pt-pt\/\" \/>\n<meta property=\"og:locale\" content=\"pt_PT\" \/>\n<meta property=\"og:type\" content=\"article\" \/>\n<meta property=\"og:title\" content=\"Home - Zunder\" \/>\n<meta property=\"og:description\" content=\"O operador de carregamento ultrarr\u00e1pido de refer\u00eancia no Sul da Europa Desfrute da sua viagem sem preocupa\u00e7\u00f5esA Zunder \u00e9 a refer\u00eancia no carregamento de ve\u00edculos em Espanha. Gra\u00e7as \u00e0 nossa pr\u00f3pria rede de carregamento ultrarr\u00e1pido, pode viajar livremente e \u00e0 vontade nas estradas do Sul da [&hellip;]\" \/>\n<meta property=\"og:site_name\" content=\"Zunder\" \/>\n<meta property=\"article:modified_time\" content=\"2026-04-30T14:50:53+00:00\" \/>\n<meta property=\"og:image\" content=\"https:\/\/www.zunder.com\/wp-content\/uploads\/2023\/04\/buscar.svg\" \/>\n<meta name=\"twitter:card\" content=\"summary_large_image\" \/>\n<meta name=\"twitter:label1\" content=\"Tempo estimado de leitura\" \/>\n\t<meta name=\"twitter:data1\" content=\"4 minutos\" \/>\n<script type=\"application\/ld+json\" class=\"yoast-schema-graph\">{\"@context\":\"https:\\\/\\\/schema.org\",\"@graph\":[{\"@type\":\"WebPage\",\"@id\":\"https:\\\/\\\/www.zunder.com\\\/pt-pt\\\/\",\"url\":\"https:\\\/\\\/www.zunder.com\\\/pt-pt\\\/\",\"name\":\"Home - Zunder\",\"isPartOf\":{\"@id\":\"https:\\\/\\\/www.zunder.com\\\/pt-pt\\\/#website\"},\"primaryImageOfPage\":{\"@id\":\"https:\\\/\\\/www.zunder.com\\\/pt-pt\\\/#primaryimage\"},\"image\":{\"@id\":\"https:\\\/\\\/www.zunder.com\\\/pt-pt\\\/#primaryimage\"},\"thumbnailUrl\":\"https:\\\/\\\/www.zunder.com\\\/wp-content\\\/uploads\\\/2023\\\/04\\\/buscar.svg\",\"datePublished\":\"2023-03-09T08:20:18+00:00\",\"dateModified\":\"2026-04-30T14:50:53+00:00\",\"breadcrumb\":{\"@id\":\"https:\\\/\\\/www.zunder.com\\\/pt-pt\\\/#breadcrumb\"},\"inLanguage\":\"pt-PT\",\"potentialAction\":[{\"@type\":\"ReadAction\",\"target\":[\"https:\\\/\\\/www.zunder.com\\\/pt-pt\\\/\"]}]},{\"@type\":\"ImageObject\",\"inLanguage\":\"pt-PT\",\"@id\":\"https:\\\/\\\/www.zunder.com\\\/pt-pt\\\/#primaryimage\",\"url\":\"https:\\\/\\\/www.zunder.com\\\/wp-content\\\/uploads\\\/2023\\\/04\\\/buscar.svg\",\"contentUrl\":\"https:\\\/\\\/www.zunder.com\\\/wp-content\\\/uploads\\\/2023\\\/04\\\/buscar.svg\"},{\"@type\":\"BreadcrumbList\",\"@id\":\"https:\\\/\\\/www.zunder.com\\\/pt-pt\\\/#breadcrumb\",\"itemListElement\":[{\"@type\":\"ListItem\",\"position\":1,\"name\":\"Portada\",\"item\":\"https:\\\/\\\/www.zunder.com\\\/pt-pt\\\/\"},{\"@type\":\"ListItem\",\"position\":2,\"name\":\"Home\"}]},{\"@type\":\"WebSite\",\"@id\":\"https:\\\/\\\/www.zunder.com\\\/pt-pt\\\/#website\",\"url\":\"https:\\\/\\\/www.zunder.com\\\/pt-pt\\\/\",\"name\":\"Zunder\",\"description\":\"Charging Hero\",\"potentialAction\":[{\"@type\":\"SearchAction\",\"target\":{\"@type\":\"EntryPoint\",\"urlTemplate\":\"https:\\\/\\\/www.zunder.com\\\/pt-pt\\\/?s={search_term_string}\"},\"query-input\":{\"@type\":\"PropertyValueSpecification\",\"valueRequired\":true,\"valueName\":\"search_term_string\"}}],\"inLanguage\":\"pt-PT\"}]}<\/script>\n<!-- \/ Yoast SEO plugin. -->","yoast_head_json":{"title":"Home - Zunder","robots":{"index":"index","follow":"follow","max-snippet":"max-snippet:-1","max-image-preview":"max-image-preview:large","max-video-preview":"max-video-preview:-1"},"canonical":"https:\/\/www.zunder.com\/pt-pt\/","og_locale":"pt_PT","og_type":"article","og_title":"Home - Zunder","og_site_name":"Zunder","article_modified_time":"2026-04-30T14:50:53+00:00","og_image":[{"url":"https:\/\/www.zunder.com\/wp-content\/uploads\/2023\/04\/buscar.svg","type":"","width":"","height":""}],"twitter_card":"summary_large_image","twitter_misc":{"Tempo estimado de leitura":"4 minutos"},"schema":{"@context":"https:\/\/schema.org","@graph":[{"@type":"WebPage","@id":"https:\/\/www.zunder.com\/pt-pt\/","url":"https:\/\/www.zunder.com\/pt-pt\/","name":"Home - Zunder","isPartOf":{"@id":"https:\/\/www.zunder.com\/pt-pt\/#website"},"primaryImageOfPage":{"@id":"https:\/\/www.zunder.com\/pt-pt\/#primaryimage"},"image":{"@id":"https:\/\/www.zunder.com\/pt-pt\/#primaryimage"},"thumbnailUrl":"https:\/\/www.zunder.com\/wp-content\/uploads\/2023\/04\/buscar.svg","datePublished":"2023-03-09T08:20:18+00:00","dateModified":"2026-04-30T14:50:53+00:00","breadcrumb":{"@id":"https:\/\/www.zunder.com\/pt-pt\/#breadcrumb"},"inLanguage":"pt-PT","potentialAction":[{"@type":"ReadAction","target":["https:\/\/www.zunder.com\/pt-pt\/"]}]},{"@type":"ImageObject","inLanguage":"pt-PT","@id":"https:\/\/www.zunder.com\/pt-pt\/#primaryimage","url":"https:\/\/www.zunder.com\/wp-content\/uploads\/2023\/04\/buscar.svg","contentUrl":"https:\/\/www.zunder.com\/wp-content\/uploads\/2023\/04\/buscar.svg"},{"@type":"BreadcrumbList","@id":"https:\/\/www.zunder.com\/pt-pt\/#breadcrumb","itemListElement":[{"@type":"ListItem","position":1,"name":"Portada","item":"https:\/\/www.zunder.com\/pt-pt\/"},{"@type":"ListItem","position":2,"name":"Home"}]},{"@type":"WebSite","@id":"https:\/\/www.zunder.com\/pt-pt\/#website","url":"https:\/\/www.zunder.com\/pt-pt\/","name":"Zunder","description":"Charging Hero","potentialAction":[{"@type":"SearchAction","target":{"@type":"EntryPoint","urlTemplate":"https:\/\/www.zunder.com\/pt-pt\/?s={search_term_string}"},"query-input":{"@type":"PropertyValueSpecification","valueRequired":true,"valueName":"search_term_string"}}],"inLanguage":"pt-PT"}]}},"_links":{"self":[{"href":"https:\/\/www.zunder.com\/pt-pt\/wp-json\/wp\/v2\/pages\/23743","targetHints":{"allow":["GET"]}}],"collection":[{"href":"https:\/\/www.zunder.com\/pt-pt\/wp-json\/wp\/v2\/pages"}],"about":[{"href":"https:\/\/www.zunder.com\/pt-pt\/wp-json\/wp\/v2\/types\/page"}],"author":[{"embeddable":true,"href":"https:\/\/www.zunder.com\/pt-pt\/wp-json\/wp\/v2\/users\/1"}],"replies":[{"embeddable":true,"href":"https:\/\/www.zunder.com\/pt-pt\/wp-json\/wp\/v2\/comments?post=23743"}],"version-history":[{"count":27,"href":"https:\/\/www.zunder.com\/pt-pt\/wp-json\/wp\/v2\/pages\/23743\/revisions"}],"predecessor-version":[{"id":48759,"href":"https:\/\/www.zunder.com\/pt-pt\/wp-json\/wp\/v2\/pages\/23743\/revisions\/48759"}],"wp:attachment":[{"href":"https:\/\/www.zunder.com\/pt-pt\/wp-json\/wp\/v2\/media?parent=23743"}],"curies":[{"name":"wp","href":"https:\/\/api.w.org\/{rel}","templated":true}]}}