{"id":24315,"date":"2023-05-24T12:29:56","date_gmt":"2023-05-24T10:29:56","guid":{"rendered":"https:\/\/www.zunder.com\/aviso-legal\/"},"modified":"2025-07-23T10:59:03","modified_gmt":"2025-07-23T08:59:03","slug":"aviso-legal","status":"publish","type":"page","link":"https:\/\/www.zunder.com\/pt-pt\/aviso-legal\/","title":{"rendered":"Aviso legal"},"content":{"rendered":"<p>[et_pb_section fb_built=&#8221;1&#8243; _builder_version=&#8221;4.20.2&#8243; _module_preset=&#8221;42affb73-ad2b-4d0c-8fab-fabed56c6857&#8243; global_colors_info=&#8221;{}&#8221;][et_pb_row _builder_version=&#8221;4.21.0&#8243; _module_preset=&#8221;default&#8221; global_colors_info=&#8221;{}&#8221;][et_pb_column type=&#8221;4_4&#8243; _builder_version=&#8221;4.20.2&#8243; _module_preset=&#8221;default&#8221; global_colors_info=&#8221;{}&#8221;][et_pb_text _builder_version=&#8221;4.21.0&#8243; _dynamic_attributes=&#8221;content&#8221; _module_preset=&#8221;default&#8221; header_text_align=&#8221;left&#8221; global_colors_info=&#8221;{}&#8221;]@ET-DC@eyJkeW5hbWljIjp0cnVlLCJjb250ZW50IjoicG9zdF90aXRsZSIsInNldHRpbmdzIjp7ImJlZm9yZSI6IjxoMT4iLCJhZnRlciI6IjxcL2gxPiJ9fQ==@[\/et_pb_text][\/et_pb_column][\/et_pb_row][\/et_pb_section][et_pb_section fb_built=&#8221;1&#8243; _builder_version=&#8221;4.21.0&#8243; _module_preset=&#8221;fefe5a54-b250-46a2-abcd-6042bebe7c69&#8243; global_colors_info=&#8221;{}&#8221;][et_pb_row _builder_version=&#8221;4.21.0&#8243; _module_preset=&#8221;default&#8221; global_colors_info=&#8221;{}&#8221;][et_pb_column type=&#8221;4_4&#8243; _builder_version=&#8221;4.21.0&#8243; _module_preset=&#8221;default&#8221; global_colors_info=&#8221;{}&#8221;][et_pb_text _builder_version=&#8221;4.27.4&#8243; _module_preset=&#8221;default&#8221; global_colors_info=&#8221;{}&#8221;]<\/p>\n<p>No presente Aviso Legal, o Utilizador poder\u00e1 encontrar toda a informa\u00e7\u00e3o relativa \u00e0s condi\u00e7\u00f5es legais que definem a rela\u00e7\u00e3o entre os Utilizadores e o respons\u00e1vel pelo sitio Web acess\u00edvel em URL https:\/\/www.zunder.com\/ (doravante, o S\u00edtio Web), que o GRUPO EASYCHARGER SA disponibiliza aos utilizadores da Internet.<\/p>\n<p>A utiliza\u00e7\u00e3o do s\u00edtio web implica a aceita\u00e7\u00e3o plena e sem reservas de todas e cada uma das disposi\u00e7\u00f5es inclu\u00eddas neste Aviso Legal. Consequentemente, o usu\u00e1rio do S\u00edtio Web deve ler atentamente este Aviso Legal cada vez que pretende usar o site, pois o texto pode ser modificado a crit\u00e9rio do propriet\u00e1rio do site, ou devido a uma mudan\u00e7a na legisla\u00e7\u00e3o, jurisprud\u00eancia ou pr\u00e1tica comercial. <\/p>\n<p><strong>1.- DETALHES DO PROPRIET\u00c1RIO DO SITE<\/strong><\/p>\n<p>Nome do anunciante: GRUPO EASYCHARGER SA<\/p>\n<p>Sede social: Plaza Padres Dominicos s\/n 34005 Palencia<\/p>\n<p>C.I.F.: A34277434<\/p>\n<p>Telefone de contato: 979300500<\/p>\n<p>E-mail: <a href=\"mailto:privacidad@zunder.com\">privacidad@zunder.com<\/a><\/p>\n<p>Registrado no Registro Mercantil de Palencia, P\u00e1gina P-7870 Fasc\u00edculo 502 F\u00f3lio 30<\/p>\n<p>O GRUPO EASYCHARGER SA \u00e9 respons\u00e1vel pelo S\u00edtio Web e compromete-se a cumprir todos os requisitos nacionais e europeus que regem a utiliza\u00e7\u00e3o dos dados pessoais dos utilizadores.<\/p>\n<p>Este S\u00edtio Web garante a prote\u00e7\u00e3o e confidencialidade dos dados pessoais que nos s\u00e3o fornecidos de acordo com o disposto no Regulamento Geral sobre a Prote\u00e7\u00e3o de Dados Pessoais (UE) 2016\/679 do Parlamento Europeu e do Conselho, de 27 de abril de 2016, na Lei Org\u00e2nica 3\/2018, sobre a Prote\u00e7\u00e3o de Dados Pessoais e garantia dos direitos digitais, bem como na Lei de Servi\u00e7os da Sociedade da Informa\u00e7\u00e3o e Com\u00e9rcio Eletr\u00f3nico 34\/2002 de 11 de julho (LSSI-CE).<\/p>\n<p><strong>2.- FINALIDADE<\/strong><\/p>\n<p>O S\u00edtio Web proporciona aos utilizadores o acesso a informa\u00e7\u00f5es e servi\u00e7os fornecidos pelo GRUPO EASYCHARGER SA \u00e0s pessoas ou organiza\u00e7\u00f5es interessadas nos mesmos.<\/p>\n<p>O acesso e a utiliza\u00e7\u00e3o do S\u00edtio Web conferem o estatuto de utilizador do S\u00edtio Web (doravante, o &#8220;Utilizador&#8221;) e implicam a aceita\u00e7\u00e3o de todas as condi\u00e7\u00f5es inclu\u00eddas neste Aviso Legal, bem como as suas modifica\u00e7\u00f5es. A presta\u00e7\u00e3o do servi\u00e7o do S\u00edtio Web limita-se ao momento em que o Utilizador est\u00e1 ligado ao S\u00edtio Web ou a qualquer um dos servi\u00e7os que s\u00e3o prestados atrav\u00e9s do mesmo. Por conseguinte, o Utilizador deve ler atentamente o presente Aviso Legal sempre que pretenda utilizar o S\u00edtio Web, uma vez que este e as suas condi\u00e7\u00f5es de utiliza\u00e7\u00e3o estabelecidas no presente Aviso Legal podem ser alterados.  <\/p>\n<p><strong>3.- ACESSO E UTILIZA\u00c7\u00c3O DO S\u00cdTIO WEB<\/strong><\/p>\n<p>3.1.- Livre acesso e utiliza\u00e7\u00e3o do S\u00edtio Web. O acesso ao site \u00e9 gratuito para os seus utilizadores, com exce\u00e7\u00e3o do custo de liga\u00e7\u00e3o atrav\u00e9s da rede de telecomunica\u00e7\u00f5es disponibilizada pelo fornecedor de acesso contratado pelos utilizadores. <\/p>\n<p>3.2.- Registo de utilizador. Em geral, o acesso e utiliza\u00e7\u00e3o do S\u00edtio Web n\u00e3o requer subscri\u00e7\u00e3o ou registo pr\u00e9vio dos seus utilizadores. <\/p>\n<p>3.3.- Os utilizadores garantem e s\u00e3o respons\u00e1veis, em qualquer caso, pela exatid\u00e3o, validade e autenticidade dos dados pessoais fornecidos, comprometendo-se a mant\u00ea-los devidamente atualizados. O usu\u00e1rio concorda em fornecer informa\u00e7\u00f5es completas e corretas no formul\u00e1rio de contato ou assinatura. <\/p>\n<p>No caso de menores de catorze anos, \u00e9 necess\u00e1rio o consentimento dos pais ou tutores para o tratamento dos seus dados pessoais.<\/p>\n<p>Os dados relativos \u00e0 situa\u00e7\u00e3o profissional, econ\u00f3mica ou de privacidade de outros membros da fam\u00edlia n\u00e3o podem, em caso algum, ser recolhidos junto do menor sem o seu consentimento. Se tem menos de catorze anos e acedeu a este S\u00edtio Web sem notificar os seus pais, n\u00e3o deve registar-se como utilizador. <\/p>\n<p>Neste S\u00edtio Web, os dados pessoais dos utilizadores s\u00e3o respeitados e tratados. Como utilizador, deve saber que os seus direitos est\u00e3o garantidos. <\/p>\n<p><strong>4.- CONTE\u00daDOS DO S\u00cdTIO WEB<\/strong><\/p>\n<p>Sem preju\u00edzo do conte\u00fado web fornecido em v\u00e1rios idiomas, o idioma usado pelo propriet\u00e1rio no site ser\u00e1 espanhol e, em caso de discrep\u00e2ncia, prevalecer\u00e1 sobre o resto. O GRUPO EASYCHARGER SA n\u00e3o se responsabiliza pela incapacidade do utilizador de compreender ou compreender a(s) l\u00edngua(s) do S\u00edtio Web, nem pelas suas consequ\u00eancias. <\/p>\n<p>O GRUPO EASYCHARGER SA poder\u00e1 modificar os conte\u00fados sem aviso pr\u00e9vio, bem como apag\u00e1-los e alter\u00e1-los dentro do S\u00edtio Web, bem como a forma como s\u00e3o acedidos, sem qualquer justifica\u00e7\u00e3o e livremente, n\u00e3o se responsabilizando pelas consequ\u00eancias que possam causar aos utilizadores.<\/p>\n<p>\u00c9 proibida a utiliza\u00e7\u00e3o dos conte\u00fados do S\u00edtio Web para promover, contratar ou divulgar publicidade ou informa\u00e7\u00e3o pr\u00f3pria ou de terceiros sem autoriza\u00e7\u00e3o do GRUPO EASYCHARGER SA, nem enviar publicidade ou informa\u00e7\u00e3o utilizando os servi\u00e7os ou informa\u00e7\u00f5es disponibilizados aos utilizadores, independentemente de a utiliza\u00e7\u00e3o ser gratuita ou n\u00e3o.<\/p>\n<p>Os links ou hiperliga\u00e7\u00f5es que terceiros incorporem nas suas p\u00e1ginas web, dirigidos a este S\u00edtio Web, ser\u00e3o para a abertura de todo o S\u00edtio Web, n\u00e3o podendo manifestar, direta ou indiretamente, indica\u00e7\u00f5es falsas, imprecisas ou confusas, nem incorrer em a\u00e7\u00f5es injustas ou il\u00edcitas contra o mesmo.<\/p>\n<p><strong>5.- MEDIDAS DE SEGURAN\u00c7A<\/strong><\/p>\n<p>Os dados pessoais comunicados pelo utilizador poder\u00e3o ser armazenados em bases de dados automatizadas ou n\u00e3o automatizadas, cuja propriedade exclusiva corresponde ao GRUPO EASYCHARGER SA, assumindo todas as medidas t\u00e9cnicas, organizativas e de seguran\u00e7a que garantam a confidencialidade, integridade e qualidade da informa\u00e7\u00e3o nela contida de acordo com o disposto na regulamenta\u00e7\u00e3o em vigor em mat\u00e9ria de prote\u00e7\u00e3o de dados pessoais.<\/p>\n<p><strong>6.- LIMITA\u00c7\u00c3O DE RESPONSABILIDADE<\/strong><\/p>\n<p>Tanto o acesso ao site como o uso n\u00e3o consensual que possa ser feito das informa\u00e7\u00f5es nele contidas s\u00e3o da exclusiva responsabilidade da pessoa que o faz. O GRUPO EASYCHARGER SA n\u00e3o ser\u00e1 respons\u00e1vel por qualquer consequ\u00eancia, dano ou preju\u00edzo que possa advir de tal acesso ou utiliza\u00e7\u00e3o. Tamb\u00e9m n\u00e3o \u00e9 respons\u00e1vel por quaisquer erros de seguran\u00e7a que possam ocorrer ou por quaisquer danos que possam ser causados ao sistema inform\u00e1tico do utilizador (hardware e software), ou aos ficheiros ou documentos armazenados no mesmo, como resultado de:  <\/p>\n<ol>\n<li>a presen\u00e7a de um v\u00edrus no computador do usu\u00e1rio que \u00e9 usado para se conectar aos servi\u00e7os e conte\u00fados do site,<\/li>\n<li>um mau funcionamento do navegador,<\/li>\n<li>e\/ou a utiliza\u00e7\u00e3o de vers\u00f5es n\u00e3o atualizadas do mesmo.<\/li>\n<\/ol>\n<p>O GRUPO EASYCHARGER SA n\u00e3o se responsabiliza pela fiabilidade e rapidez das hiperliga\u00e7\u00f5es que s\u00e3o incorporadas no s\u00edtio web para a abertura de outras. Tamb\u00e9m n\u00e3o garante a utilidade destes links, nem \u00e9 respons\u00e1vel pelos conte\u00fados ou servi\u00e7os a que o utilizador possa aceder atrav\u00e9s desses links, nem pelo bom funcionamento desses sitios webs <\/p>\n<p>O GRUPO EASYCHARGER SA n\u00e3o ser\u00e1 respons\u00e1vel por v\u00edrus ou outros programas inform\u00e1ticos que se deteriorem ou possam deteriorar os sistemas inform\u00e1ticos ou equipamentos dos utilizadores ao aceder ao seu s\u00edtios webs ou a outros sitios webs a que se tenha acedido atrav\u00e9s de links neste s\u00edtios webs.<\/p>\n<p><strong>7.- UTILIZA\u00c7\u00c3O DA TECNOLOGIA &#8220;COOKIE&#8221;<\/strong><\/p>\n<p>O S\u00edtio Web poder\u00e1 utilizar cookies ou tecnologias similares que ser\u00e3o regidos pelo disposto na Pol\u00edtica de Cookies, acess\u00edveis a todo o momento e respeitando a confidencialidade e privacidade do utilizador, sendo parte integrante deste Aviso Legal.<\/p>\n<p><strong>8.- NAVEGA\u00c7\u00c3O<\/strong><\/p>\n<p>Os servidores de Internet podem recolher dados n\u00e3o identific\u00e1veis, que podem incluir endere\u00e7os IP, e outros dados que n\u00e3o podem ser utilizados para identificar o utilizador. O seu endere\u00e7o IP ser\u00e1 armazenado nos registos de acesso automaticamente e com o \u00fanico prop\u00f3sito de permitir o tr\u00e2nsito atrav\u00e9s da Internet, sendo necess\u00e1rio que o seu computador forne\u00e7a esse endere\u00e7o IP ao navegar na Internet para que as comunica\u00e7\u00f5es possam ser feitas. Da mesma forma, o endere\u00e7o IP pode ser usado para compilar estat\u00edsticas, de forma an\u00f3nima, sobre o n\u00famero de visitantes deste site e a sua origem, de uma forma que seja completamente transparente para a sua navega\u00e7\u00e3o.  <\/p>\n<p><strong>9.- PROPRIEDADE INTELECTUAL E INDUSTRIAL<\/strong><\/p>\n<p>O utilizador sabe e aceita que todos os conte\u00fados e\/ou quaisquer outros elementos do sitio web s\u00e3o propriedade do GRUPO EASYCHARGER SA, e compromete-se a respeitar os direitos de propriedade intelectual e industrial detidos pelo mesmo e\/ou por terceiros. Qualquer utiliza\u00e7\u00e3o sitio web ou dos seus conte\u00fados deve ser de natureza exclusivamente privada. <\/p>\n<p>Qualquer outra utiliza\u00e7\u00e3o que envolva a c\u00f3pia, reprodu\u00e7\u00e3o, distribui\u00e7\u00e3o, transforma\u00e7\u00e3o, comunica\u00e7\u00e3o p\u00fablica ou qualquer outra a\u00e7\u00e3o semelhante da totalidade ou de parte dos conte\u00fados do sitio web est\u00e1 reservada exclusivamente ao GRUPO EASYCHARGER SA, pelo que nenhum utilizador poder\u00e1 realizar estas a\u00e7\u00f5es sem a autoriza\u00e7\u00e3o pr\u00e9via por escrito do utilizador.<\/p>\n<p><strong>10.- LEGISLA\u00c7\u00c3O APLIC\u00c1VEL E JURISDI\u00c7\u00c3O COMPETENTE<\/strong><\/p>\n<p>Este Aviso Legal ser\u00e1 interpretado e regido de acordo com a lei espanhola. O GRUPO EASYCHARGER SA e os utilizadores, com ren\u00fancia expressa a qualquer outra jurisdi\u00e7\u00e3o que lhes possa corresponder, submetem-se aos tribunais do domic\u00edlio do utilizador para qualquer lit\u00edgio que possa surgir do acesso ou utiliza\u00e7\u00e3o do. No caso de o utilizador estar domiciliado fora de Espanha, o GRUPO EASYCHARGER SA e o utilizador submetem-se, com ren\u00fancia expressa a qualquer outra jurisdi\u00e7\u00e3o, aos tribunais da cidade de Palencia.<\/p>\n<p>O presente documento est\u00e1 traduzido a v\u00e1rios idiomas para facilidade do utente, n\u00e3o obstante em caso de discrep\u00e2ncia, primar\u00e1 a vers\u00e3o espanhola sobre o resto  <\/p>\n<p>[\/et_pb_text][\/et_pb_column][\/et_pb_row][\/et_pb_section]<\/p>\n","protected":false},"excerpt":{"rendered":"<p>No presente Aviso Legal, o Utilizador poder\u00e1 encontrar toda a informa\u00e7\u00e3o relativa \u00e0s condi\u00e7\u00f5es legais que definem a rela\u00e7\u00e3o entre os Utilizadores e o respons\u00e1vel pelo sitio Web acess\u00edvel em URL https:\/\/www.zunder.com\/ (doravante, o S\u00edtio Web), que o GRUPO EASYCHARGER SA disponibiliza aos utilizadores da Internet. A utiliza\u00e7\u00e3o do s\u00edtio web implica a aceita\u00e7\u00e3o plena [&hellip;]<\/p>\n","protected":false},"author":1,"featured_media":0,"parent":0,"menu_order":0,"comment_status":"closed","ping_status":"closed","template":"","meta":{"_acf_changed":false,"_et_pb_use_builder":"on","_et_pb_old_content":"","_et_gb_content_width":"","inline_featured_image":false,"footnotes":""},"class_list":["post-24315","page","type-page","status-publish","hentry"],"acf":[],"yoast_head":"<!-- This site is optimized with the Yoast SEO plugin v27.4 - https:\/\/yoast.com\/product\/yoast-seo-wordpress\/ -->\n<title>Aviso legal - Zunder<\/title>\n<meta name=\"robots\" content=\"index, follow, max-snippet:-1, max-image-preview:large, max-video-preview:-1\" \/>\n<link rel=\"canonical\" href=\"https:\/\/www.zunder.com\/pt-pt\/aviso-legal\/\" \/>\n<meta property=\"og:locale\" content=\"pt_PT\" \/>\n<meta property=\"og:type\" content=\"article\" \/>\n<meta property=\"og:title\" content=\"Aviso legal - Zunder\" \/>\n<meta property=\"og:description\" content=\"No presente Aviso Legal, o Utilizador poder\u00e1 encontrar toda a informa\u00e7\u00e3o relativa \u00e0s condi\u00e7\u00f5es legais que definem a rela\u00e7\u00e3o entre os Utilizadores e o respons\u00e1vel pelo sitio Web acess\u00edvel em URL https:\/\/www.zunder.com\/ (doravante, o S\u00edtio Web), que o GRUPO EASYCHARGER SA disponibiliza aos utilizadores da Internet. A utiliza\u00e7\u00e3o do s\u00edtio web implica a aceita\u00e7\u00e3o plena [&hellip;]\" \/>\n<meta property=\"og:site_name\" content=\"Zunder\" \/>\n<meta property=\"article:modified_time\" content=\"2025-07-23T08:59:03+00:00\" \/>\n<meta name=\"twitter:card\" content=\"summary_large_image\" \/>\n<meta name=\"twitter:label1\" content=\"Tempo estimado de leitura\" \/>\n\t<meta name=\"twitter:data1\" content=\"9 minutos\" \/>\n<script type=\"application\/ld+json\" class=\"yoast-schema-graph\">{\"@context\":\"https:\\\/\\\/schema.org\",\"@graph\":[{\"@type\":\"WebPage\",\"@id\":\"https:\\\/\\\/www.zunder.com\\\/pt-pt\\\/aviso-legal\\\/\",\"url\":\"https:\\\/\\\/www.zunder.com\\\/pt-pt\\\/aviso-legal\\\/\",\"name\":\"Aviso legal - Zunder\",\"isPartOf\":{\"@id\":\"https:\\\/\\\/www.zunder.com\\\/pt-pt\\\/#website\"},\"datePublished\":\"2023-05-24T10:29:56+00:00\",\"dateModified\":\"2025-07-23T08:59:03+00:00\",\"breadcrumb\":{\"@id\":\"https:\\\/\\\/www.zunder.com\\\/pt-pt\\\/aviso-legal\\\/#breadcrumb\"},\"inLanguage\":\"pt-PT\",\"potentialAction\":[{\"@type\":\"ReadAction\",\"target\":[\"https:\\\/\\\/www.zunder.com\\\/pt-pt\\\/aviso-legal\\\/\"]}]},{\"@type\":\"BreadcrumbList\",\"@id\":\"https:\\\/\\\/www.zunder.com\\\/pt-pt\\\/aviso-legal\\\/#breadcrumb\",\"itemListElement\":[{\"@type\":\"ListItem\",\"position\":1,\"name\":\"Portada\",\"item\":\"https:\\\/\\\/www.zunder.com\\\/pt-pt\\\/\"},{\"@type\":\"ListItem\",\"position\":2,\"name\":\"Aviso legal\"}]},{\"@type\":\"WebSite\",\"@id\":\"https:\\\/\\\/www.zunder.com\\\/pt-pt\\\/#website\",\"url\":\"https:\\\/\\\/www.zunder.com\\\/pt-pt\\\/\",\"name\":\"Zunder\",\"description\":\"Charging Hero\",\"potentialAction\":[{\"@type\":\"SearchAction\",\"target\":{\"@type\":\"EntryPoint\",\"urlTemplate\":\"https:\\\/\\\/www.zunder.com\\\/pt-pt\\\/?s={search_term_string}\"},\"query-input\":{\"@type\":\"PropertyValueSpecification\",\"valueRequired\":true,\"valueName\":\"search_term_string\"}}],\"inLanguage\":\"pt-PT\"}]}<\/script>\n<!-- \/ Yoast SEO plugin. -->","yoast_head_json":{"title":"Aviso legal - Zunder","robots":{"index":"index","follow":"follow","max-snippet":"max-snippet:-1","max-image-preview":"max-image-preview:large","max-video-preview":"max-video-preview:-1"},"canonical":"https:\/\/www.zunder.com\/pt-pt\/aviso-legal\/","og_locale":"pt_PT","og_type":"article","og_title":"Aviso legal - Zunder","og_site_name":"Zunder","article_modified_time":"2025-07-23T08:59:03+00:00","twitter_card":"summary_large_image","twitter_misc":{"Tempo estimado de leitura":"9 minutos"},"schema":{"@context":"https:\/\/schema.org","@graph":[{"@type":"WebPage","@id":"https:\/\/www.zunder.com\/pt-pt\/aviso-legal\/","url":"https:\/\/www.zunder.com\/pt-pt\/aviso-legal\/","name":"Aviso legal - Zunder","isPartOf":{"@id":"https:\/\/www.zunder.com\/pt-pt\/#website"},"datePublished":"2023-05-24T10:29:56+00:00","dateModified":"2025-07-23T08:59:03+00:00","breadcrumb":{"@id":"https:\/\/www.zunder.com\/pt-pt\/aviso-legal\/#breadcrumb"},"inLanguage":"pt-PT","potentialAction":[{"@type":"ReadAction","target":["https:\/\/www.zunder.com\/pt-pt\/aviso-legal\/"]}]},{"@type":"BreadcrumbList","@id":"https:\/\/www.zunder.com\/pt-pt\/aviso-legal\/#breadcrumb","itemListElement":[{"@type":"ListItem","position":1,"name":"Portada","item":"https:\/\/www.zunder.com\/pt-pt\/"},{"@type":"ListItem","position":2,"name":"Aviso legal"}]},{"@type":"WebSite","@id":"https:\/\/www.zunder.com\/pt-pt\/#website","url":"https:\/\/www.zunder.com\/pt-pt\/","name":"Zunder","description":"Charging Hero","potentialAction":[{"@type":"SearchAction","target":{"@type":"EntryPoint","urlTemplate":"https:\/\/www.zunder.com\/pt-pt\/?s={search_term_string}"},"query-input":{"@type":"PropertyValueSpecification","valueRequired":true,"valueName":"search_term_string"}}],"inLanguage":"pt-PT"}]}},"_links":{"self":[{"href":"https:\/\/www.zunder.com\/pt-pt\/wp-json\/wp\/v2\/pages\/24315","targetHints":{"allow":["GET"]}}],"collection":[{"href":"https:\/\/www.zunder.com\/pt-pt\/wp-json\/wp\/v2\/pages"}],"about":[{"href":"https:\/\/www.zunder.com\/pt-pt\/wp-json\/wp\/v2\/types\/page"}],"author":[{"embeddable":true,"href":"https:\/\/www.zunder.com\/pt-pt\/wp-json\/wp\/v2\/users\/1"}],"replies":[{"embeddable":true,"href":"https:\/\/www.zunder.com\/pt-pt\/wp-json\/wp\/v2\/comments?post=24315"}],"version-history":[{"count":9,"href":"https:\/\/www.zunder.com\/pt-pt\/wp-json\/wp\/v2\/pages\/24315\/revisions"}],"predecessor-version":[{"id":43469,"href":"https:\/\/www.zunder.com\/pt-pt\/wp-json\/wp\/v2\/pages\/24315\/revisions\/43469"}],"wp:attachment":[{"href":"https:\/\/www.zunder.com\/pt-pt\/wp-json\/wp\/v2\/media?parent=24315"}],"curies":[{"name":"wp","href":"https:\/\/api.w.org\/{rel}","templated":true}]}}