{"id":34601,"date":"2024-07-03T09:59:31","date_gmt":"2024-07-03T07:59:31","guid":{"rendered":"https:\/\/www.zunder.com\/?page_id=34601"},"modified":"2025-09-23T16:57:24","modified_gmt":"2025-09-23T14:57:24","slug":"imprensa","status":"publish","type":"page","link":"https:\/\/www.zunder.com\/pt-pt\/imprensa\/","title":{"rendered":"Imprensa"},"content":{"rendered":"<p>[et_pb_section fb_built=&#8221;1&#8243; admin_label=&#8221;section&#8221; _builder_version=&#8221;4.16&#8243; min_height=&#8221;33px&#8221; custom_margin=&#8221;||-92px|||&#8221; global_colors_info=&#8221;{}&#8221;][et_pb_row column_structure=&#8221;1_2,1_2&#8243; admin_label=&#8221;row&#8221; _builder_version=&#8221;4.21.0&#8243; background_size=&#8221;initial&#8221; background_position=&#8221;top_left&#8221; background_repeat=&#8221;repeat&#8221; min_height=&#8221;57px&#8221; global_colors_info=&#8221;{}&#8221;][et_pb_column type=&#8221;1_2&#8243; _builder_version=&#8221;4.16&#8243; custom_padding=&#8221;|||&#8221; global_colors_info=&#8221;{}&#8221; custom_padding__hover=&#8221;|||&#8221;][et_pb_text _builder_version=&#8221;4.27.4&#8243; _module_preset=&#8221;default&#8221; text_font=&#8221;&#8211;et_global_heading_font||||||||&#8221; text_font_size=&#8221;66px&#8221; text_line_height=&#8221;2.1em&#8221; width=&#8221;100%&#8221; max_width=&#8221;100%&#8221; module_alignment=&#8221;left&#8221; max_height=&#8221;1000px&#8221; custom_margin=&#8221;60px||8px||false|false&#8221; global_colors_info=&#8221;{}&#8221;]<\/p>\n<h1>Imprensa<\/h1>\n<p>[\/et_pb_text][\/et_pb_column][et_pb_column type=&#8221;1_2&#8243; _builder_version=&#8221;4.16&#8243; custom_padding=&#8221;|||&#8221; global_colors_info=&#8221;{}&#8221; custom_padding__hover=&#8221;|||&#8221;][et_pb_icon font_icon=&#8221;&#x62;||divi||400&#8243; _builder_version=&#8221;4.27.4&#8243; _module_preset=&#8221;default&#8221; global_colors_info=&#8221;{}&#8221;][\/et_pb_icon][et_pb_button button_url=&#8221;https:\/\/www.zunder.com\/wp-content\/uploads\/2025\/09\/PT_Dossier_Prensa_SEPT.pdf&#8221; button_text=&#8221;Dossier Impresa 2025&#8243; button_alignment=&#8221;center&#8221; _builder_version=&#8221;4.27.4&#8243; _module_preset=&#8221;default&#8221; button_icon=&#8221;&#xe092;||divi||400&#8243; button_icon_color=&#8221;#191B41&#8243; button_icon_placement=&#8221;left&#8221; button_on_hover=&#8221;off&#8221; box_shadow_style=&#8221;preset2&#8243; box_shadow_color=&#8221;#5CCBF9&#8243; global_colors_info=&#8221;{}&#8221;][\/et_pb_button][\/et_pb_column][\/et_pb_row][\/et_pb_section][et_pb_section fb_built=&#8221;1&#8243; _builder_version=&#8221;4.21.0&#8243; _module_preset=&#8221;default&#8221; global_colors_info=&#8221;{}&#8221;][et_pb_row column_structure=&#8221;1_4,1_4,1_4,1_4&#8243; _builder_version=&#8221;4.21.0&#8243; _module_preset=&#8221;default&#8221; global_colors_info=&#8221;{}&#8221;][et_pb_column type=&#8221;1_4&#8243; _builder_version=&#8221;4.21.0&#8243; _module_preset=&#8221;default&#8221; global_colors_info=&#8221;{}&#8221;][et_pb_image src=&#8221;https:\/\/www.zunder.com\/wp-content\/uploads\/2024\/07\/SantanderZunder.png&#8221; title_text=&#8221;Santander&#038;Zunder&#8221; _builder_version=&#8221;4.21.0&#8243; _module_preset=&#8221;default&#8221; global_colors_info=&#8221;{}&#8221;][\/et_pb_image][et_pb_text _builder_version=&#8221;4.27.4&#8243; _module_preset=&#8221;default&#8221; custom_margin=&#8221;-15px||8px||false|false&#8221; global_colors_info=&#8221;{}&#8221;]<\/p>\n<div class=\"page\" title=\"Page 1\">\n<div class=\"section\">\n<div class=\"layoutArea\">\n<h4 class=\"column\" style=\"text-align: center;\">Zunder obte\u0301m empre\u0301stimo verde de 225 milho\u0303es para financiar plano de expansa\u0303o<\/h4>\n<\/div>\n<\/div>\n<\/div>\n<p>[\/et_pb_text][et_pb_button button_url=&#8221;https:\/\/www.zunder.com\/wp-content\/uploads\/2024\/07\/PR-ZUNDER-BancoSantanderPT.pdf&#8221; button_text=&#8221;Descarregar PDF&#8221; button_alignment=&#8221;center&#8221; _builder_version=&#8221;4.27.4&#8243; _module_preset=&#8221;default&#8221; custom_button=&#8221;on&#8221; button_text_size=&#8221;16px&#8221; button_text_color=&#8221;#191B41&#8243; button_icon=&#8221;&#xe092;||divi||400&#8243; button_icon_color=&#8221;#191B41&#8243; button_icon_placement=&#8221;left&#8221; button_on_hover=&#8221;off&#8221; global_colors_info=&#8221;{}&#8221;][\/et_pb_button][\/et_pb_column][et_pb_column type=&#8221;1_4&#8243; _builder_version=&#8221;4.21.0&#8243; _module_preset=&#8221;default&#8221; global_colors_info=&#8221;{}&#8221;][et_pb_image src=&#8221;https:\/\/www.zunder.com\/wp-content\/uploads\/2024\/03\/Frame-160-2.png&#8221; title_text=&#8221;Frame 160&#8243; _builder_version=&#8221;4.21.0&#8243; _module_preset=&#8221;default&#8221; global_colors_info=&#8221;{}&#8221;][\/et_pb_image][et_pb_text _builder_version=&#8221;4.27.4&#8243; _module_preset=&#8221;default&#8221; custom_margin=&#8221;-15px||8px||false|false&#8221; global_colors_info=&#8221;{}&#8221;]<\/p>\n<div class=\"page\" title=\"Page 1\">\n<div class=\"section\">\n<div class=\"layoutArea\">\n<div class=\"column\">\n<div class=\"page\" title=\"Page 1\">\n<div class=\"section\">\n<div class=\"layoutArea\">\n<div class=\"column\">\n<h4 style=\"text-align: center;\">Zunder cresce em Portugal e ja\u0301 e\u0301 possi\u0301vel utilizar sua App em territo\u0301rio nacional, bem como em toda a Europa<\/h4>\n<\/div>\n<\/div>\n<\/div>\n<\/div>\n<\/div>\n<\/div>\n<\/div>\n<\/div>\n<p>[\/et_pb_text][et_pb_button button_url=&#8221;https:\/\/www.zunder.com\/wp-content\/uploads\/2024\/07\/PT_ZUNDER-EMSP-en-Portugal.pdf&#8221; button_text=&#8221;Descarregar PDF&#8221; button_alignment=&#8221;center&#8221; _builder_version=&#8221;4.27.4&#8243; _module_preset=&#8221;default&#8221; custom_button=&#8221;on&#8221; button_text_size=&#8221;16px&#8221; button_text_color=&#8221;#191B41&#8243; button_icon=&#8221;&#xe092;||divi||400&#8243; button_icon_color=&#8221;#191B41&#8243; button_icon_placement=&#8221;left&#8221; button_on_hover=&#8221;off&#8221; global_colors_info=&#8221;{}&#8221;][\/et_pb_button][\/et_pb_column][et_pb_column type=&#8221;1_4&#8243; _builder_version=&#8221;4.21.0&#8243; _module_preset=&#8221;default&#8221; global_colors_info=&#8221;{}&#8221;][et_pb_image src=&#8221;https:\/\/www.zunder.com\/wp-content\/uploads\/2024\/12\/Captura-de-pantalla-2024-12-26-a-las-12.18.45.png&#8221; title_text=&#8221;Captura de pantalla 2024-12-26 a las 12.18.45&#8243; _builder_version=&#8221;4.27.4&#8243; _module_preset=&#8221;default&#8221; global_colors_info=&#8221;{}&#8221;][\/et_pb_image][et_pb_text _builder_version=&#8221;4.27.4&#8243; _module_preset=&#8221;default&#8221; custom_margin=&#8221;-17px||8px||false|false&#8221; global_colors_info=&#8221;{}&#8221;]<\/p>\n<div class=\"page\" title=\"Page 1\">\n<div class=\"section\">\n<div class=\"layoutArea\">\n<div class=\"column\">\n<div class=\"page\" title=\"Page 1\">\n<div class=\"section\">\n<div class=\"layoutArea\">\n<div class=\"column\">\n<h4 style=\"text-align: center;\">Zunder consolida a sua presen\u00e7a em Portugal como CEME e como gestor de pontos de carregamento este 2024<\/h4>\n<\/div>\n<\/div>\n<\/div>\n<\/div>\n<\/div>\n<\/div>\n<\/div>\n<\/div>\n<p>[\/et_pb_text][et_pb_button button_url=&#8221;https:\/\/www.zunder.com\/wp-content\/uploads\/2024\/12\/Np_PT_Zunder_2024.pdf&#8221; button_text=&#8221;Descarregar PDF&#8221; button_alignment=&#8221;center&#8221; _builder_version=&#8221;4.27.4&#8243; _module_preset=&#8221;default&#8221; custom_button=&#8221;on&#8221; button_text_size=&#8221;16px&#8221; button_text_color=&#8221;#191B41&#8243; button_icon=&#8221;&#xe092;||divi||400&#8243; button_icon_color=&#8221;#191B41&#8243; button_icon_placement=&#8221;left&#8221; button_on_hover=&#8221;off&#8221; global_colors_info=&#8221;{}&#8221;][\/et_pb_button][\/et_pb_column][et_pb_column type=&#8221;1_4&#8243; _builder_version=&#8221;4.21.0&#8243; _module_preset=&#8221;default&#8221; global_colors_info=&#8221;{}&#8221;][et_pb_image src=&#8221;https:\/\/www.zunder.com\/wp-content\/uploads\/2025\/09\/Zunder_usuarios-1-scaled.png&#8221; title_text=&#8221;Zunder_usuarios&#8221; _builder_version=&#8221;4.27.4&#8243; _module_preset=&#8221;default&#8221; hover_enabled=&#8221;0&#8243; global_colors_info=&#8221;{}&#8221; force_fullwidth=&#8221;on&#8221; max_height=&#8221;1000px&#8221; height=&#8221;180px&#8221; sticky_enabled=&#8221;0&#8243;][\/et_pb_image][et_pb_text _builder_version=&#8221;4.27.4&#8243; _module_preset=&#8221;default&#8221; custom_margin=&#8221;-17px||8px||false|false&#8221; global_colors_info=&#8221;{}&#8221;]<\/p>\n<div class=\"page\" title=\"Page 1\">\n<div class=\"section\">\n<div class=\"layoutArea\">\n<div class=\"column\">\n<div class=\"page\" title=\"Page 1\">\n<div class=\"section\">\n<div class=\"layoutArea\">\n<div class=\"column\">\n<h4 style=\"text-align: center;\">A mobilidade el\u00e9trica em Portugal acelera: Zunder refor\u00e7a a sua lideran\u00e7a no Dia Mundial do Ve\u00edculo El\u00e9trico<\/h4>\n<\/div>\n<\/div>\n<\/div>\n<\/div>\n<\/div>\n<\/div>\n<\/div>\n<\/div>\n<p>[\/et_pb_text][et_pb_button button_url=&#8221;https:\/\/www.zunder.com\/wp-content\/uploads\/2025\/09\/Ndp_Zunder-Portugal79.pdf&#8221; button_text=&#8221;Descarregar PDF&#8221; button_alignment=&#8221;center&#8221; _builder_version=&#8221;4.27.4&#8243; _module_preset=&#8221;default&#8221; custom_button=&#8221;on&#8221; button_text_size=&#8221;16px&#8221; button_text_color=&#8221;#191B41&#8243; button_icon=&#8221;&#xe092;||divi||400&#8243; button_icon_color=&#8221;#191B41&#8243; button_icon_placement=&#8221;left&#8221; button_on_hover=&#8221;off&#8221; global_colors_info=&#8221;{}&#8221;][\/et_pb_button][\/et_pb_column][\/et_pb_row][\/et_pb_section]<\/p>\n","protected":false},"excerpt":{"rendered":"<p>Imprensa Zunder obte\u0301m empre\u0301stimo verde de 225 milho\u0303es para financiar plano de expansa\u0303o Zunder cresce em Portugal e ja\u0301 e\u0301 possi\u0301vel utilizar sua App em territo\u0301rio nacional, bem como em toda a Europa Zunder consolida a sua presen\u00e7a em Portugal como CEME e como gestor de pontos de carregamento este 2024 A mobilidade el\u00e9trica em [&hellip;]<\/p>\n","protected":false},"author":1,"featured_media":0,"parent":0,"menu_order":0,"comment_status":"closed","ping_status":"closed","template":"","meta":{"_acf_changed":false,"_et_pb_use_builder":"on","_et_pb_old_content":"","_et_gb_content_width":"","inline_featured_image":false,"footnotes":""},"class_list":["post-34601","page","type-page","status-publish","hentry"],"acf":[],"yoast_head":"<!-- This site is optimized with the Yoast SEO plugin v27.4 - https:\/\/yoast.com\/product\/yoast-seo-wordpress\/ -->\n<title>Imprensa - Zunder<\/title>\n<meta name=\"robots\" content=\"index, follow, max-snippet:-1, max-image-preview:large, max-video-preview:-1\" \/>\n<link rel=\"canonical\" href=\"https:\/\/www.zunder.com\/pt-pt\/imprensa\/\" \/>\n<meta property=\"og:locale\" content=\"pt_PT\" \/>\n<meta property=\"og:type\" content=\"article\" \/>\n<meta property=\"og:title\" content=\"Imprensa - Zunder\" \/>\n<meta property=\"og:description\" content=\"Imprensa Zunder obte\u0301m empre\u0301stimo verde de 225 milho\u0303es para financiar plano de expansa\u0303o Zunder cresce em Portugal e ja\u0301 e\u0301 possi\u0301vel utilizar sua App em territo\u0301rio nacional, bem como em toda a Europa Zunder consolida a sua presen\u00e7a em Portugal como CEME e como gestor de pontos de carregamento este 2024 A mobilidade el\u00e9trica em [&hellip;]\" \/>\n<meta property=\"og:site_name\" content=\"Zunder\" \/>\n<meta property=\"article:modified_time\" content=\"2025-09-23T14:57:24+00:00\" \/>\n<meta name=\"twitter:card\" content=\"summary_large_image\" \/>\n<meta name=\"twitter:label1\" content=\"Tempo estimado de leitura\" \/>\n\t<meta name=\"twitter:data1\" content=\"1 minuto\" \/>\n<script type=\"application\/ld+json\" class=\"yoast-schema-graph\">{\"@context\":\"https:\\\/\\\/schema.org\",\"@graph\":[{\"@type\":\"WebPage\",\"@id\":\"https:\\\/\\\/www.zunder.com\\\/pt-pt\\\/imprensa\\\/\",\"url\":\"https:\\\/\\\/www.zunder.com\\\/pt-pt\\\/imprensa\\\/\",\"name\":\"Imprensa - Zunder\",\"isPartOf\":{\"@id\":\"https:\\\/\\\/www.zunder.com\\\/pt-pt\\\/#website\"},\"datePublished\":\"2024-07-03T07:59:31+00:00\",\"dateModified\":\"2025-09-23T14:57:24+00:00\",\"breadcrumb\":{\"@id\":\"https:\\\/\\\/www.zunder.com\\\/pt-pt\\\/imprensa\\\/#breadcrumb\"},\"inLanguage\":\"pt-PT\",\"potentialAction\":[{\"@type\":\"ReadAction\",\"target\":[\"https:\\\/\\\/www.zunder.com\\\/pt-pt\\\/imprensa\\\/\"]}]},{\"@type\":\"BreadcrumbList\",\"@id\":\"https:\\\/\\\/www.zunder.com\\\/pt-pt\\\/imprensa\\\/#breadcrumb\",\"itemListElement\":[{\"@type\":\"ListItem\",\"position\":1,\"name\":\"Portada\",\"item\":\"https:\\\/\\\/www.zunder.com\\\/pt-pt\\\/\"},{\"@type\":\"ListItem\",\"position\":2,\"name\":\"Imprensa\"}]},{\"@type\":\"WebSite\",\"@id\":\"https:\\\/\\\/www.zunder.com\\\/pt-pt\\\/#website\",\"url\":\"https:\\\/\\\/www.zunder.com\\\/pt-pt\\\/\",\"name\":\"Zunder\",\"description\":\"Charging Hero\",\"potentialAction\":[{\"@type\":\"SearchAction\",\"target\":{\"@type\":\"EntryPoint\",\"urlTemplate\":\"https:\\\/\\\/www.zunder.com\\\/pt-pt\\\/?s={search_term_string}\"},\"query-input\":{\"@type\":\"PropertyValueSpecification\",\"valueRequired\":true,\"valueName\":\"search_term_string\"}}],\"inLanguage\":\"pt-PT\"}]}<\/script>\n<!-- \/ Yoast SEO plugin. -->","yoast_head_json":{"title":"Imprensa - Zunder","robots":{"index":"index","follow":"follow","max-snippet":"max-snippet:-1","max-image-preview":"max-image-preview:large","max-video-preview":"max-video-preview:-1"},"canonical":"https:\/\/www.zunder.com\/pt-pt\/imprensa\/","og_locale":"pt_PT","og_type":"article","og_title":"Imprensa - Zunder","og_site_name":"Zunder","article_modified_time":"2025-09-23T14:57:24+00:00","twitter_card":"summary_large_image","twitter_misc":{"Tempo estimado de leitura":"1 minuto"},"schema":{"@context":"https:\/\/schema.org","@graph":[{"@type":"WebPage","@id":"https:\/\/www.zunder.com\/pt-pt\/imprensa\/","url":"https:\/\/www.zunder.com\/pt-pt\/imprensa\/","name":"Imprensa - Zunder","isPartOf":{"@id":"https:\/\/www.zunder.com\/pt-pt\/#website"},"datePublished":"2024-07-03T07:59:31+00:00","dateModified":"2025-09-23T14:57:24+00:00","breadcrumb":{"@id":"https:\/\/www.zunder.com\/pt-pt\/imprensa\/#breadcrumb"},"inLanguage":"pt-PT","potentialAction":[{"@type":"ReadAction","target":["https:\/\/www.zunder.com\/pt-pt\/imprensa\/"]}]},{"@type":"BreadcrumbList","@id":"https:\/\/www.zunder.com\/pt-pt\/imprensa\/#breadcrumb","itemListElement":[{"@type":"ListItem","position":1,"name":"Portada","item":"https:\/\/www.zunder.com\/pt-pt\/"},{"@type":"ListItem","position":2,"name":"Imprensa"}]},{"@type":"WebSite","@id":"https:\/\/www.zunder.com\/pt-pt\/#website","url":"https:\/\/www.zunder.com\/pt-pt\/","name":"Zunder","description":"Charging Hero","potentialAction":[{"@type":"SearchAction","target":{"@type":"EntryPoint","urlTemplate":"https:\/\/www.zunder.com\/pt-pt\/?s={search_term_string}"},"query-input":{"@type":"PropertyValueSpecification","valueRequired":true,"valueName":"search_term_string"}}],"inLanguage":"pt-PT"}]}},"_links":{"self":[{"href":"https:\/\/www.zunder.com\/pt-pt\/wp-json\/wp\/v2\/pages\/34601","targetHints":{"allow":["GET"]}}],"collection":[{"href":"https:\/\/www.zunder.com\/pt-pt\/wp-json\/wp\/v2\/pages"}],"about":[{"href":"https:\/\/www.zunder.com\/pt-pt\/wp-json\/wp\/v2\/types\/page"}],"author":[{"embeddable":true,"href":"https:\/\/www.zunder.com\/pt-pt\/wp-json\/wp\/v2\/users\/1"}],"replies":[{"embeddable":true,"href":"https:\/\/www.zunder.com\/pt-pt\/wp-json\/wp\/v2\/comments?post=34601"}],"version-history":[{"count":20,"href":"https:\/\/www.zunder.com\/pt-pt\/wp-json\/wp\/v2\/pages\/34601\/revisions"}],"predecessor-version":[{"id":44135,"href":"https:\/\/www.zunder.com\/pt-pt\/wp-json\/wp\/v2\/pages\/34601\/revisions\/44135"}],"wp:attachment":[{"href":"https:\/\/www.zunder.com\/pt-pt\/wp-json\/wp\/v2\/media?parent=34601"}],"curies":[{"name":"wp","href":"https:\/\/api.w.org\/{rel}","templated":true}]}}